{"id":50024,"date":"2025-09-21T00:02:20","date_gmt":"2025-09-20T17:02:20","guid":{"rendered":"https:\/\/quitgolf.vn\/?post_type=product&#038;p=50024"},"modified":"2025-09-21T00:04:04","modified_gmt":"2025-09-20T17:04:04","slug":"https-quitgolf-vn-san-pham-bong-golf-callaway-chrome-soft","status":"publish","type":"product","link":"https:\/\/quitgolf.vn\/en\/product\/https-quitgolf-vn-san-pham-bong-golf-callaway-chrome-soft\/","title":{"rendered":"B\u00f3ng Golf Callaway Chrome Soft Ch\u00ednh H\u00e3ng (12 B\u00f3ng)"},"content":{"rendered":"<p data-start=\"348\" data-end=\"712\">B\u00f3ng golf Callaway Chrome Soft ch\u00ednh h\u00e3ng t\u1ea1i QuitGolf. T\u1ed1c \u0111\u1ed9 cao, kho\u1ea3ng c\u00e1ch xa, c\u1ea3m gi\u00e1c m\u1ec1m m\u1ea1i, spin \u1ed5n \u0111\u1ecbnh. Mua ngay \u0111\u1ec3 nh\u1eadn \u01b0u \u0111\u00e3i!<\/p>\n<p data-start=\"348\" data-end=\"712\">B\u00f3ng golf <strong data-start=\"358\" data-end=\"382\">Callaway Chrome Soft<\/strong> hi\u1ec7n l\u00e0 m\u1ed9t trong nh\u1eefng l\u1ef1a ch\u1ecdn h\u00e0ng \u0111\u1ea7u cho golfer nh\u1edd s\u1ef1 c\u00e2n b\u1eb1ng ho\u00e0n h\u1ea3o gi\u1eefa <strong data-start=\"466\" data-end=\"521\">t\u1ed1c \u0111\u1ed9, kho\u1ea3ng c\u00e1ch, c\u1ea3m gi\u00e1c v\u00e0 kh\u1ea3 n\u0103ng ki\u1ec3m so\u00e1t<\/strong>. V\u1edbi c\u00f4ng ngh\u1ec7 l\u00f5i Hyper-Elastic SoftFast Core, v\u1ecf Urethane cao c\u1ea5p v\u00e0 thi\u1ebft k\u1ebf kh\u00ed \u0111\u1ed9ng h\u1ecdc Tour Aero, Chrome Soft mang l\u1ea1i hi\u1ec7u su\u1ea5t v\u01b0\u1ee3t tr\u1ed9i t\u1eeb c\u00fa ph\u00e1t b\u00f3ng \u0111\u1ebfn short game quanh green.<\/p>\n<p data-start=\"714\" data-end=\"853\">T\u1ea1i <strong data-start=\"718\" data-end=\"730\">QuitGolf<\/strong>, ch\u00fang t\u00f4i cam k\u1ebft mang \u0111\u1ebfn cho b\u1ea1n s\u1ea3n ph\u1ea9m ch\u00ednh h\u00e3ng v\u1edbi ch\u1ea5t l\u01b0\u1ee3ng t\u1ed1t nh\u1ea5t, gi\u00fap n\u00e2ng t\u1ea7m tr\u1ea3i nghi\u1ec7m golf c\u1ee7a b\u1ea1n.<\/p>\n<hr data-start=\"855\" data-end=\"858\" \/>\n<h2 data-start=\"860\" data-end=\"906\">\u0110\u1eb7c \u0111i\u1ec3m n\u1ed5i b\u1eadt c\u1ee7a B\u00f3ng Golf Callaway Chrome Soft<\/h2>\n<ul data-start=\"907\" data-end=\"1465\">\n<li data-start=\"907\" data-end=\"1018\">\n<p data-start=\"909\" data-end=\"1018\"><strong data-start=\"909\" data-end=\"944\">L\u00f5i Hyper-Elastic SoftFast Core<\/strong>: T\u0103ng t\u1ed1c \u0111\u1ed9 ph\u00e1t b\u00f3ng nh\u01b0ng v\u1eabn gi\u1eef c\u1ea3m gi\u00e1c m\u1ec1m m\u1ea1i khi ti\u1ebfp x\u00fac g\u1eady.<\/p>\n<\/li>\n<li data-start=\"1019\" data-end=\"1113\">\n<p data-start=\"1021\" data-end=\"1113\"><strong data-start=\"1021\" data-end=\"1044\">V\u1ecf Urethane cao c\u1ea5p<\/strong>: T\u0103ng \u0111\u1ed9 b\u1ec1n, h\u1ed7 tr\u1ee3 spin v\u00e0 mang l\u1ea1i c\u1ea3m gi\u00e1c t\u1ed1t h\u01a1n tr\u00ean green.<\/p>\n<\/li>\n<li data-start=\"1114\" data-end=\"1220\">\n<p data-start=\"1116\" data-end=\"1220\"><strong data-start=\"1116\" data-end=\"1149\">Kh\u00ed \u0111\u1ed9ng h\u1ecdc Tour Aero Dimple<\/strong>: Gi\u00fap b\u00f3ng bay xa h\u01a1n, \u1ed5n \u0111\u1ecbnh h\u01a1n ngay c\u1ea3 trong \u0111i\u1ec1u ki\u1ec7n gi\u00f3 m\u1ea1nh.<\/p>\n<\/li>\n<li data-start=\"1221\" data-end=\"1340\">\n<p data-start=\"1223\" data-end=\"1340\"><strong data-start=\"1223\" data-end=\"1257\">C\u1ea3m gi\u00e1c m\u1ec1m m\u1ea1i nh\u01b0ng m\u1ea1nh m\u1ebd<\/strong>: Mang \u0111\u1ebfn s\u1ef1 \u00eam \u00e1i cho short game, \u0111\u1ed3ng th\u1eddi gi\u1eef kho\u1ea3ng c\u00e1ch t\u1ed1i \u01b0u \u1edf long game.<\/p>\n<\/li>\n<li data-start=\"1341\" data-end=\"1465\">\n<p data-start=\"1343\" data-end=\"1465\"><strong data-start=\"1343\" data-end=\"1376\">Ph\u00f9 h\u1ee3p nhi\u1ec1u tr\u00ecnh \u0111\u1ed9 golfer<\/strong>: T\u1eeb trung c\u1ea5p \u0111\u1ebfn chuy\u00ean nghi\u1ec7p, \u0111\u1eb7c bi\u1ec7t l\u00e0 golfer c\u00f3 swing speed trung b\u00ecnh \u2013 nhanh.<\/p>\n<\/li>\n<\/ul>\n<hr data-start=\"1467\" data-end=\"1470\" \/>\n<h2 data-start=\"1472\" data-end=\"1524\">T\u1ea1i sao ch\u1ecdn B\u00f3ng Golf Callaway Chrome Soft t\u1ea1i QuitGolf?<\/h2>\n<ul data-start=\"1525\" data-end=\"1713\">\n<li data-start=\"1525\" data-end=\"1572\">\n<p data-start=\"1527\" data-end=\"1572\">\u2705 S\u1ea3n ph\u1ea9m <strong data-start=\"1538\" data-end=\"1557\">ch\u00ednh h\u00e3ng 100%<\/strong> t\u1eeb Callaway.<\/p>\n<\/li>\n<li data-start=\"1573\" data-end=\"1621\">\n<p data-start=\"1575\" data-end=\"1621\">\u2705 Gi\u00e1 b\u00e1n c\u1ea1nh tranh, nhi\u1ec1u \u01b0u \u0111\u00e3i \u0111\u1eb7c bi\u1ec7t.<\/p>\n<\/li>\n<li data-start=\"1622\" data-end=\"1674\">\n<p data-start=\"1624\" data-end=\"1674\">\u2705 H\u1ed7 tr\u1ee3 t\u01b0 v\u1ea5n ch\u1ecdn b\u00f3ng golf ph\u00f9 h\u1ee3p tr\u00ecnh \u0111\u1ed9.<\/p>\n<\/li>\n<li data-start=\"1675\" data-end=\"1713\">\n<p data-start=\"1677\" data-end=\"1713\">\u2705 Giao h\u00e0ng nhanh ch\u00f3ng to\u00e0n qu\u1ed1c.<\/p>\n<\/li>\n<\/ul>\n<hr data-start=\"1715\" data-end=\"1718\" \/>\n<h2 data-start=\"1720\" data-end=\"1733\"><\/h2>\n<p data-start=\"1734\" data-end=\"1949\">N\u1ebfu b\u1ea1n \u0111ang t\u00ecm m\u1ed9t qu\u1ea3 b\u00f3ng golf <strong data-start=\"1769\" data-end=\"1806\">cao c\u1ea5p, \u0111a n\u0103ng v\u00e0 hi\u1ec7u su\u1ea5t cao<\/strong>, th\u00ec <strong data-start=\"1812\" data-end=\"1836\">Callaway Chrome Soft<\/strong> t\u1ea1i <strong data-start=\"1841\" data-end=\"1853\">QuitGolf<\/strong> ch\u00ednh l\u00e0 l\u1ef1a ch\u1ecdn ho\u00e0n h\u1ea3o.<\/p>\n<p data-start=\"1734\" data-end=\"1949\"><br data-start=\"1881\" data-end=\"1884\" \/>\ud83d\udc49 <em data-start=\"1887\" data-end=\"1947\">\u0110\u1eb7t h\u00e0ng ngay h\u00f4m nay \u0111\u1ec3 nh\u1eadn \u01b0u \u0111\u00e3i \u0111\u1eb7c bi\u1ec7t t\u1eeb QuitGolf!<\/em><\/p>\n<p>&nbsp;<\/p>","protected":false},"excerpt":{"rendered":"<ul>\n<li data-start=\"1998\" data-end=\"2068\">\n<p data-start=\"2000\" data-end=\"2068\">L\u00f5i <strong data-start=\"2004\" data-end=\"2035\">Hyper-Elastic SoftFast Core<\/strong> cho t\u1ed1c \u0111\u1ed9 &amp; c\u1ea3m gi\u00e1c m\u1ec1m m\u1ea1i.<\/p>\n<\/li>\n<li data-start=\"2069\" data-end=\"2122\">\n<p data-start=\"2071\" data-end=\"2122\">V\u1ecf <strong data-start=\"2074\" data-end=\"2094\">Urethane cao c\u1ea5p<\/strong>, b\u1ec1n b\u1ec9, h\u1ed7 tr\u1ee3 spin t\u1ed1t.<\/p>\n<\/li>\n<li data-start=\"2123\" data-end=\"2187\">\n<p data-start=\"2125\" data-end=\"2187\">Thi\u1ebft k\u1ebf <strong data-start=\"2134\" data-end=\"2154\">Tour Aero Dimple<\/strong> t\u1ed1i \u01b0u \u0111\u01b0\u1eddng bay xa &amp; \u1ed5n \u0111\u1ecbnh.<\/p>\n<\/li>\n<li data-start=\"2188\" data-end=\"2245\">\n<p data-start=\"2190\" data-end=\"2245\">Ph\u00f9 h\u1ee3p golfer c\u00f3 <strong data-start=\"2208\" data-end=\"2242\">swing speed trung b\u00ecnh \u2013 nhanh<\/strong>.<\/p>\n<\/li>\n<li data-start=\"2246\" data-end=\"2305\">\n<p data-start=\"2248\" data-end=\"2305\">L\u00fd t\u01b0\u1edfng cho <strong data-start=\"2261\" data-end=\"2302\">c\u1ea3 luy\u1ec7n t\u1eadp v\u00e0 thi \u0111\u1ea5u chuy\u00ean nghi\u1ec7p<\/strong>.<\/p>\n<\/li>\n<\/ul>","protected":false},"featured_media":50025,"comment_status":"closed","ping_status":"closed","template":"","meta":{"rank_math_lock_modified_date":false},"product_brand":[781],"product_cat":[912],"product_tag":[242,234],"class_list":{"0":"post-50024","1":"product","2":"type-product","3":"status-publish","4":"has-post-thumbnail","6":"product_brand-callaway","7":"product_cat-callaway","8":"product_tag-bong-golf","9":"product_tag-callaway","11":"first","12":"instock","13":"taxable","14":"shipping-taxable","15":"purchasable","16":"product-type-simple"},"_links":{"self":[{"href":"https:\/\/quitgolf.vn\/en\/wp-json\/wp\/v2\/product\/50024","targetHints":{"allow":["GET"]}}],"collection":[{"href":"https:\/\/quitgolf.vn\/en\/wp-json\/wp\/v2\/product"}],"about":[{"href":"https:\/\/quitgolf.vn\/en\/wp-json\/wp\/v2\/types\/product"}],"replies":[{"embeddable":true,"href":"https:\/\/quitgolf.vn\/en\/wp-json\/wp\/v2\/comments?post=50024"}],"wp:featuredmedia":[{"embeddable":true,"href":"https:\/\/quitgolf.vn\/en\/wp-json\/wp\/v2\/media\/50025"}],"wp:attachment":[{"href":"https:\/\/quitgolf.vn\/en\/wp-json\/wp\/v2\/media?parent=50024"}],"wp:term":[{"taxonomy":"product_brand","embeddable":true,"href":"https:\/\/quitgolf.vn\/en\/wp-json\/wp\/v2\/product_brand?post=50024"},{"taxonomy":"product_cat","embeddable":true,"href":"https:\/\/quitgolf.vn\/en\/wp-json\/wp\/v2\/product_cat?post=50024"},{"taxonomy":"product_tag","embeddable":true,"href":"https:\/\/quitgolf.vn\/en\/wp-json\/wp\/v2\/product_tag?post=50024"}],"curies":[{"name":"wp","href":"https:\/\/api.w.org\/{rel}","templated":true}]}}