{"id":50036,"date":"2025-09-21T00:14:05","date_gmt":"2025-09-20T17:14:05","guid":{"rendered":"https:\/\/quitgolf.vn\/?post_type=product&#038;p=50036"},"modified":"2025-09-21T00:29:15","modified_gmt":"2025-09-20T17:29:15","slug":"bong-golf-callaway-chrome-tour-3-bong","status":"publish","type":"product","link":"https:\/\/quitgolf.vn\/en\/product\/bong-golf-callaway-chrome-tour-3-bong\/","title":{"rendered":"B\u00f3ng Golf Callaway Chrome Tour ( 3 b\u00f3ng )"},"content":{"rendered":"<h2 data-start=\"385\" data-end=\"409\">Gi\u1edbi thi\u1ec7u s\u1ea3n ph\u1ea9m<\/h2>\n<p data-start=\"410\" data-end=\"753\">B\u00f3ng golf <strong data-start=\"420\" data-end=\"444\">Callaway Chrome Tour<\/strong> l\u00e0 d\u00f2ng b\u00f3ng cao c\u1ea5p \u0111\u01b0\u1ee3c thi\u1ebft k\u1ebf d\u00e0nh ri\u00eang cho golfer mong mu\u1ed1n <strong data-start=\"512\" data-end=\"577\">t\u1ed1c \u0111\u1ed9 v\u01b0\u1ee3t tr\u1ed9i, spin t\u1ed1i \u01b0u v\u00e0 kh\u1ea3 n\u0103ng ki\u1ec3m so\u00e1t ch\u00ednh x\u00e1c<\/strong>. V\u1edbi c\u00f4ng ngh\u1ec7 hi\u1ec7n \u0111\u1ea1i c\u00f9ng thi\u1ebft k\u1ebf nhi\u1ec1u l\u1edbp, Chrome Tour mang l\u1ea1i s\u1ef1 \u1ed5n \u0111\u1ecbnh tuy\u1ec7t v\u1eddi trong c\u00fa ph\u00e1t b\u00f3ng, \u0111\u1ed3ng th\u1eddi t\u0103ng c\u01b0\u1eddng \u0111\u1ed9 xo\u00e1y khi x\u1eed l\u00fd short game quanh green.<\/p>\n<p data-start=\"755\" data-end=\"896\">T\u1ea1i <strong data-start=\"759\" data-end=\"771\">QuitGolf<\/strong>, ch\u00fang t\u00f4i t\u1ef1 h\u00e0o ph\u00e2n ph\u1ed1i b\u00f3ng golf Callaway ch\u00ednh h\u00e3ng, gi\u00fap golfer n\u00e2ng cao hi\u1ec7u su\u1ea5t thi \u0111\u1ea5u v\u00e0 tr\u1ea3i nghi\u1ec7m tr\u00ean s\u00e2n.<\/p>\n<hr data-start=\"898\" data-end=\"901\" \/>\n<h2 data-start=\"903\" data-end=\"949\">\u0110\u1eb7c \u0111i\u1ec3m n\u1ed5i b\u1eadt c\u1ee7a Callaway Chrome Tour<\/h2>\n<ul data-start=\"951\" data-end=\"1665\">\n<li data-start=\"951\" data-end=\"1092\">\n<p data-start=\"953\" data-end=\"1092\"><strong data-start=\"953\" data-end=\"995\">L\u00f5i t\u1ed1c \u0111\u1ed9 Hyper-Elastic SoftFast Core<\/strong>: Mang l\u1ea1i t\u1ed1c \u0111\u1ed9 b\u00f3ng v\u01b0\u1ee3t tr\u1ed9i khi ph\u00e1t, \u0111\u1ed3ng th\u1eddi duy tr\u00ec c\u1ea3m gi\u00e1c m\u1ec1m m\u1ea1i khi ti\u1ebfp x\u00fac g\u1eady.<\/p>\n<\/li>\n<li data-start=\"1093\" data-end=\"1223\">\n<p data-start=\"1095\" data-end=\"1223\"><strong data-start=\"1095\" data-end=\"1128\">V\u1ecf Urethane cao c\u1ea5p nhi\u1ec1u l\u1edbp<\/strong>: Gi\u00fap b\u00f3ng b\u1ec1n b\u1ec9, t\u0103ng \u0111\u1ed9 spin khi \u0111\u00e1nh ng\u1eafn v\u00e0 mang l\u1ea1i \u0111\u1ed9 ki\u1ec3m so\u00e1t tuy\u1ec7t \u0111\u1ed1i tr\u00ean green.<\/p>\n<\/li>\n<li data-start=\"1224\" data-end=\"1377\">\n<p data-start=\"1226\" data-end=\"1377\"><strong data-start=\"1226\" data-end=\"1261\">Thi\u1ebft k\u1ebf kh\u00ed \u0111\u1ed9ng h\u1ecdc Tour Aero<\/strong>: T\u1ed1i \u01b0u \u0111\u01b0\u1eddng bay, gi\u1ea3m l\u1ef1c c\u1ea3n kh\u00f4ng kh\u00ed, cho c\u00fa \u0111\u00e1nh <strong data-start=\"1317\" data-end=\"1341\">\u1ed5n \u0111\u1ecbnh v\u00e0 ch\u00ednh x\u00e1c<\/strong> ngay c\u1ea3 trong \u0111i\u1ec1u ki\u1ec7n gi\u00f3 m\u1ea1nh.<\/p>\n<\/li>\n<li data-start=\"1378\" data-end=\"1509\">\n<p data-start=\"1380\" data-end=\"1509\"><strong data-start=\"1380\" data-end=\"1401\">Kh\u1ea3 n\u0103ng spin cao<\/strong>: L\u00fd t\u01b0\u1edfng cho golfer mong mu\u1ed1n t\u1ea1o nhi\u1ec1u xo\u00e1y khi chip v\u00e0 pitch, gi\u00fap b\u00f3ng d\u1eebng nhanh h\u01a1n tr\u00ean m\u1eb7t green.<\/p>\n<\/li>\n<li data-start=\"1510\" data-end=\"1665\">\n<p data-start=\"1512\" data-end=\"1665\"><strong data-start=\"1512\" data-end=\"1543\">D\u00e0nh cho golfer swing nhanh<\/strong>: Chrome Tour \u0111\u01b0\u1ee3c t\u1ed1i \u01b0u h\u00f3a cho ng\u01b0\u1eddi ch\u01a1i c\u00f3 t\u1ed1c \u0111\u1ed9 swing trung b\u00ecnh \u2013 nhanh, mang l\u1ea1i hi\u1ec7u su\u1ea5t tour-level th\u1ef1c th\u1ee5.<\/p>\n<\/li>\n<\/ul>\n<hr data-start=\"1667\" data-end=\"1670\" \/>\n<h2 data-start=\"1672\" data-end=\"1724\">T\u1ea1i sao ch\u1ecdn Callaway Chrome Tour t\u1ea1i QuitGolf?<\/h2>\n<ul data-start=\"1726\" data-end=\"2029\">\n<li data-start=\"1726\" data-end=\"1773\">\n<p data-start=\"1728\" data-end=\"1773\">\u2705 <strong data-start=\"1730\" data-end=\"1758\">S\u1ea3n ph\u1ea9m ch\u00ednh h\u00e3ng 100%<\/strong> t\u1eeb Callaway.<\/p>\n<\/li>\n<li data-start=\"1774\" data-end=\"1833\">\n<p data-start=\"1776\" data-end=\"1833\">\u2705 Gi\u00e1 c\u1ea1nh tranh, nhi\u1ec1u \u01b0u \u0111\u00e3i \u0111\u1eb7c bi\u1ec7t cho kh\u00e1ch h\u00e0ng.<\/p>\n<\/li>\n<li data-start=\"1834\" data-end=\"1904\">\n<p data-start=\"1836\" data-end=\"1904\">\u2705 H\u1ed7 tr\u1ee3 t\u01b0 v\u1ea5n ch\u1ecdn b\u00f3ng ph\u00f9 h\u1ee3p v\u1edbi tr\u00ecnh \u0111\u1ed9 v\u00e0 phong c\u00e1ch ch\u01a1i.<\/p>\n<\/li>\n<li data-start=\"1905\" data-end=\"1962\">\n<p data-start=\"1907\" data-end=\"1962\">\u2705 Giao h\u00e0ng nhanh ch\u00f3ng to\u00e0n qu\u1ed1c, \u0111\u00f3ng g\u00f3i c\u1ea9n th\u1eadn.<\/p>\n<\/li>\n<li data-start=\"1963\" data-end=\"2029\">\n<p data-start=\"1965\" data-end=\"2029\">\u2705 Cam k\u1ebft ch\u1ea5t l\u01b0\u1ee3ng \u2013 uy t\u00edn \u2013 d\u1ecbch v\u1ee5 sau b\u00e1n h\u00e0ng t\u1ed1t nh\u1ea5t.<\/p>\n<\/li>\n<\/ul>\n<hr data-start=\"2031\" data-end=\"2034\" \/>\n<h2 data-start=\"2036\" data-end=\"2049\">K\u1ebft lu\u1eadn<\/h2>\n<p data-start=\"2050\" data-end=\"2299\">N\u1ebfu b\u1ea1n \u0111ang t\u00ecm m\u1ed9t qu\u1ea3 b\u00f3ng golf <strong data-start=\"2085\" data-end=\"2132\">cao c\u1ea5p, spin t\u1ed1i \u01b0u v\u00e0 ki\u1ec3m so\u00e1t v\u01b0\u1ee3t tr\u1ed9i<\/strong>, th\u00ec <strong data-start=\"2138\" data-end=\"2162\">Callaway Chrome Tour<\/strong> ch\u00ednh l\u00e0 l\u1ef1a ch\u1ecdn kh\u00f4ng th\u1ec3 b\u1ecf qua. \u0110\u00e2y l\u00e0 d\u00f2ng b\u00f3ng tour-level mang \u0111\u1ebfn s\u1ef1 t\u1ef1 tin cho golfer trong m\u1ecdi c\u00fa \u0111\u00e1nh, t\u1eeb tee box \u0111\u1ebfn green.<\/p>\n<p data-start=\"2301\" data-end=\"2408\">\ud83d\udc49 <em data-start=\"2304\" data-end=\"2406\">\u0110\u1eb7t mua b\u00f3ng golf Callaway Chrome Tour ch\u00ednh h\u00e3ng ngay h\u00f4m nay t\u1ea1i QuitGolf \u0111\u1ec3 nh\u1eadn \u01b0u \u0111\u00e3i \u0111\u1eb7c bi\u1ec7t!<\/em><\/p>","protected":false},"excerpt":{"rendered":"<h2 data-start=\"2415\" data-end=\"2456\"><\/h2>\n<ul data-start=\"2458\" data-end=\"2748\">\n<li data-start=\"2458\" data-end=\"2528\">\n<p data-start=\"2460\" data-end=\"2528\">L\u00f5i <strong data-start=\"2464\" data-end=\"2495\">Hyper-Elastic SoftFast Core<\/strong> cho t\u1ed1c \u0111\u1ed9 cao &amp; c\u1ea3m gi\u00e1c m\u1ec1m.<\/p>\n<\/li>\n<li data-start=\"2529\" data-end=\"2581\">\n<p data-start=\"2531\" data-end=\"2581\">V\u1ecf <strong data-start=\"2534\" data-end=\"2556\">Urethane nhi\u1ec1u l\u1edbp<\/strong>, b\u1ec1n b\u1ec9, spin m\u1ea1nh m\u1ebd.<\/p>\n<\/li>\n<li data-start=\"2582\" data-end=\"2643\">\n<p data-start=\"2584\" data-end=\"2643\">Thi\u1ebft k\u1ebf <strong data-start=\"2593\" data-end=\"2613\">Tour Aero Dimple<\/strong> gi\u00fap b\u00f3ng bay xa &amp; \u1ed5n \u0111\u1ecbnh.<\/p>\n<\/li>\n<li data-start=\"2644\" data-end=\"2686\">\n<p data-start=\"2646\" data-end=\"2686\">Kh\u1ea3 n\u0103ng <strong data-start=\"2655\" data-end=\"2667\">spin cao<\/strong> tr\u00ean short game.<\/p>\n<\/li>\n<li data-start=\"2687\" data-end=\"2748\">\n<p data-start=\"2689\" data-end=\"2748\">Ph\u00f9 h\u1ee3p v\u1edbi golfer c\u00f3 <strong data-start=\"2711\" data-end=\"2745\">swing speed trung b\u00ecnh \u2013 nhanh<\/strong>.<\/p>\n<\/li>\n<\/ul>","protected":false},"featured_media":50037,"comment_status":"closed","ping_status":"closed","template":"","meta":{"rank_math_lock_modified_date":false},"product_brand":[781],"product_cat":[912],"product_tag":[242,234],"class_list":{"0":"post-50036","1":"product","2":"type-product","3":"status-publish","4":"has-post-thumbnail","6":"product_brand-callaway","7":"product_cat-callaway","8":"product_tag-bong-golf","9":"product_tag-callaway","11":"first","12":"instock","13":"taxable","14":"shipping-taxable","15":"purchasable","16":"product-type-simple"},"_links":{"self":[{"href":"https:\/\/quitgolf.vn\/en\/wp-json\/wp\/v2\/product\/50036","targetHints":{"allow":["GET"]}}],"collection":[{"href":"https:\/\/quitgolf.vn\/en\/wp-json\/wp\/v2\/product"}],"about":[{"href":"https:\/\/quitgolf.vn\/en\/wp-json\/wp\/v2\/types\/product"}],"replies":[{"embeddable":true,"href":"https:\/\/quitgolf.vn\/en\/wp-json\/wp\/v2\/comments?post=50036"}],"wp:featuredmedia":[{"embeddable":true,"href":"https:\/\/quitgolf.vn\/en\/wp-json\/wp\/v2\/media\/50037"}],"wp:attachment":[{"href":"https:\/\/quitgolf.vn\/en\/wp-json\/wp\/v2\/media?parent=50036"}],"wp:term":[{"taxonomy":"product_brand","embeddable":true,"href":"https:\/\/quitgolf.vn\/en\/wp-json\/wp\/v2\/product_brand?post=50036"},{"taxonomy":"product_cat","embeddable":true,"href":"https:\/\/quitgolf.vn\/en\/wp-json\/wp\/v2\/product_cat?post=50036"},{"taxonomy":"product_tag","embeddable":true,"href":"https:\/\/quitgolf.vn\/en\/wp-json\/wp\/v2\/product_tag?post=50036"}],"curies":[{"name":"wp","href":"https:\/\/api.w.org\/{rel}","templated":true}]}}