{"id":50044,"date":"2025-09-21T00:31:00","date_gmt":"2025-09-20T17:31:00","guid":{"rendered":"https:\/\/quitgolf.vn\/?post_type=product&#038;p=50044"},"modified":"2025-09-21T00:31:39","modified_gmt":"2025-09-20T17:31:39","slug":"bong-golf-callaway-chrome-tour-x-chinh-hang-3-bong","status":"publish","type":"product","link":"https:\/\/quitgolf.vn\/en\/product\/bong-golf-callaway-chrome-tour-x-chinh-hang-3-bong\/","title":{"rendered":"B\u00f3ng Golf Callaway Chrome Tour X Ch\u00ednh H\u00e3ng ( 3 B\u00f3ng )"},"content":{"rendered":"<h2 data-start=\"459\" data-end=\"483\">Gi\u1edbi thi\u1ec7u s\u1ea3n ph\u1ea9m<\/h2>\n<p data-start=\"484\" data-end=\"896\"><strong data-start=\"484\" data-end=\"510\">Callaway Chrome Tour X<\/strong> l\u00e0 d\u00f2ng b\u00f3ng golf cao c\u1ea5p nh\u1ea5t trong series Chrome, \u0111\u01b0\u1ee3c thi\u1ebft k\u1ebf d\u00e0nh cho golfer c\u00f3 <strong data-start=\"596\" data-end=\"618\">swing t\u1ed1c \u0111\u1ed9 nhanh<\/strong> v\u00e0 c\u1ea7n <strong data-start=\"626\" data-end=\"670\">spin cao \u0111\u1ec3 ki\u1ec3m so\u00e1t tuy\u1ec7t \u0111\u1ed1i tr\u00ean s\u00e2n<\/strong>. V\u1edbi c\u00f4ng ngh\u1ec7 l\u00f5i Hyper-Elastic SoftFast Core c\u00f9ng v\u1ecf Urethane nhi\u1ec1u l\u1edbp, Chrome Tour X kh\u00f4ng ch\u1ec9 mang l\u1ea1i <strong data-start=\"779\" data-end=\"811\">t\u1ed1c \u0111\u1ed9 b\u00f3ng v\u01b0\u1ee3t tr\u1ed9i t\u1eeb tee<\/strong>, m\u00e0 c\u00f2n cho ph\u00e9p ng\u01b0\u1eddi ch\u01a1i t\u1ea1o <strong data-start=\"844\" data-end=\"893\">xo\u00e1y m\u1ea1nh m\u1ebd khi x\u1eed l\u00fd short game quanh green<\/strong>.<\/p>\n<p data-start=\"898\" data-end=\"1039\">T\u1ea1i <strong data-start=\"902\" data-end=\"914\">QuitGolf<\/strong>, ch\u00fang t\u00f4i cam k\u1ebft mang \u0111\u1ebfn b\u00f3ng golf Callaway ch\u00ednh h\u00e3ng, gi\u00fap golfer n\u00e2ng cao hi\u1ec7u su\u1ea5t v\u00e0 s\u1ef1 t\u1ef1 tin trong t\u1eebng c\u00fa \u0111\u00e1nh.<\/p>\n<hr data-start=\"1041\" data-end=\"1044\" \/>\n<h2 data-start=\"1046\" data-end=\"1094\">\u0110\u1eb7c \u0111i\u1ec3m n\u1ed5i b\u1eadt c\u1ee7a Callaway Chrome Tour X<\/h2>\n<p data-start=\"1095\" data-end=\"1411\">Callaway Chrome Tour X s\u1edf h\u1eefu thi\u1ebft k\u1ebf hi\u1ec7n \u0111\u1ea1i v\u1edbi nhi\u1ec1u l\u1edbp t\u1ed1i \u01b0u hi\u1ec7u su\u1ea5t thi \u0111\u1ea5u. L\u00f5i Hyper-Elastic SoftFast Core mang l\u1ea1i <strong data-start=\"1224\" data-end=\"1263\">t\u1ed1c \u0111\u1ed9 t\u1ed1i \u0111a v\u00e0 c\u1ea3m gi\u00e1c ch\u1eafc ch\u1eafn<\/strong> khi driver. V\u1ecf Urethane cao c\u1ea5p nhi\u1ec1u l\u1edbp gi\u00fap b\u00f3ng <strong data-start=\"1316\" data-end=\"1367\">b\u1ec1n b\u1ec9 v\u00e0 d\u1ec5 d\u00e0ng t\u1ea1o spin h\u01a1n trong short game<\/strong>, cho golfer c\u1ea3m gi\u00e1c tour-level th\u1ef1c th\u1ee5.<\/p>\n<p data-start=\"1413\" data-end=\"1704\">\u0110\u1eb7c bi\u1ec7t, v\u1edbi thi\u1ebft k\u1ebf kh\u00ed \u0111\u1ed9ng h\u1ecdc Tour Aero, Chrome Tour X \u0111\u1ea3m b\u1ea3o <strong data-start=\"1482\" data-end=\"1527\">\u0111\u01b0\u1eddng bay \u1ed5n \u0111\u1ecbnh, gi\u1ea3m l\u1ef1c c\u1ea3n kh\u00f4ng kh\u00ed<\/strong>, gi\u00fap b\u00f3ng gi\u1eef h\u01b0\u1edbng t\u1ed1t ngay c\u1ea3 trong \u0111i\u1ec1u ki\u1ec7n gi\u00f3 m\u1ea1nh. \u0110\u00e2y l\u00e0 d\u00f2ng b\u00f3ng l\u00fd t\u01b0\u1edfng cho golfer mong mu\u1ed1n <strong data-start=\"1634\" data-end=\"1701\">spin nhi\u1ec1u h\u01a1n, \u0111\u1ed9 ki\u1ec3m so\u00e1t cao h\u01a1n v\u00e0 hi\u1ec7u su\u1ea5t chuy\u00ean nghi\u1ec7p<\/strong>.<\/p>\n<hr data-start=\"1706\" data-end=\"1709\" \/>\n<h2 data-start=\"1711\" data-end=\"1765\">T\u1ea1i sao ch\u1ecdn Callaway Chrome Tour X t\u1ea1i QuitGolf?<\/h2>\n<ul data-start=\"1767\" data-end=\"2052\">\n<li data-start=\"1767\" data-end=\"1810\">\n<p data-start=\"1769\" data-end=\"1810\">\u2705 S\u1ea3n ph\u1ea9m ch\u00ednh h\u00e3ng 100% t\u1eeb Callaway.<\/p>\n<\/li>\n<li data-start=\"1811\" data-end=\"1869\">\n<p data-start=\"1813\" data-end=\"1869\">\u2705 Gi\u00e1 c\u1ea1nh tranh, nhi\u1ec1u \u01b0u \u0111\u00e3i h\u1ea5p d\u1eabn cho kh\u00e1ch h\u00e0ng.<\/p>\n<\/li>\n<li data-start=\"1870\" data-end=\"1933\">\n<p data-start=\"1872\" data-end=\"1933\">\u2705 H\u1ed7 tr\u1ee3 t\u01b0 v\u1ea5n ch\u1ecdn b\u00f3ng theo tr\u00ecnh \u0111\u1ed9 v\u00e0 phong c\u00e1ch ch\u01a1i.<\/p>\n<\/li>\n<li data-start=\"1934\" data-end=\"1985\">\n<p data-start=\"1936\" data-end=\"1985\">\u2705 Giao h\u00e0ng nhanh to\u00e0n qu\u1ed1c, \u0111\u00f3ng g\u00f3i c\u1ea9n th\u1eadn.<\/p>\n<\/li>\n<li data-start=\"1986\" data-end=\"2052\">\n<p data-start=\"1988\" data-end=\"2052\">\u2705 Cam k\u1ebft ch\u1ea5t l\u01b0\u1ee3ng \u2013 uy t\u00edn \u2013 d\u1ecbch v\u1ee5 sau b\u00e1n h\u00e0ng t\u1ed1t nh\u1ea5t.<\/p>\n<\/li>\n<\/ul>\n<hr data-start=\"2054\" data-end=\"2057\" \/>\n<h2 data-start=\"2059\" data-end=\"2072\">K\u1ebft lu\u1eadn<\/h2>\n<p data-start=\"2073\" data-end=\"2343\">N\u1ebfu b\u1ea1n l\u00e0 golfer <strong data-start=\"2091\" data-end=\"2106\">swing nhanh<\/strong> v\u00e0 c\u1ea7n m\u1ed9t qu\u1ea3 b\u00f3ng mang l\u1ea1i <strong data-start=\"2136\" data-end=\"2182\">spin cao c\u00f9ng kh\u1ea3 n\u0103ng ki\u1ec3m so\u00e1t tuy\u1ec7t \u0111\u1ed1i<\/strong>, th\u00ec <strong data-start=\"2188\" data-end=\"2214\">Callaway Chrome Tour X<\/strong> ch\u00ednh l\u00e0 l\u1ef1a ch\u1ecdn ho\u00e0n h\u1ea3o. \u0110\u00e2y l\u00e0 qu\u1ea3 b\u00f3ng <strong data-start=\"2259\" data-end=\"2282\">tour-level \u0111\u1ec9nh cao<\/strong>, gi\u00fap b\u1ea1n t\u1ef1 tin trong m\u1ecdi c\u00fa \u0111\u00e1nh \u2013 t\u1eeb tee box \u0111\u1ebfn green.<\/p>\n<p data-start=\"2345\" data-end=\"2456\">\ud83d\udc49 <strong data-start=\"2348\" data-end=\"2454\">\u0110\u1eb7t mua b\u00f3ng golf Callaway Chrome Tour X ch\u00ednh h\u00e3ng ngay h\u00f4m nay t\u1ea1i QuitGolf \u0111\u1ec3 nh\u1eadn \u01b0u \u0111\u00e3i \u0111\u1eb7c bi\u1ec7t!<\/strong><\/p>","protected":false},"excerpt":{"rendered":"<ul data-start=\"2488\" data-end=\"2803\">\n<li data-start=\"2488\" data-end=\"2567\">\n<p data-start=\"2490\" data-end=\"2567\">L\u00f5i <strong data-start=\"2494\" data-end=\"2525\">Hyper-Elastic SoftFast Core<\/strong> cho t\u1ed1c \u0111\u1ed9 t\u1ed1i \u0111a &amp; c\u1ea3m gi\u00e1c ch\u1eafc ch\u1eafn.<\/p>\n<\/li>\n<li data-start=\"2568\" data-end=\"2620\">\n<p data-start=\"2570\" data-end=\"2620\">V\u1ecf <strong data-start=\"2573\" data-end=\"2595\">Urethane nhi\u1ec1u l\u1edbp<\/strong>, b\u1ec1n b\u1ec9, spin m\u1ea1nh m\u1ebd.<\/p>\n<\/li>\n<li data-start=\"2621\" data-end=\"2686\">\n<p data-start=\"2623\" data-end=\"2686\"><strong data-start=\"2623\" data-end=\"2650\">Tour Aero Dimple Design<\/strong> gi\u00fap \u0111\u01b0\u1eddng bay \u1ed5n \u0111\u1ecbnh trong gi\u00f3.<\/p>\n<\/li>\n<li data-start=\"2687\" data-end=\"2739\">\n<p data-start=\"2689\" data-end=\"2739\">Spin <strong data-start=\"2694\" data-end=\"2705\">r\u1ea5t cao<\/strong> cho short game &amp; approach shot.<\/p>\n<\/li>\n<li data-start=\"2740\" data-end=\"2803\">\n<p data-start=\"2742\" data-end=\"2803\">T\u1ed1i \u01b0u cho golfer c\u00f3 <strong data-start=\"2763\" data-end=\"2800\">swing speed nhanh &amp; chuy\u00ean nghi\u1ec7p<\/strong>.<\/p>\n<\/li>\n<\/ul>","protected":false},"featured_media":50043,"comment_status":"closed","ping_status":"closed","template":"","meta":{"rank_math_lock_modified_date":false},"product_brand":[781],"product_cat":[912],"product_tag":[242,929],"class_list":{"0":"post-50044","1":"product","2":"type-product","3":"status-publish","4":"has-post-thumbnail","6":"product_brand-callaway","7":"product_cat-callaway","8":"product_tag-bong-golf","9":"product_tag-callaway-chrome-tour-x","11":"first","12":"instock","13":"taxable","14":"shipping-taxable","15":"purchasable","16":"product-type-simple"},"_links":{"self":[{"href":"https:\/\/quitgolf.vn\/en\/wp-json\/wp\/v2\/product\/50044","targetHints":{"allow":["GET"]}}],"collection":[{"href":"https:\/\/quitgolf.vn\/en\/wp-json\/wp\/v2\/product"}],"about":[{"href":"https:\/\/quitgolf.vn\/en\/wp-json\/wp\/v2\/types\/product"}],"replies":[{"embeddable":true,"href":"https:\/\/quitgolf.vn\/en\/wp-json\/wp\/v2\/comments?post=50044"}],"wp:featuredmedia":[{"embeddable":true,"href":"https:\/\/quitgolf.vn\/en\/wp-json\/wp\/v2\/media\/50043"}],"wp:attachment":[{"href":"https:\/\/quitgolf.vn\/en\/wp-json\/wp\/v2\/media?parent=50044"}],"wp:term":[{"taxonomy":"product_brand","embeddable":true,"href":"https:\/\/quitgolf.vn\/en\/wp-json\/wp\/v2\/product_brand?post=50044"},{"taxonomy":"product_cat","embeddable":true,"href":"https:\/\/quitgolf.vn\/en\/wp-json\/wp\/v2\/product_cat?post=50044"},{"taxonomy":"product_tag","embeddable":true,"href":"https:\/\/quitgolf.vn\/en\/wp-json\/wp\/v2\/product_tag?post=50044"}],"curies":[{"name":"wp","href":"https:\/\/api.w.org\/{rel}","templated":true}]}}