{"id":50045,"date":"2025-09-21T00:35:11","date_gmt":"2025-09-20T17:35:11","guid":{"rendered":"https:\/\/quitgolf.vn\/?post_type=product&#038;p=50045"},"modified":"2025-09-21T00:40:32","modified_gmt":"2025-09-20T17:40:32","slug":"bong-golf-mizuno-pro-s-chinh-hang","status":"publish","type":"product","link":"https:\/\/quitgolf.vn\/en\/product\/bong-golf-mizuno-pro-s-chinh-hang\/","title":{"rendered":"B\u00f3ng Golf Mizuno Pro S Ch\u00ednh H\u00e3ng ( 12 B\u00f3ng )"},"content":{"rendered":"<h2 data-start=\"364\" data-end=\"388\">Gi\u1edbi thi\u1ec7u s\u1ea3n ph\u1ea9m<\/h2>\n<p data-start=\"389\" data-end=\"768\"><strong data-start=\"389\" data-end=\"405\">Mizuno Pro S<\/strong> l\u00e0 d\u00f2ng b\u00f3ng golf cao c\u1ea5p \u0111\u01b0\u1ee3c ph\u00e1t tri\u1ec3n d\u00e0nh cho golfer mong mu\u1ed1n <strong data-start=\"474\" data-end=\"545\">c\u1ea3m gi\u00e1c m\u1ec1m m\u1ea1i, kh\u1ea3 n\u0103ng spin cao v\u00e0 ki\u1ec3m so\u00e1t t\u1ed1i \u0111a quanh green<\/strong>. V\u1edbi thi\u1ebft k\u1ebf nhi\u1ec1u l\u1edbp k\u1ebft h\u1ee3p l\u00f5i \u0111\u00e0n h\u1ed3i v\u00e0 v\u1ecf urethane m\u1ecfng, Mizuno Pro S mang l\u1ea1i s\u1ef1 c\u00e2n b\u1eb1ng ho\u00e0n h\u1ea3o gi\u1eefa <strong data-start=\"659\" data-end=\"692\">kho\u1ea3ng c\u00e1ch \u2013 spin \u2013 c\u1ea3m gi\u00e1c<\/strong>, gi\u00fap golfer t\u1ef1 tin trong c\u1ea3 c\u00fa \u0111\u00e1nh xa l\u1eabn nh\u1eefng pha short game tinh t\u1ebf.<\/p>\n<p data-start=\"770\" data-end=\"914\">T\u1ea1i <strong data-start=\"774\" data-end=\"786\">QuitGolf<\/strong>, ch\u00fang t\u00f4i ph\u00e2n ph\u1ed1i b\u00f3ng golf Mizuno ch\u00ednh h\u00e3ng, gi\u00fap golfer n\u00e2ng t\u1ea7m tr\u1ea3i nghi\u1ec7m thi \u0111\u1ea5u v\u1edbi d\u00f2ng b\u00f3ng chu\u1ea9n tour \u0111\u1eb3ng c\u1ea5p.<\/p>\n<hr data-start=\"916\" data-end=\"919\" \/>\n<h2 data-start=\"921\" data-end=\"959\">\u0110\u1eb7c \u0111i\u1ec3m n\u1ed5i b\u1eadt c\u1ee7a Mizuno Pro S<\/h2>\n<p data-start=\"960\" data-end=\"1283\">B\u00f3ng golf Mizuno Pro S \u0111\u01b0\u1ee3c thi\u1ebft k\u1ebf \u0111\u1ec3 t\u1ed1i \u01b0u hi\u1ec7u su\u1ea5t to\u00e0n di\u1ec7n cho golfer hi\u1ec7n \u0111\u1ea1i. L\u00f5i \u0111\u00e0n h\u1ed3i cao gi\u00fap t\u1ea1o <strong data-start=\"1073\" data-end=\"1117\">t\u1ed1c \u0111\u1ed9 b\u00f3ng nhanh v\u00e0 kho\u1ea3ng c\u00e1ch \u1ed5n \u0111\u1ecbnh<\/strong> khi ph\u00e1t driver. V\u1ecf urethane m\u1ecfng cao c\u1ea5p mang l\u1ea1i <strong data-start=\"1169\" data-end=\"1190\">kh\u1ea3 n\u0103ng spin cao<\/strong>, cho ph\u00e9p golfer d\u1eebng b\u00f3ng nhanh h\u01a1n tr\u00ean green v\u00e0 d\u1ec5 d\u00e0ng ki\u1ec3m so\u00e1t \u1edf c\u00e1c c\u00fa chip, pitch.<\/p>\n<p data-start=\"1285\" data-end=\"1525\">\u0110\u1eb7c bi\u1ec7t, Mizuno Pro S n\u1ed5i b\u1eadt v\u1edbi c\u1ea3m gi\u00e1c <strong data-start=\"1329\" data-end=\"1356\">m\u1ec1m m\u1ea1i nh\u01b0ng ch\u1eafc ch\u1eafn<\/strong>, mang l\u1ea1i s\u1ef1 t\u1ef1 tin khi putt v\u00e0 short game. \u0110\u00e2y l\u00e0 d\u00f2ng b\u00f3ng l\u00fd t\u01b0\u1edfng d\u00e0nh cho golfer mong mu\u1ed1n <strong data-start=\"1453\" data-end=\"1522\">c\u1ea3m gi\u00e1c cao c\u1ea5p, hi\u1ec7u su\u1ea5t to\u00e0n di\u1ec7n v\u00e0 phong c\u00e1ch chuy\u00ean nghi\u1ec7p<\/strong>.<\/p>\n<hr data-start=\"1527\" data-end=\"1530\" \/>\n<h2 data-start=\"1532\" data-end=\"1576\">T\u1ea1i sao ch\u1ecdn Mizuno Pro S t\u1ea1i QuitGolf?<\/h2>\n<ul data-start=\"1578\" data-end=\"1850\">\n<li data-start=\"1578\" data-end=\"1619\">\n<p data-start=\"1580\" data-end=\"1619\">\u2705 S\u1ea3n ph\u1ea9m ch\u00ednh h\u00e3ng 100% t\u1eeb Mizuno.<\/p>\n<\/li>\n<li data-start=\"1620\" data-end=\"1679\">\n<p data-start=\"1622\" data-end=\"1679\">\u2705 Gi\u00e1 c\u1ea1nh tranh, nhi\u1ec1u \u01b0u \u0111\u00e3i \u0111\u1eb7c bi\u1ec7t cho kh\u00e1ch h\u00e0ng.<\/p>\n<\/li>\n<li data-start=\"1680\" data-end=\"1735\">\n<p data-start=\"1682\" data-end=\"1735\">\u2705 T\u01b0 v\u1ea5n ch\u1ecdn b\u00f3ng ph\u00f9 h\u1ee3p v\u1edbi tr\u00ecnh \u0111\u1ed9 &amp; l\u1ed1i ch\u01a1i.<\/p>\n<\/li>\n<li data-start=\"1736\" data-end=\"1783\">\n<p data-start=\"1738\" data-end=\"1783\">\u2705 Giao h\u00e0ng nhanh ch\u00f3ng, \u0111\u00f3ng g\u00f3i c\u1ea9n th\u1eadn.<\/p>\n<\/li>\n<li data-start=\"1784\" data-end=\"1850\">\n<p data-start=\"1786\" data-end=\"1850\">\u2705 Cam k\u1ebft ch\u1ea5t l\u01b0\u1ee3ng \u2013 uy t\u00edn \u2013 d\u1ecbch v\u1ee5 sau b\u00e1n h\u00e0ng t\u1ed1t nh\u1ea5t.<\/p>\n<\/li>\n<\/ul>\n<hr data-start=\"1852\" data-end=\"1855\" \/>\n<h2 data-start=\"1857\" data-end=\"1870\">K\u1ebft lu\u1eadn<\/h2>\n<p data-start=\"1871\" data-end=\"2122\">N\u1ebfu b\u1ea1n \u0111ang t\u00ecm ki\u1ebfm m\u1ed9t qu\u1ea3 b\u00f3ng golf <strong data-start=\"1911\" data-end=\"1993\">cao c\u1ea5p, c\u1ea3m gi\u00e1c m\u1ec1m, spin t\u1ed1i \u0111a v\u00e0 kh\u1ea3 n\u0103ng ki\u1ec3m so\u00e1t quanh green tuy\u1ec7t v\u1eddi<\/strong>, th\u00ec <strong data-start=\"1999\" data-end=\"2015\">Mizuno Pro S<\/strong> ch\u00ednh l\u00e0 l\u1ef1a ch\u1ecdn kh\u00f4ng th\u1ec3 b\u1ecf qua. \u0110\u00e2y l\u00e0 d\u00f2ng b\u00f3ng chu\u1ea9n tour gi\u00fap golfer t\u1ef1 tin t\u1eeb tee box \u0111\u1ebfn green.<\/p>\n<p data-start=\"2124\" data-end=\"2225\">\ud83d\udc49 <strong data-start=\"2127\" data-end=\"2223\">\u0110\u1eb7t mua b\u00f3ng golf Mizuno Pro S ch\u00ednh h\u00e3ng ngay h\u00f4m nay t\u1ea1i QuitGolf \u0111\u1ec3 nh\u1eadn \u01b0u \u0111\u00e3i \u0111\u1eb7c bi\u1ec7t!<\/strong><\/p>","protected":false},"excerpt":{"rendered":"<ul data-start=\"2257\" data-end=\"2585\">\n<li data-start=\"2257\" data-end=\"2320\">\n<p data-start=\"2259\" data-end=\"2320\">L\u00f5i \u0111\u00e0n h\u1ed3i cao gi\u00fap t\u1ea1o <strong data-start=\"2284\" data-end=\"2317\">t\u1ed1c \u0111\u1ed9 v\u00e0 kho\u1ea3ng c\u00e1ch \u1ed5n \u0111\u1ecbnh<\/strong>.<\/p>\n<\/li>\n<li data-start=\"2321\" data-end=\"2379\">\n<p data-start=\"2323\" data-end=\"2379\">V\u1ecf <strong data-start=\"2326\" data-end=\"2351\">urethane m\u1ecfng cao c\u1ea5p<\/strong> t\u0103ng spin &amp; \u0111\u1ed9 ki\u1ec3m so\u00e1t.<\/p>\n<\/li>\n<li data-start=\"2380\" data-end=\"2441\">\n<p data-start=\"2382\" data-end=\"2441\">C\u1ea3m gi\u00e1c <strong data-start=\"2391\" data-end=\"2413\">m\u1ec1m m\u1ea1i khi impact<\/strong>, l\u00fd t\u01b0\u1edfng cho short game.<\/p>\n<\/li>\n<li data-start=\"2442\" data-end=\"2504\">\n<p data-start=\"2444\" data-end=\"2504\">\u0110\u01b0\u1eddng bay b\u00f3ng \u1ed5n \u0111\u1ecbnh, ph\u00f9 h\u1ee3p \u0111i\u1ec1u ki\u1ec7n thi \u0111\u1ea5u \u0111a d\u1ea1ng.<\/p>\n<\/li>\n<li data-start=\"2505\" data-end=\"2585\">\n<p data-start=\"2507\" data-end=\"2585\">T\u1ed1i \u01b0u cho golfer mong mu\u1ed1n <strong data-start=\"2535\" data-end=\"2582\">c\u00e2n b\u1eb1ng gi\u1eefa kho\u1ea3ng c\u00e1ch \u2013 spin \u2013 c\u1ea3m gi\u00e1c<\/strong>.<\/p>\n<\/li>\n<\/ul>","protected":false},"featured_media":50046,"comment_status":"closed","ping_status":"closed","template":"","meta":{"rank_math_lock_modified_date":false},"product_brand":[794],"product_cat":[916],"product_tag":[930],"class_list":{"0":"post-50045","1":"product","2":"type-product","3":"status-publish","4":"has-post-thumbnail","6":"product_brand-mizuno","7":"product_cat-mizuno","8":"product_tag-mizuno-pro-s","10":"first","11":"instock","12":"taxable","13":"shipping-taxable","14":"purchasable","15":"product-type-simple"},"_links":{"self":[{"href":"https:\/\/quitgolf.vn\/en\/wp-json\/wp\/v2\/product\/50045","targetHints":{"allow":["GET"]}}],"collection":[{"href":"https:\/\/quitgolf.vn\/en\/wp-json\/wp\/v2\/product"}],"about":[{"href":"https:\/\/quitgolf.vn\/en\/wp-json\/wp\/v2\/types\/product"}],"replies":[{"embeddable":true,"href":"https:\/\/quitgolf.vn\/en\/wp-json\/wp\/v2\/comments?post=50045"}],"wp:featuredmedia":[{"embeddable":true,"href":"https:\/\/quitgolf.vn\/en\/wp-json\/wp\/v2\/media\/50046"}],"wp:attachment":[{"href":"https:\/\/quitgolf.vn\/en\/wp-json\/wp\/v2\/media?parent=50045"}],"wp:term":[{"taxonomy":"product_brand","embeddable":true,"href":"https:\/\/quitgolf.vn\/en\/wp-json\/wp\/v2\/product_brand?post=50045"},{"taxonomy":"product_cat","embeddable":true,"href":"https:\/\/quitgolf.vn\/en\/wp-json\/wp\/v2\/product_cat?post=50045"},{"taxonomy":"product_tag","embeddable":true,"href":"https:\/\/quitgolf.vn\/en\/wp-json\/wp\/v2\/product_tag?post=50045"}],"curies":[{"name":"wp","href":"https:\/\/api.w.org\/{rel}","templated":true}]}}