{"id":50057,"date":"2025-09-21T00:43:06","date_gmt":"2025-09-20T17:43:06","guid":{"rendered":"https:\/\/quitgolf.vn\/?post_type=product&#038;p=50057"},"modified":"2025-09-21T00:44:05","modified_gmt":"2025-09-20T17:44:05","slug":"bong-golf-mizuno-pro-x-chinh-hang-3-bong","status":"publish","type":"product","link":"https:\/\/quitgolf.vn\/en\/product\/bong-golf-mizuno-pro-x-chinh-hang-3-bong\/","title":{"rendered":"B\u00f3ng Golf Mizuno Pro X Ch\u00ednh H\u00e3ng ( 3 B\u00f3ng )"},"content":{"rendered":"<h2 data-start=\"296\" data-end=\"320\">Gi\u1edbi thi\u1ec7u s\u1ea3n ph\u1ea9m<\/h2>\n<p data-start=\"321\" data-end=\"638\"><strong data-start=\"321\" data-end=\"337\">Mizuno Pro X<\/strong> l\u00e0 d\u00f2ng b\u00f3ng golf cao c\u1ea5p \u0111\u01b0\u1ee3c t\u1ed1i \u01b0u cho golfer c\u00f3 <strong data-start=\"390\" data-end=\"412\">swing t\u1ed1c \u0111\u1ed9 nhanh<\/strong> v\u00e0 mong mu\u1ed1n \u0111\u1ea1t \u0111\u01b0\u1ee3c <strong data-start=\"435\" data-end=\"487\">kho\u1ea3ng c\u00e1ch xa c\u00f9ng kh\u1ea3 n\u0103ng ki\u1ec3m so\u00e1t ch\u00ednh x\u00e1c<\/strong>. V\u1edbi thi\u1ebft k\u1ebf nhi\u1ec1u l\u1edbp ti\u00ean ti\u1ebfn v\u00e0 c\u00f4ng ngh\u1ec7 kh\u00ed \u0111\u1ed9ng h\u1ecdc hi\u1ec7n \u0111\u1ea1i, Mizuno Pro X mang \u0111\u1ebfn s\u1ef1 k\u1ebft h\u1ee3p ho\u00e0n h\u1ea3o gi\u1eefa <strong data-start=\"605\" data-end=\"635\">t\u1ed1c \u0111\u1ed9, spin v\u00e0 \u0111\u1ed9 \u1ed5n \u0111\u1ecbnh<\/strong>.<\/p>\n<p data-start=\"640\" data-end=\"795\">T\u1ea1i <strong data-start=\"644\" data-end=\"656\">QuitGolf<\/strong>, ch\u00fang t\u00f4i t\u1ef1 h\u00e0o ph\u00e2n ph\u1ed1i b\u00f3ng golf Mizuno ch\u00ednh h\u00e3ng, h\u1ed7 tr\u1ee3 golfer n\u00e2ng cao hi\u1ec7u su\u1ea5t v\u00e0 tr\u1ea3i nghi\u1ec7m chu\u1ea9n tour trong t\u1eebng v\u00f2ng \u0111\u1ea5u.<\/p>\n<hr data-start=\"797\" data-end=\"800\" \/>\n<h2 data-start=\"802\" data-end=\"840\">\u0110\u1eb7c \u0111i\u1ec3m n\u1ed5i b\u1eadt c\u1ee7a Mizuno Pro X<\/h2>\n<p data-start=\"841\" data-end=\"1125\">B\u00f3ng Mizuno Pro X \u0111\u01b0\u1ee3c thi\u1ebft k\u1ebf v\u1edbi l\u00f5i t\u1ed1c \u0111\u1ed9 cao, gi\u00fap t\u1ea1o ra <strong data-start=\"905\" data-end=\"946\">t\u1ed1c \u0111\u1ed9 b\u00f3ng m\u1ea1nh m\u1ebd t\u1eeb c\u00fa ph\u00e1t driver<\/strong>, mang l\u1ea1i kho\u1ea3ng c\u00e1ch t\u1ed1i \u01b0u cho nh\u1eefng c\u00fa \u0111\u00e1nh xa. V\u1ecf urethane cao c\u1ea5p nhi\u1ec1u l\u1edbp mang l\u1ea1i <strong data-start=\"1037\" data-end=\"1073\">\u0111\u1ed9 b\u1ec1n v\u01b0\u1ee3t tr\u1ed9i v\u00e0 spin \u1ed5n \u0111\u1ecbnh<\/strong>, gi\u00fap golfer ki\u1ec3m so\u00e1t b\u00f3ng t\u1ed1t trong short game.<\/p>\n<p data-start=\"1127\" data-end=\"1370\">V\u1edbi c\u1ea5u tr\u00fac \u0111\u1eb7c bi\u1ec7t, Mizuno Pro X cho c\u1ea3m gi\u00e1c <strong data-start=\"1176\" data-end=\"1217\">ch\u1eafc ch\u1eafn v\u00e0 m\u1ea1nh m\u1ebd h\u01a1n so v\u1edbi Pro S<\/strong>, ph\u00f9 h\u1ee3p v\u1edbi golfer c\u00f3 swing nhanh v\u00e0 mu\u1ed1n t\u1ed1i \u01b0u c\u1ea3 v\u1ec1 kho\u1ea3ng c\u00e1ch l\u1eabn \u0111\u1ed9 ch\u00ednh x\u00e1c. \u0110\u00e2y l\u00e0 d\u00f2ng b\u00f3ng chu\u1ea9n tour, mang \u0111\u1ebfn s\u1ef1 t\u1ef1 tin t\u1ed1i \u0111a tr\u00ean s\u00e2n.<\/p>\n<hr data-start=\"1372\" data-end=\"1375\" \/>\n<h2 data-start=\"1377\" data-end=\"1421\">T\u1ea1i sao ch\u1ecdn Mizuno Pro X t\u1ea1i QuitGolf?<\/h2>\n<ul data-start=\"1423\" data-end=\"1716\">\n<li data-start=\"1423\" data-end=\"1464\">\n<p data-start=\"1425\" data-end=\"1464\">\u2705 S\u1ea3n ph\u1ea9m ch\u00ednh h\u00e3ng 100% t\u1eeb Mizuno.<\/p>\n<\/li>\n<li data-start=\"1465\" data-end=\"1521\">\n<p data-start=\"1467\" data-end=\"1521\">\u2705 Gi\u00e1 c\u1ea1nh tranh, nhi\u1ec1u ch\u01b0\u01a1ng tr\u00ecnh \u01b0u \u0111\u00e3i h\u1ea5p d\u1eabn.<\/p>\n<\/li>\n<li data-start=\"1522\" data-end=\"1586\">\n<p data-start=\"1524\" data-end=\"1586\">\u2705 \u0110\u1ed9i ng\u0169 t\u01b0 v\u1ea5n ch\u1ecdn b\u00f3ng theo <strong data-start=\"1556\" data-end=\"1583\">tr\u00ecnh \u0111\u1ed9 &amp; t\u1ed1c \u0111\u1ed9 swing<\/strong>.<\/p>\n<\/li>\n<li data-start=\"1587\" data-end=\"1644\">\n<p data-start=\"1589\" data-end=\"1644\">\u2705 Giao h\u00e0ng nhanh ch\u00f3ng to\u00e0n qu\u1ed1c, \u0111\u00f3ng g\u00f3i k\u1ef9 l\u01b0\u1ee1ng.<\/p>\n<\/li>\n<li data-start=\"1645\" data-end=\"1716\">\n<p data-start=\"1647\" data-end=\"1716\">\u2705 Cam k\u1ebft uy t\u00edn \u2013 ch\u1ea5t l\u01b0\u1ee3ng \u2013 d\u1ecbch v\u1ee5 sau b\u00e1n h\u00e0ng chuy\u00ean nghi\u1ec7p.<\/p>\n<\/li>\n<\/ul>\n<hr data-start=\"1718\" data-end=\"1721\" \/>\n<h2 data-start=\"1723\" data-end=\"1736\">K\u1ebft lu\u1eadn<\/h2>\n<p data-start=\"1737\" data-end=\"1999\">N\u1ebfu b\u1ea1n l\u00e0 golfer c\u00f3 <strong data-start=\"1758\" data-end=\"1773\">swing nhanh<\/strong> v\u00e0 mu\u1ed1n s\u1edf h\u1eefu m\u1ed9t qu\u1ea3 b\u00f3ng <strong data-start=\"1802\" data-end=\"1857\">kho\u1ea3ng c\u00e1ch xa, spin \u1ed5n \u0111\u1ecbnh v\u00e0 c\u1ea3m gi\u00e1c tour-level<\/strong>, th\u00ec <strong data-start=\"1863\" data-end=\"1879\">Mizuno Pro X<\/strong> ch\u00ednh l\u00e0 l\u1ef1a ch\u1ecdn ho\u00e0n h\u1ea3o. \u0110\u00e2y l\u00e0 d\u00f2ng b\u00f3ng cao c\u1ea5p gi\u00fap golfer <strong data-start=\"1945\" data-end=\"1996\">t\u1ed1i \u01b0u hi\u1ec7u su\u1ea5t to\u00e0n di\u1ec7n t\u1eeb tee box \u0111\u1ebfn green<\/strong>.<\/p>\n<p data-start=\"2001\" data-end=\"2102\">\ud83d\udc49 <strong data-start=\"2004\" data-end=\"2100\">\u0110\u1eb7t mua b\u00f3ng golf Mizuno Pro X ch\u00ednh h\u00e3ng ngay h\u00f4m nay t\u1ea1i QuitGolf \u0111\u1ec3 nh\u1eadn \u01b0u \u0111\u00e3i \u0111\u1eb7c bi\u1ec7t!<\/strong><\/p>","protected":false},"excerpt":{"rendered":"<ul>\n<li data-start=\"2134\" data-end=\"2202\">\n<p data-start=\"2136\" data-end=\"2202\">L\u00f5i t\u1ed1c \u0111\u1ed9 cao cho <strong data-start=\"2155\" data-end=\"2199\">t\u1ed1c \u0111\u1ed9 b\u00f3ng m\u1ea1nh m\u1ebd &amp; kho\u1ea3ng c\u00e1ch t\u1ed1i \u0111a<\/strong>.<\/p>\n<\/li>\n<li data-start=\"2203\" data-end=\"2270\">\n<p data-start=\"2205\" data-end=\"2270\">V\u1ecf <strong data-start=\"2208\" data-end=\"2238\">urethane cao c\u1ea5p nhi\u1ec1u l\u1edbp<\/strong>, b\u1ec1n b\u1ec9 &amp; ki\u1ec3m so\u00e1t spin t\u1ed1t.<\/p>\n<\/li>\n<li data-start=\"2271\" data-end=\"2334\">\n<p data-start=\"2273\" data-end=\"2334\">C\u1ea3m gi\u00e1c <strong data-start=\"2282\" data-end=\"2306\">ch\u1eafc ch\u1eafn khi impact<\/strong>, ph\u00f9 h\u1ee3p v\u1edbi swing nhanh.<\/p>\n<\/li>\n<li data-start=\"2335\" data-end=\"2393\">\n<p data-start=\"2337\" data-end=\"2393\">\u0110\u01b0\u1eddng bay \u1ed5n \u0111\u1ecbnh nh\u1edd thi\u1ebft k\u1ebf kh\u00ed \u0111\u1ed9ng h\u1ecdc ti\u00ean ti\u1ebfn.<\/p>\n<\/li>\n<li data-start=\"2394\" data-end=\"2470\">\n<p data-start=\"2396\" data-end=\"2470\">T\u1ed1i \u01b0u cho golfer mong mu\u1ed1n <strong data-start=\"2424\" data-end=\"2467\">hi\u1ec7u su\u1ea5t tour-level &amp; \u0111\u1ed9 ch\u00ednh x\u00e1c cao<\/strong>.<\/p>\n<\/li>\n<\/ul>","protected":false},"featured_media":50051,"comment_status":"closed","ping_status":"closed","template":"","meta":{"rank_math_lock_modified_date":false},"product_brand":[794],"product_cat":[916],"product_tag":[931],"class_list":{"0":"post-50057","1":"product","2":"type-product","3":"status-publish","4":"has-post-thumbnail","6":"product_brand-mizuno","7":"product_cat-mizuno","8":"product_tag-mizuno-pro-x","10":"first","11":"instock","12":"taxable","13":"shipping-taxable","14":"purchasable","15":"product-type-simple"},"_links":{"self":[{"href":"https:\/\/quitgolf.vn\/en\/wp-json\/wp\/v2\/product\/50057","targetHints":{"allow":["GET"]}}],"collection":[{"href":"https:\/\/quitgolf.vn\/en\/wp-json\/wp\/v2\/product"}],"about":[{"href":"https:\/\/quitgolf.vn\/en\/wp-json\/wp\/v2\/types\/product"}],"replies":[{"embeddable":true,"href":"https:\/\/quitgolf.vn\/en\/wp-json\/wp\/v2\/comments?post=50057"}],"wp:featuredmedia":[{"embeddable":true,"href":"https:\/\/quitgolf.vn\/en\/wp-json\/wp\/v2\/media\/50051"}],"wp:attachment":[{"href":"https:\/\/quitgolf.vn\/en\/wp-json\/wp\/v2\/media?parent=50057"}],"wp:term":[{"taxonomy":"product_brand","embeddable":true,"href":"https:\/\/quitgolf.vn\/en\/wp-json\/wp\/v2\/product_brand?post=50057"},{"taxonomy":"product_cat","embeddable":true,"href":"https:\/\/quitgolf.vn\/en\/wp-json\/wp\/v2\/product_cat?post=50057"},{"taxonomy":"product_tag","embeddable":true,"href":"https:\/\/quitgolf.vn\/en\/wp-json\/wp\/v2\/product_tag?post=50057"}],"curies":[{"name":"wp","href":"https:\/\/api.w.org\/{rel}","templated":true}]}}