{"id":50065,"date":"2025-09-21T00:49:45","date_gmt":"2025-09-20T17:49:45","guid":{"rendered":"https:\/\/quitgolf.vn\/?post_type=product&#038;p=50065"},"modified":"2025-09-21T00:50:39","modified_gmt":"2025-09-20T17:50:39","slug":"bong-golf-mizuno-rb-max-chinh-hang-3-bong","status":"publish","type":"product","link":"https:\/\/quitgolf.vn\/en\/product\/bong-golf-mizuno-rb-max-chinh-hang-3-bong\/","title":{"rendered":"B\u00f3ng Golf Mizuno RB Max Ch\u00ednh H\u00e3ng ( 3 B\u00f3ng )"},"content":{"rendered":"<h2 data-start=\"171\" data-end=\"195\">Gi\u1edbi thi\u1ec7u s\u1ea3n ph\u1ea9m<\/h2>\n<p data-start=\"196\" data-end=\"500\"><strong data-start=\"196\" data-end=\"213\">Mizuno RB Max<\/strong> l\u00e0 d\u00f2ng b\u00f3ng golf hi\u1ec7n \u0111\u1ea1i \u0111\u01b0\u1ee3c ph\u00e1t tri\u1ec3n nh\u1eb1m mang \u0111\u1ebfn cho golfer <strong data-start=\"282\" data-end=\"347\">kho\u1ea3ng c\u00e1ch t\u1ed1i \u0111a v\u00e0 \u0111\u1ed9 \u1ed5n \u0111\u1ecbnh v\u01b0\u1ee3t tr\u1ed9i trong t\u1eebng c\u00fa \u0111\u00e1nh<\/strong>. V\u1edbi l\u00f5i t\u1ed1c \u0111\u1ed9 cao v\u00e0 c\u00f4ng ngh\u1ec7 kh\u00ed \u0111\u1ed9ng h\u1ecdc ti\u00ean ti\u1ebfn, RB Max ph\u00f9 h\u1ee3p v\u1edbi golfer mu\u1ed1n c\u00f3 <strong data-start=\"439\" data-end=\"497\">\u0111\u01b0\u1eddng bay b\u00f3ng cao, th\u1eb3ng v\u00e0 \u00edt ch\u1ecbu \u1ea3nh h\u01b0\u1edfng b\u1edfi gi\u00f3<\/strong>.<\/p>\n<p data-start=\"502\" data-end=\"640\">T\u1ea1i <strong data-start=\"506\" data-end=\"518\">QuitGolf<\/strong>, ch\u00fang t\u00f4i ph\u00e2n ph\u1ed1i b\u00f3ng golf Mizuno RB Max ch\u00ednh h\u00e3ng, gi\u00fap golfer t\u1eadn h\u01b0\u1edfng hi\u1ec7u su\u1ea5t \u1ed5n \u0111\u1ecbnh v\u00e0 s\u1ef1 t\u1ef1 tin tr\u00ean s\u00e2n.<\/p>\n<hr data-start=\"642\" data-end=\"645\" \/>\n<h2 data-start=\"647\" data-end=\"686\">\u0110\u1eb7c \u0111i\u1ec3m n\u1ed5i b\u1eadt c\u1ee7a Mizuno RB Max<\/h2>\n<p data-start=\"687\" data-end=\"954\">B\u00f3ng Mizuno RB Max \u0111\u01b0\u1ee3c trang b\u1ecb l\u00f5i n\u0103ng l\u01b0\u1ee3ng cao, h\u1ed7 tr\u1ee3 t\u1ea1o ra <strong data-start=\"754\" data-end=\"813\">t\u1ed1c \u0111\u1ed9 b\u00f3ng nhanh v\u00e0 kho\u1ea3ng c\u00e1ch xa h\u01a1n khi ph\u00e1t driver<\/strong>. Thi\u1ebft k\u1ebf kh\u00ed \u0111\u1ed9ng h\u1ecdc \u0111\u1ed9c quy\u1ec1n v\u1edbi c\u00e1c dimple c\u1ea3i ti\u1ebfn gi\u00fap b\u00f3ng <strong data-start=\"881\" data-end=\"921\">gi\u1eef \u1ed5n \u0111\u1ecbnh tr\u00ean kh\u00f4ng, gi\u1ea3m l\u1ef1c c\u1ea3n<\/strong>, mang l\u1ea1i \u0111\u01b0\u1eddng bay xuy\u00ean gi\u00f3.<\/p>\n<p data-start=\"956\" data-end=\"1138\">Ngo\u00e0i ra, RB Max c\u00f2n mang l\u1ea1i <strong data-start=\"986\" data-end=\"1027\">c\u1ea3m gi\u00e1c ch\u1eafc ch\u1eafn nh\u01b0ng d\u1ec5 ki\u1ec3m so\u00e1t<\/strong>, ph\u00f9 h\u1ee3p v\u1edbi golfer mong mu\u1ed1n <strong data-start=\"1058\" data-end=\"1135\">k\u1ebft h\u1ee3p gi\u1eefa kho\u1ea3ng c\u00e1ch, s\u1ef1 \u1ed5n \u0111\u1ecbnh v\u00e0 \u0111\u1ed9 b\u1ec1n b\u1ec9 trong qu\u00e1 tr\u00ecnh thi \u0111\u1ea5u<\/strong>.<\/p>\n<hr data-start=\"1140\" data-end=\"1143\" \/>\n<h2 data-start=\"1145\" data-end=\"1190\">T\u1ea1i sao ch\u1ecdn Mizuno RB Max t\u1ea1i QuitGolf?<\/h2>\n<ul data-start=\"1192\" data-end=\"1466\">\n<li data-start=\"1192\" data-end=\"1233\">\n<p data-start=\"1194\" data-end=\"1233\">\u2705 S\u1ea3n ph\u1ea9m ch\u00ednh h\u00e3ng 100% t\u1eeb Mizuno.<\/p>\n<\/li>\n<li data-start=\"1234\" data-end=\"1277\">\n<p data-start=\"1236\" data-end=\"1277\">\u2705 Gi\u00e1 b\u00e1n h\u1ee3p l\u00fd, nhi\u1ec1u \u01b0u \u0111\u00e3i h\u1ea5p d\u1eabn.<\/p>\n<\/li>\n<li data-start=\"1278\" data-end=\"1353\">\n<p data-start=\"1280\" data-end=\"1353\">\u2705 \u0110\u1ed9i ng\u0169 t\u01b0 v\u1ea5n gi\u00fap ch\u1ecdn b\u00f3ng ph\u00f9 h\u1ee3p v\u1edbi tr\u00ecnh \u0111\u1ed9 &amp; phong c\u00e1ch ch\u01a1i.<\/p>\n<\/li>\n<li data-start=\"1354\" data-end=\"1404\">\n<p data-start=\"1356\" data-end=\"1404\">\u2705 Giao h\u00e0ng nhanh to\u00e0n qu\u1ed1c, \u0111\u00f3ng g\u00f3i an to\u00e0n.<\/p>\n<\/li>\n<li data-start=\"1405\" data-end=\"1466\">\n<p data-start=\"1407\" data-end=\"1466\">\u2705 Cam k\u1ebft ch\u1ea5t l\u01b0\u1ee3ng \u2013 uy t\u00edn \u2013 d\u1ecbch v\u1ee5 h\u1eadu m\u00e3i t\u1ed1t nh\u1ea5t.<\/p>\n<\/li>\n<\/ul>\n<hr data-start=\"1468\" data-end=\"1471\" \/>\n<h2 data-start=\"1473\" data-end=\"1486\">K\u1ebft lu\u1eadn<\/h2>\n<p data-start=\"1487\" data-end=\"1732\">N\u1ebfu b\u1ea1n \u0111ang t\u00ecm m\u1ed9t qu\u1ea3 b\u00f3ng golf <strong data-start=\"1522\" data-end=\"1573\">kho\u1ea3ng c\u00e1ch xa, \u0111\u01b0\u1eddng bay \u1ed5n \u0111\u1ecbnh v\u00e0 \u0111\u1ed9 b\u1ec1n cao<\/strong>, th\u00ec <strong data-start=\"1579\" data-end=\"1596\">Mizuno RB Max<\/strong> ch\u00ednh l\u00e0 l\u1ef1a ch\u1ecdn l\u00fd t\u01b0\u1edfng. \u0110\u00e2y l\u00e0 d\u00f2ng b\u00f3ng gi\u00fap golfer <strong data-start=\"1654\" data-end=\"1729\">c\u1ea3i thi\u1ec7n hi\u1ec7u su\u1ea5t ph\u00e1t b\u00f3ng v\u00e0 duy tr\u00ec s\u1ef1 \u1ed5n \u0111\u1ecbnh trong su\u1ed1t v\u00f2ng \u0111\u1ea5u<\/strong>.<\/p>\n<p data-start=\"1734\" data-end=\"1842\">\ud83d\udc49 <strong data-start=\"1737\" data-end=\"1840\">\u0110\u1eb7t mua b\u00f3ng golf Mizuno RB Max ch\u00ednh h\u00e3ng ngay h\u00f4m nay t\u1ea1i QuitGolf \u0111\u1ec3 nh\u1eadn nhi\u1ec1u \u01b0u \u0111\u00e3i \u0111\u1eb7c bi\u1ec7t!<\/strong><\/p>","protected":false},"excerpt":{"rendered":"<ul>\n<li data-start=\"1874\" data-end=\"1940\">\n<p data-start=\"1876\" data-end=\"1940\">L\u00f5i n\u0103ng l\u01b0\u1ee3ng cao t\u1ea1o <strong data-start=\"1899\" data-end=\"1937\">t\u1ed1c \u0111\u1ed9 b\u00f3ng nhanh &amp; kho\u1ea3ng c\u00e1ch xa<\/strong>.<\/p>\n<\/li>\n<li data-start=\"1941\" data-end=\"2004\">\n<p data-start=\"1943\" data-end=\"2004\">Thi\u1ebft k\u1ebf <strong data-start=\"1952\" data-end=\"1984\">kh\u00ed \u0111\u1ed9ng h\u1ecdc dimple c\u1ea3i ti\u1ebfn<\/strong> gi\u00fap bay \u1ed5n \u0111\u1ecbnh.<\/p>\n<\/li>\n<li data-start=\"2005\" data-end=\"2057\">\n<p data-start=\"2007\" data-end=\"2057\">C\u1ea3m gi\u00e1c <strong data-start=\"2016\" data-end=\"2040\">ch\u1eafc ch\u1eafn khi impact<\/strong>, d\u1ec5 ki\u1ec3m so\u00e1t.<\/p>\n<\/li>\n<li data-start=\"2058\" data-end=\"2125\">\n<p data-start=\"2060\" data-end=\"2125\">\u0110\u01b0\u1eddng bay <strong data-start=\"2070\" data-end=\"2089\">cao &amp; xuy\u00ean gi\u00f3<\/strong>, ph\u00f9 h\u1ee3p v\u1edbi nhi\u1ec1u \u0111i\u1ec1u ki\u1ec7n s\u00e2n.<\/p>\n<\/li>\n<li data-start=\"2126\" data-end=\"2196\">\n<p data-start=\"2128\" data-end=\"2196\">L\u00fd t\u01b0\u1edfng cho golfer mu\u1ed1n <strong data-start=\"2153\" data-end=\"2193\">t\u1ed1i \u0111a h\u00f3a kho\u1ea3ng c\u00e1ch v\u00e0 s\u1ef1 \u1ed5n \u0111\u1ecbnh<\/strong>.<\/p>\n<\/li>\n<\/ul>","protected":false},"featured_media":50060,"comment_status":"closed","ping_status":"closed","template":"","meta":{"rank_math_lock_modified_date":false},"product_brand":[794],"product_cat":[916],"product_tag":[932],"class_list":{"0":"post-50065","1":"product","2":"type-product","3":"status-publish","4":"has-post-thumbnail","6":"product_brand-mizuno","7":"product_cat-mizuno","8":"product_tag-mizuno-rb-max","10":"first","11":"instock","12":"taxable","13":"shipping-taxable","14":"purchasable","15":"product-type-simple"},"_links":{"self":[{"href":"https:\/\/quitgolf.vn\/en\/wp-json\/wp\/v2\/product\/50065","targetHints":{"allow":["GET"]}}],"collection":[{"href":"https:\/\/quitgolf.vn\/en\/wp-json\/wp\/v2\/product"}],"about":[{"href":"https:\/\/quitgolf.vn\/en\/wp-json\/wp\/v2\/types\/product"}],"replies":[{"embeddable":true,"href":"https:\/\/quitgolf.vn\/en\/wp-json\/wp\/v2\/comments?post=50065"}],"wp:featuredmedia":[{"embeddable":true,"href":"https:\/\/quitgolf.vn\/en\/wp-json\/wp\/v2\/media\/50060"}],"wp:attachment":[{"href":"https:\/\/quitgolf.vn\/en\/wp-json\/wp\/v2\/media?parent=50065"}],"wp:term":[{"taxonomy":"product_brand","embeddable":true,"href":"https:\/\/quitgolf.vn\/en\/wp-json\/wp\/v2\/product_brand?post=50065"},{"taxonomy":"product_cat","embeddable":true,"href":"https:\/\/quitgolf.vn\/en\/wp-json\/wp\/v2\/product_cat?post=50065"},{"taxonomy":"product_tag","embeddable":true,"href":"https:\/\/quitgolf.vn\/en\/wp-json\/wp\/v2\/product_tag?post=50065"}],"curies":[{"name":"wp","href":"https:\/\/api.w.org\/{rel}","templated":true}]}}