{"id":50071,"date":"2025-09-21T00:52:51","date_gmt":"2025-09-20T17:52:51","guid":{"rendered":"https:\/\/quitgolf.vn\/?post_type=product&#038;p=50071"},"modified":"2025-09-21T00:54:08","modified_gmt":"2025-09-20T17:54:08","slug":"bong-golf-mizuno-rb566-chinh-hang-3-bong","status":"publish","type":"product","link":"https:\/\/quitgolf.vn\/en\/product\/bong-golf-mizuno-rb566-chinh-hang-3-bong\/","title":{"rendered":"B\u00f3ng Golf Mizuno RB566 Ch\u00ednh H\u00e3ng ( 3 B\u00f3ng )"},"content":{"rendered":"<h2 data-start=\"175\" data-end=\"199\">Gi\u1edbi thi\u1ec7u s\u1ea3n ph\u1ea9m<\/h2>\n<p data-start=\"200\" data-end=\"501\"><strong data-start=\"200\" data-end=\"216\">Mizuno RB566<\/strong> l\u00e0 d\u00f2ng b\u00f3ng golf \u0111\u1ed9c \u0111\u00e1o v\u1edbi thi\u1ebft k\u1ebf dimple 566 r\u00e3nh kh\u00ed \u0111\u1ed9ng h\u1ecdc, mang \u0111\u1ebfn <strong data-start=\"295\" data-end=\"346\">\u0111\u01b0\u1eddng bay cao, \u1ed5n \u0111\u1ecbnh v\u00e0 th\u1eddi gian bay l\u00e2u h\u01a1n<\/strong>. \u0110\u00e2y l\u00e0 l\u1ef1a ch\u1ecdn l\u00fd t\u01b0\u1edfng cho golfer c\u00f3 <strong data-start=\"387\" data-end=\"417\">swing t\u1ed1c \u0111\u1ed9 v\u1eeba ho\u1eb7c ch\u1eadm<\/strong>, mong mu\u1ed1n c\u1ea3i thi\u1ec7n kho\u1ea3ng c\u00e1ch m\u00e0 v\u1eabn duy tr\u00ec s\u1ef1 d\u1ec5 ch\u01a1i v\u00e0 c\u1ea3m gi\u00e1c tho\u1ea3i m\u00e1i.<\/p>\n<p data-start=\"503\" data-end=\"652\">T\u1ea1i <strong data-start=\"507\" data-end=\"519\">QuitGolf<\/strong>, ch\u00fang t\u00f4i cung c\u1ea5p b\u00f3ng golf Mizuno RB566 ch\u00ednh h\u00e3ng, gi\u00fap golfer t\u1ef1 tin h\u01a1n trong t\u1eebng c\u00fa \u0111\u00e1nh v\u00e0 n\u00e2ng cao tr\u1ea3i nghi\u1ec7m tr\u00ean s\u00e2n.<\/p>\n<hr data-start=\"654\" data-end=\"657\" \/>\n<h2 data-start=\"659\" data-end=\"697\">\u0110\u1eb7c \u0111i\u1ec3m n\u1ed5i b\u1eadt c\u1ee7a Mizuno RB566<\/h2>\n<p data-start=\"698\" data-end=\"1017\">\u0110i\u1ec3m kh\u00e1c bi\u1ec7t l\u1edbn nh\u1ea5t c\u1ee7a RB566 n\u1eb1m \u1edf <strong data-start=\"738\" data-end=\"771\">thi\u1ebft k\u1ebf dimple 566 \u0111\u1ed9c quy\u1ec1n<\/strong>, gi\u00fap b\u00f3ng gi\u1eef \u0111\u01b0\u1ee3c <strong data-start=\"792\" data-end=\"840\">th\u1eddi gian bay d\u00e0i h\u01a1n v\u00e0 qu\u1ef9 \u0111\u1ea1o \u1ed5n \u0111\u1ecbnh h\u01a1n<\/strong>, \u0111\u1eb7c bi\u1ec7t trong \u0111i\u1ec1u ki\u1ec7n gi\u00f3. L\u00f5i n\u0103ng l\u01b0\u1ee3ng m\u1ec1m mang l\u1ea1i <strong data-start=\"900\" data-end=\"931\">c\u1ea3m gi\u00e1c d\u1ec5 ch\u1ecbu khi impact<\/strong>, \u0111\u1ed3ng th\u1eddi gi\u00fap golfer <strong data-start=\"955\" data-end=\"985\">t\u0103ng kho\u1ea3ng c\u00e1ch ph\u00e1t b\u00f3ng<\/strong> m\u00e0 kh\u00f4ng c\u1ea7n swing qu\u00e1 nhanh.<\/p>\n<p data-start=\"1019\" data-end=\"1196\">B\u00ean c\u1ea1nh \u0111\u00f3, l\u1edbp v\u1ecf ionomer b\u1ec1n b\u1ec9 gi\u00fap b\u00f3ng duy tr\u00ec hi\u1ec7u su\u1ea5t trong th\u1eddi gian d\u00e0i, th\u00edch h\u1ee3p cho golfer \u0111ang t\u00ecm ki\u1ebfm m\u1ed9t d\u00f2ng b\u00f3ng <strong data-start=\"1152\" data-end=\"1193\">\u1ed5n \u0111\u1ecbnh, d\u1ec5 ch\u01a1i v\u00e0 ti\u1ebft ki\u1ec7m chi ph\u00ed<\/strong>.<\/p>\n<hr data-start=\"1198\" data-end=\"1201\" \/>\n<h2 data-start=\"1203\" data-end=\"1247\">T\u1ea1i sao ch\u1ecdn Mizuno RB566 t\u1ea1i QuitGolf?<\/h2>\n<ul data-start=\"1249\" data-end=\"1523\">\n<li data-start=\"1249\" data-end=\"1290\">\n<p data-start=\"1251\" data-end=\"1290\">\u2705 S\u1ea3n ph\u1ea9m ch\u00ednh h\u00e3ng 100% t\u1eeb Mizuno.<\/p>\n<\/li>\n<li data-start=\"1291\" data-end=\"1333\">\n<p data-start=\"1293\" data-end=\"1333\">\u2705 Gi\u00e1 c\u1ea3 h\u1ee3p l\u00fd, nhi\u1ec1u \u01b0u \u0111\u00e3i h\u1ea5p d\u1eabn.<\/p>\n<\/li>\n<li data-start=\"1334\" data-end=\"1393\">\n<p data-start=\"1336\" data-end=\"1393\">\u2705 H\u1ed7 tr\u1ee3 t\u01b0 v\u1ea5n ch\u1ecdn b\u00f3ng theo tr\u00ecnh \u0111\u1ed9 &amp; t\u1ed1c \u0111\u1ed9 swing.<\/p>\n<\/li>\n<li data-start=\"1394\" data-end=\"1451\">\n<p data-start=\"1396\" data-end=\"1451\">\u2705 Giao h\u00e0ng nhanh ch\u00f3ng to\u00e0n qu\u1ed1c, \u0111\u00f3ng g\u00f3i c\u1ea9n th\u1eadn.<\/p>\n<\/li>\n<li data-start=\"1452\" data-end=\"1523\">\n<p data-start=\"1454\" data-end=\"1523\">\u2705 Cam k\u1ebft ch\u1ea5t l\u01b0\u1ee3ng \u2013 uy t\u00edn \u2013 d\u1ecbch v\u1ee5 sau b\u00e1n h\u00e0ng chuy\u00ean nghi\u1ec7p.<\/p>\n<\/li>\n<\/ul>\n<hr data-start=\"1525\" data-end=\"1528\" \/>\n<h2 data-start=\"1530\" data-end=\"1543\">K\u1ebft lu\u1eadn<\/h2>\n<p data-start=\"1544\" data-end=\"1782\">N\u1ebfu b\u1ea1n \u0111ang t\u00ecm m\u1ed9t qu\u1ea3 b\u00f3ng golf <strong data-start=\"1579\" data-end=\"1610\">bay cao, \u1ed5n \u0111\u1ecbnh v\u00e0 d\u1ec5 ch\u01a1i<\/strong>, th\u00ec <strong data-start=\"1616\" data-end=\"1632\">Mizuno RB566<\/strong> ch\u00ednh l\u00e0 l\u1ef1a ch\u1ecdn tuy\u1ec7t v\u1eddi. V\u1edbi thi\u1ebft k\u1ebf \u0111\u1ed9c quy\u1ec1n 566 dimple, d\u00f2ng b\u00f3ng n\u00e0y s\u1ebd gi\u00fap b\u1ea1n <strong data-start=\"1723\" data-end=\"1779\">gia t\u0103ng kho\u1ea3ng c\u00e1ch v\u00e0 s\u1ef1 t\u1ef1 tin trong t\u1eebng c\u00fa \u0111\u00e1nh<\/strong>.<\/p>\n<p data-start=\"1784\" data-end=\"1891\">\ud83d\udc49 <strong data-start=\"1787\" data-end=\"1889\">\u0110\u1eb7t mua b\u00f3ng golf Mizuno RB566 ch\u00ednh h\u00e3ng ngay h\u00f4m nay t\u1ea1i QuitGolf \u0111\u1ec3 nh\u1eadn nhi\u1ec1u \u01b0u \u0111\u00e3i \u0111\u1eb7c bi\u1ec7t!<\/strong><\/p>","protected":false},"excerpt":{"rendered":"<ul>\n<li data-start=\"1923\" data-end=\"2001\">\n<p data-start=\"1925\" data-end=\"2001\">Thi\u1ebft k\u1ebf <strong data-start=\"1934\" data-end=\"1958\">566 dimple \u0111\u1ed9c quy\u1ec1n<\/strong> cho th\u1eddi gian bay d\u00e0i &amp; qu\u1ef9 \u0111\u1ea1o \u1ed5n \u0111\u1ecbnh.<\/p>\n<\/li>\n<li data-start=\"2002\" data-end=\"2065\">\n<p data-start=\"2004\" data-end=\"2065\">L\u00f5i m\u1ec1m mang l\u1ea1i <strong data-start=\"2021\" data-end=\"2062\">c\u1ea3m gi\u00e1c d\u1ec5 ch\u1ecbu &amp; kho\u1ea3ng c\u00e1ch t\u1ed1i \u01b0u<\/strong>.<\/p>\n<\/li>\n<li data-start=\"2066\" data-end=\"2111\">\n<p data-start=\"2068\" data-end=\"2111\">V\u1ecf <strong data-start=\"2071\" data-end=\"2089\">ionomer b\u1ec1n b\u1ec9<\/strong>, ch\u1ed1ng m\u00e0i m\u00f2n t\u1ed1t.<\/p>\n<\/li>\n<li data-start=\"2112\" data-end=\"2162\">\n<p data-start=\"2114\" data-end=\"2162\">\u0110\u01b0\u1eddng bay <strong data-start=\"2124\" data-end=\"2159\">cao &amp; \u1ed5n \u0111\u1ecbnh ngay c\u1ea3 trong gi\u00f3<\/strong>.<\/p>\n<\/li>\n<li data-start=\"2163\" data-end=\"2225\">\n<p data-start=\"2165\" data-end=\"2225\">L\u00fd t\u01b0\u1edfng cho golfer c\u00f3 <strong data-start=\"2188\" data-end=\"2222\">swing t\u1ed1c \u0111\u1ed9 ch\u1eadm \u2013 trung b\u00ecnh<\/strong>.<\/p>\n<\/li>\n<\/ul>","protected":false},"featured_media":50069,"comment_status":"closed","ping_status":"closed","template":"","meta":{"rank_math_lock_modified_date":false},"product_brand":[794],"product_cat":[916],"product_tag":[933],"class_list":{"0":"post-50071","1":"product","2":"type-product","3":"status-publish","4":"has-post-thumbnail","6":"product_brand-mizuno","7":"product_cat-mizuno","8":"product_tag-mizuno-rb566","10":"first","11":"instock","12":"taxable","13":"shipping-taxable","14":"purchasable","15":"product-type-simple"},"_links":{"self":[{"href":"https:\/\/quitgolf.vn\/en\/wp-json\/wp\/v2\/product\/50071","targetHints":{"allow":["GET"]}}],"collection":[{"href":"https:\/\/quitgolf.vn\/en\/wp-json\/wp\/v2\/product"}],"about":[{"href":"https:\/\/quitgolf.vn\/en\/wp-json\/wp\/v2\/types\/product"}],"replies":[{"embeddable":true,"href":"https:\/\/quitgolf.vn\/en\/wp-json\/wp\/v2\/comments?post=50071"}],"wp:featuredmedia":[{"embeddable":true,"href":"https:\/\/quitgolf.vn\/en\/wp-json\/wp\/v2\/media\/50069"}],"wp:attachment":[{"href":"https:\/\/quitgolf.vn\/en\/wp-json\/wp\/v2\/media?parent=50071"}],"wp:term":[{"taxonomy":"product_brand","embeddable":true,"href":"https:\/\/quitgolf.vn\/en\/wp-json\/wp\/v2\/product_brand?post=50071"},{"taxonomy":"product_cat","embeddable":true,"href":"https:\/\/quitgolf.vn\/en\/wp-json\/wp\/v2\/product_cat?post=50071"},{"taxonomy":"product_tag","embeddable":true,"href":"https:\/\/quitgolf.vn\/en\/wp-json\/wp\/v2\/product_tag?post=50071"}],"curies":[{"name":"wp","href":"https:\/\/api.w.org\/{rel}","templated":true}]}}