{"id":50115,"date":"2025-09-21T01:53:45","date_gmt":"2025-09-20T18:53:45","guid":{"rendered":"https:\/\/quitgolf.vn\/?post_type=product&#038;p=50115"},"modified":"2025-09-21T01:54:46","modified_gmt":"2025-09-20T18:54:46","slug":"bong-golf-taylormade-tp5x-chinh-hang-3-bong","status":"publish","type":"product","link":"https:\/\/quitgolf.vn\/en\/product\/bong-golf-taylormade-tp5x-chinh-hang-3-bong\/","title":{"rendered":"B\u00f3ng Golf TaylorMade TP5x Ch\u00ednh H\u00e3ng ( 3 b\u00f3ng )"},"content":{"rendered":"<h2 data-start=\"203\" data-end=\"227\">Gi\u1edbi thi\u1ec7u s\u1ea3n ph\u1ea9m<\/h2>\n<p data-start=\"228\" data-end=\"595\"><strong data-start=\"228\" data-end=\"247\">TaylorMade TP5x<\/strong> l\u00e0 phi\u00ean b\u1ea3n song h\u00e0nh c\u00f9ng TP5 trong d\u00f2ng tour ball cao c\u1ea5p, \u0111\u01b0\u1ee3c thi\u1ebft k\u1ebf d\u00e0nh cho golfer mong mu\u1ed1n <strong data-start=\"350\" data-end=\"419\">t\u1ed1c \u0111\u1ed9 b\u00f3ng nhanh h\u01a1n, kho\u1ea3ng c\u00e1ch xa h\u01a1n v\u00e0 qu\u1ef9 \u0111\u1ea1o cao, \u1ed5n \u0111\u1ecbnh<\/strong>. V\u1edbi c\u1ea5u tr\u00fac 5 l\u1edbp \u0111\u1ed9c quy\u1ec1n c\u00f9ng c\u00f4ng ngh\u1ec7 hi\u1ec7n \u0111\u1ea1i, TP5x mang \u0111\u1ebfn s\u1ef1 k\u1ebft h\u1ee3p ho\u00e0n h\u1ea3o gi\u1eefa <strong data-start=\"514\" data-end=\"592\">hi\u1ec7u su\u1ea5t t\u1ed1i \u0111a \u1edf long game v\u00e0 kh\u1ea3 n\u0103ng ki\u1ec3m so\u00e1t chu\u1ea9n tour \u1edf short game<\/strong>.<\/p>\n<p data-start=\"597\" data-end=\"743\">T\u1ea1i <strong data-start=\"601\" data-end=\"613\">QuitGolf<\/strong>, ch\u00fang t\u00f4i cung c\u1ea5p b\u00f3ng golf TaylorMade TP5x ch\u00ednh h\u00e3ng, gi\u00fap golfer t\u1eadn h\u01b0\u1edfng hi\u1ec7u su\u1ea5t thi \u0111\u1ea5u \u0111\u1ec9nh cao trong t\u1eebng v\u00f2ng \u0111\u1ea5u.<\/p>\n<hr data-start=\"745\" data-end=\"748\" \/>\n<h2 data-start=\"750\" data-end=\"791\">\u0110\u1eb7c \u0111i\u1ec3m n\u1ed5i b\u1eadt c\u1ee7a TaylorMade TP5x<\/h2>\n<p data-start=\"792\" data-end=\"1060\">TaylorMade TP5x s\u1edf h\u1eefu <strong data-start=\"815\" data-end=\"833\">c\u1ea5u tr\u00fac 5 l\u1edbp<\/strong> t\u01b0\u01a1ng t\u1ef1 TP5 nh\u01b0ng v\u1edbi l\u00f5i v\u00e0 l\u1edbp gi\u1eefa c\u1ee9ng h\u01a1n, t\u1ea1o ra <strong data-start=\"890\" data-end=\"952\">t\u1ed1c \u0111\u1ed9 b\u00f3ng cao h\u01a1n v\u00e0 kho\u1ea3ng c\u00e1ch t\u1ed1i \u01b0u \u1edf c\u00fa ph\u00e1t driver<\/strong>. C\u00f4ng ngh\u1ec7 <strong data-start=\"964\" data-end=\"992\">High-Flex Material (HFM)<\/strong> gi\u00fap truy\u1ec1n n\u0103ng l\u01b0\u1ee3ng hi\u1ec7u qu\u1ea3, t\u0103ng \u0111\u1ed9 n\u1ea3y v\u00e0 c\u1ea3i thi\u1ec7n t\u1ed1c \u0111\u1ed9.<\/p>\n<p data-start=\"1062\" data-end=\"1350\">V\u1ecf urethane m\u1ecfng cho ph\u00e9p golfer t\u1ea1o <strong data-start=\"1099\" data-end=\"1127\">spin \u1ed5n \u0111\u1ecbnh quanh green<\/strong>, trong khi thi\u1ebft k\u1ebf kh\u00ed \u0111\u1ed9ng h\u1ecdc dimple c\u1ea3i ti\u1ebfn mang l\u1ea1i <strong data-start=\"1186\" data-end=\"1225\">\u0111\u01b0\u1eddng bay cao, \u1ed5n \u0111\u1ecbnh v\u00e0 xuy\u00ean gi\u00f3<\/strong>. TP5x \u0111\u1eb7c bi\u1ec7t ph\u00f9 h\u1ee3p v\u1edbi golfer c\u00f3 <strong data-start=\"1263\" data-end=\"1285\">swing t\u1ed1c \u0111\u1ed9 nhanh<\/strong>, mu\u1ed1n t\u1eadn d\u1ee5ng t\u1ed1i \u0111a kho\u1ea3ng c\u00e1ch m\u00e0 v\u1eabn duy tr\u00ec \u0111\u1ed9 ch\u00ednh x\u00e1c.<\/p>\n<hr data-start=\"1352\" data-end=\"1355\" \/>\n<h2 data-start=\"1357\" data-end=\"1404\">T\u1ea1i sao ch\u1ecdn TaylorMade TP5x t\u1ea1i QuitGolf?<\/h2>\n<ul data-start=\"1406\" data-end=\"1678\">\n<li data-start=\"1406\" data-end=\"1451\">\n<p data-start=\"1408\" data-end=\"1451\">\u2705 S\u1ea3n ph\u1ea9m ch\u00ednh h\u00e3ng 100% t\u1eeb TaylorMade.<\/p>\n<\/li>\n<li data-start=\"1452\" data-end=\"1510\">\n<p data-start=\"1454\" data-end=\"1510\">\u2705 Gi\u00e1 c\u1ea1nh tranh, nhi\u1ec1u \u01b0u \u0111\u00e3i h\u1ea5p d\u1eabn cho kh\u00e1ch h\u00e0ng.<\/p>\n<\/li>\n<li data-start=\"1511\" data-end=\"1570\">\n<p data-start=\"1513\" data-end=\"1570\">\u2705 T\u01b0 v\u1ea5n ch\u1ecdn b\u00f3ng ph\u00f9 h\u1ee3p v\u1edbi tr\u00ecnh \u0111\u1ed9 &amp; t\u1ed1c \u0111\u1ed9 swing.<\/p>\n<\/li>\n<li data-start=\"1571\" data-end=\"1617\">\n<p data-start=\"1573\" data-end=\"1617\">\u2705 Giao h\u00e0ng nhanh ch\u00f3ng, \u0111\u00f3ng g\u00f3i an to\u00e0n.<\/p>\n<\/li>\n<li data-start=\"1618\" data-end=\"1678\">\n<p data-start=\"1620\" data-end=\"1678\">\u2705 Cam k\u1ebft uy t\u00edn \u2013 ch\u1ea5t l\u01b0\u1ee3ng \u2013 d\u1ecbch v\u1ee5 h\u1eadu m\u00e3i t\u1eadn t\u00e2m.<\/p>\n<\/li>\n<\/ul>\n<hr data-start=\"1680\" data-end=\"1683\" \/>\n<h2 data-start=\"1685\" data-end=\"1698\">K\u1ebft lu\u1eadn<\/h2>\n<p data-start=\"1699\" data-end=\"1969\">N\u1ebfu b\u1ea1n l\u00e0 golfer c\u00f3 <strong data-start=\"1720\" data-end=\"1735\">swing nhanh<\/strong> v\u00e0 c\u1ea7n m\u1ed9t qu\u1ea3 b\u00f3ng mang l\u1ea1i <strong data-start=\"1765\" data-end=\"1822\">t\u1ed1c \u0111\u1ed9 b\u00f3ng t\u1ed1i \u0111a, kho\u1ea3ng c\u00e1ch xa v\u00e0 qu\u1ef9 \u0111\u1ea1o \u1ed5n \u0111\u1ecbnh<\/strong>, th\u00ec <strong data-start=\"1828\" data-end=\"1847\">TaylorMade TP5x<\/strong> ch\u00ednh l\u00e0 l\u1ef1a ch\u1ecdn l\u00fd t\u01b0\u1edfng. \u0110\u00e2y l\u00e0 d\u00f2ng b\u00f3ng tour-level gi\u00fap golfer t\u1ef1 tin trong m\u1ecdi c\u00fa \u0111\u00e1nh, t\u1eeb driver \u0111\u1ebfn short game.<\/p>\n<p data-start=\"1971\" data-end=\"2081\">\ud83d\udc49 <strong data-start=\"1974\" data-end=\"2079\">\u0110\u1eb7t mua b\u00f3ng golf TaylorMade TP5x ch\u00ednh h\u00e3ng ngay h\u00f4m nay t\u1ea1i QuitGolf \u0111\u1ec3 nh\u1eadn nhi\u1ec1u \u01b0u \u0111\u00e3i \u0111\u1eb7c bi\u1ec7t!<\/strong><\/p>","protected":false},"excerpt":{"rendered":"<ul>\n<li data-start=\"2113\" data-end=\"2166\">\n<p data-start=\"2115\" data-end=\"2166\"><strong data-start=\"2115\" data-end=\"2133\">C\u1ea5u tr\u00fac 5 l\u1edbp<\/strong> \u2192 t\u1ed1i \u0111a t\u1ed1c \u0111\u1ed9 &amp; kho\u1ea3ng c\u00e1ch.<\/p>\n<\/li>\n<li data-start=\"2167\" data-end=\"2239\">\n<p data-start=\"2169\" data-end=\"2239\"><strong data-start=\"2169\" data-end=\"2197\">High-Flex Material (HFM)<\/strong> \u2192 t\u0103ng \u0111\u00e0n h\u1ed3i &amp; c\u1ea3i thi\u1ec7n t\u1ed1c \u0111\u1ed9 b\u00f3ng.<\/p>\n<\/li>\n<li data-start=\"2240\" data-end=\"2300\">\n<p data-start=\"2242\" data-end=\"2300\">V\u1ecf <strong data-start=\"2245\" data-end=\"2270\">urethane m\u1ecfng cao c\u1ea5p<\/strong> \u2192 spin \u1ed5n \u0111\u1ecbnh quanh green.<\/p>\n<\/li>\n<li data-start=\"2301\" data-end=\"2373\">\n<p data-start=\"2303\" data-end=\"2373\"><strong data-start=\"2303\" data-end=\"2335\">Kh\u00ed \u0111\u1ed9ng h\u1ecdc dimple c\u1ea3i ti\u1ebfn<\/strong> \u2192 qu\u1ef9 \u0111\u1ea1o cao, \u1ed5n \u0111\u1ecbnh &amp; xuy\u00ean gi\u00f3.<\/p>\n<\/li>\n<li data-start=\"2374\" data-end=\"2421\">\n<p data-start=\"2376\" data-end=\"2421\">T\u1ed1i \u01b0u cho golfer c\u00f3 <strong data-start=\"2397\" data-end=\"2418\">swing speed nhanh<\/strong>.<\/p>\n<\/li>\n<\/ul>","protected":false},"featured_media":50113,"comment_status":"closed","ping_status":"closed","template":"","meta":{"rank_math_lock_modified_date":false},"product_brand":[937],"product_cat":[913],"product_tag":[939],"class_list":{"0":"post-50115","1":"product","2":"type-product","3":"status-publish","4":"has-post-thumbnail","6":"product_brand-taylormade","7":"product_cat-taylormade","8":"product_tag-taylormade-tp5x","10":"first","11":"instock","12":"taxable","13":"shipping-taxable","14":"purchasable","15":"product-type-simple"},"_links":{"self":[{"href":"https:\/\/quitgolf.vn\/en\/wp-json\/wp\/v2\/product\/50115","targetHints":{"allow":["GET"]}}],"collection":[{"href":"https:\/\/quitgolf.vn\/en\/wp-json\/wp\/v2\/product"}],"about":[{"href":"https:\/\/quitgolf.vn\/en\/wp-json\/wp\/v2\/types\/product"}],"replies":[{"embeddable":true,"href":"https:\/\/quitgolf.vn\/en\/wp-json\/wp\/v2\/comments?post=50115"}],"wp:featuredmedia":[{"embeddable":true,"href":"https:\/\/quitgolf.vn\/en\/wp-json\/wp\/v2\/media\/50113"}],"wp:attachment":[{"href":"https:\/\/quitgolf.vn\/en\/wp-json\/wp\/v2\/media?parent=50115"}],"wp:term":[{"taxonomy":"product_brand","embeddable":true,"href":"https:\/\/quitgolf.vn\/en\/wp-json\/wp\/v2\/product_brand?post=50115"},{"taxonomy":"product_cat","embeddable":true,"href":"https:\/\/quitgolf.vn\/en\/wp-json\/wp\/v2\/product_cat?post=50115"},{"taxonomy":"product_tag","embeddable":true,"href":"https:\/\/quitgolf.vn\/en\/wp-json\/wp\/v2\/product_tag?post=50115"}],"curies":[{"name":"wp","href":"https:\/\/api.w.org\/{rel}","templated":true}]}}