{"id":50124,"date":"2025-09-21T01:57:54","date_gmt":"2025-09-20T18:57:54","guid":{"rendered":"https:\/\/quitgolf.vn\/?post_type=product&#038;p=50124"},"modified":"2025-09-21T02:06:55","modified_gmt":"2025-09-20T19:06:55","slug":"bong-golf-titleist-avx-chinh-hang-3-bong","status":"publish","type":"product","link":"https:\/\/quitgolf.vn\/en\/product\/bong-golf-titleist-avx-chinh-hang-3-bong\/","title":{"rendered":"B\u00f3ng Golf Titleist AVX Ch\u00ednh H\u00e3ng ( 3 b\u00f3ng )"},"content":{"rendered":"<h2 data-start=\"168\" data-end=\"192\">Gi\u1edbi thi\u1ec7u s\u1ea3n ph\u1ea9m<\/h2>\n<p data-start=\"193\" data-end=\"577\"><strong data-start=\"193\" data-end=\"209\">Titleist AVX<\/strong> l\u00e0 d\u00f2ng b\u00f3ng cao c\u1ea5p \u0111\u01b0\u1ee3c thi\u1ebft k\u1ebf d\u00e0nh cho golfer mong mu\u1ed1n <strong data-start=\"271\" data-end=\"387\">qu\u1ef9 \u0111\u1ea1o b\u00f3ng th\u1ea5p h\u01a1n, spin \u00edt h\u01a1n \u1edf long game nh\u01b0ng v\u1eabn gi\u1eef \u0111\u01b0\u1ee3c c\u1ea3m gi\u00e1c m\u1ec1m m\u1ea1i v\u00e0 ki\u1ec3m so\u00e1t t\u1ed1t \u1edf short game<\/strong>. V\u1edbi c\u00f4ng ngh\u1ec7 ti\u00ean ti\u1ebfn t\u1eeb Titleist, AVX mang \u0111\u1ebfn <strong data-start=\"439\" data-end=\"503\">kho\u1ea3ng c\u00e1ch v\u01b0\u1ee3t tr\u1ed9i, c\u1ea3m gi\u00e1c cao c\u1ea5p v\u00e0 hi\u1ec7u su\u1ea5t \u1ed5n \u0111\u1ecbnh<\/strong>, tr\u1edf th\u00e0nh l\u1ef1a ch\u1ecdn l\u00fd t\u01b0\u1edfng cho nhi\u1ec1u golfer mu\u1ed1n t\u1ed1i \u01b0u c\u00fa ph\u00e1t b\u00f3ng.<\/p>\n<p data-start=\"579\" data-end=\"710\">T\u1ea1i <strong data-start=\"583\" data-end=\"595\">QuitGolf<\/strong>, ch\u00fang t\u00f4i ph\u00e2n ph\u1ed1i b\u00f3ng golf Titleist AVX ch\u00ednh h\u00e3ng, gi\u00fap golfer tr\u1ea3i nghi\u1ec7m s\u1ef1 kh\u00e1c bi\u1ec7t trong t\u1eebng c\u00fa \u0111\u00e1nh.<\/p>\n<hr data-start=\"712\" data-end=\"715\" \/>\n<h2 data-start=\"717\" data-end=\"755\">\u0110\u1eb7c \u0111i\u1ec3m n\u1ed5i b\u1eadt c\u1ee7a Titleist AVX<\/h2>\n<p data-start=\"756\" data-end=\"1040\">Titleist AVX \u0111\u01b0\u1ee3c trang b\u1ecb <strong data-start=\"783\" data-end=\"820\">l\u00f5i c\u00f4ng ngh\u1ec7 m\u1edbi v\u1edbi \u0111\u1ed9 n\u00e9n th\u1ea5p<\/strong>, gi\u00fap t\u1ea1o c\u1ea3m gi\u00e1c m\u1ec1m m\u1ea1i nh\u01b0ng v\u1eabn duy tr\u00ec t\u1ed1c \u0111\u1ed9 b\u00f3ng cao. V\u1ecf urethane m\u1ecfng cao c\u1ea5p mang l\u1ea1i <strong data-start=\"917\" data-end=\"961\">kh\u1ea3 n\u0103ng ki\u1ec3m so\u00e1t tuy\u1ec7t v\u1eddi quanh green<\/strong>, trong khi l\u1edbp mantle linh ho\u1ea1t h\u1ed7 tr\u1ee3 t\u0103ng t\u1ed1c \u0111\u1ed9 v\u00e0 gi\u1ea3m spin \u1edf long game.<\/p>\n<p data-start=\"1042\" data-end=\"1330\">Ngo\u00e0i ra, thi\u1ebft k\u1ebf kh\u00ed \u0111\u1ed9ng h\u1ecdc dimple ti\u00ean ti\u1ebfn cho ph\u00e9p b\u00f3ng <strong data-start=\"1105\" data-end=\"1149\">gi\u1eef \u0111\u01b0\u1eddng bay th\u1ea5p, \u1ed5n \u0111\u1ecbnh v\u00e0 xuy\u00ean gi\u00f3<\/strong>, mang l\u1ea1i s\u1ef1 t\u1ef1 tin cho golfer ngay c\u1ea3 trong \u0111i\u1ec1u ki\u1ec7n th\u1eddi ti\u1ebft kh\u00f3 kh\u0103n. \u0110\u00e2y l\u00e0 l\u1ef1a ch\u1ecdn ho\u00e0n h\u1ea3o cho golfer mu\u1ed1n <strong data-start=\"1266\" data-end=\"1327\">k\u1ebft h\u1ee3p gi\u1eefa kho\u1ea3ng c\u00e1ch xa, c\u1ea3m gi\u00e1c m\u1ec1m v\u00e0 qu\u1ef9 \u0111\u1ea1o th\u1ea5p<\/strong>.<\/p>\n<hr data-start=\"1332\" data-end=\"1335\" \/>\n<h2 data-start=\"1337\" data-end=\"1381\">T\u1ea1i sao ch\u1ecdn Titleist AVX t\u1ea1i QuitGolf?<\/h2>\n<ul data-start=\"1383\" data-end=\"1679\">\n<li data-start=\"1383\" data-end=\"1426\">\n<p data-start=\"1385\" data-end=\"1426\">\u2705 S\u1ea3n ph\u1ea9m ch\u00ednh h\u00e3ng 100% t\u1eeb Titleist.<\/p>\n<\/li>\n<li data-start=\"1427\" data-end=\"1485\">\n<p data-start=\"1429\" data-end=\"1485\">\u2705 Gi\u00e1 c\u1ea1nh tranh, nhi\u1ec1u \u01b0u \u0111\u00e3i h\u1ea5p d\u1eabn cho kh\u00e1ch h\u00e0ng.<\/p>\n<\/li>\n<li data-start=\"1486\" data-end=\"1555\">\n<p data-start=\"1488\" data-end=\"1555\">\u2705 H\u1ed7 tr\u1ee3 t\u01b0 v\u1ea5n ch\u1ecdn b\u00f3ng ph\u00f9 h\u1ee3p v\u1edbi tr\u00ecnh \u0111\u1ed9 &amp; phong c\u00e1ch ch\u01a1i.<\/p>\n<\/li>\n<li data-start=\"1556\" data-end=\"1612\">\n<p data-start=\"1558\" data-end=\"1612\">\u2705 Giao h\u00e0ng nhanh ch\u00f3ng to\u00e0n qu\u1ed1c, \u0111\u00f3ng g\u00f3i an to\u00e0n.<\/p>\n<\/li>\n<li data-start=\"1613\" data-end=\"1679\">\n<p data-start=\"1615\" data-end=\"1679\">\u2705 Cam k\u1ebft uy t\u00edn \u2013 ch\u1ea5t l\u01b0\u1ee3ng \u2013 d\u1ecbch v\u1ee5 h\u1eadu m\u00e3i chuy\u00ean nghi\u1ec7p.<\/p>\n<\/li>\n<\/ul>\n<hr data-start=\"1681\" data-end=\"1684\" \/>\n<h2 data-start=\"1686\" data-end=\"1699\">K\u1ebft lu\u1eadn<\/h2>\n<p data-start=\"1700\" data-end=\"1953\">N\u1ebfu b\u1ea1n \u0111ang t\u00ecm m\u1ed9t qu\u1ea3 b\u00f3ng golf cao c\u1ea5p v\u1edbi <strong data-start=\"1747\" data-end=\"1802\">c\u1ea3m gi\u00e1c m\u1ec1m, qu\u1ef9 \u0111\u1ea1o th\u1ea5p v\u00e0 kho\u1ea3ng c\u00e1ch v\u01b0\u1ee3t tr\u1ed9i<\/strong>, th\u00ec <strong data-start=\"1808\" data-end=\"1824\">Titleist AVX<\/strong> ch\u00ednh l\u00e0 l\u1ef1a ch\u1ecdn ho\u00e0n h\u1ea3o. \u0110\u00e2y l\u00e0 d\u00f2ng b\u00f3ng mang \u0111\u1ebfn <strong data-start=\"1879\" data-end=\"1950\">hi\u1ec7u su\u1ea5t \u1ed5n \u0111\u1ecbnh, c\u1ea3m gi\u00e1c cao c\u1ea5p v\u00e0 s\u1ef1 t\u1ef1 tin trong t\u1eebng c\u00fa \u0111\u00e1nh<\/strong>.<\/p>\n<p data-start=\"1955\" data-end=\"2062\">\ud83d\udc49 <strong data-start=\"1958\" data-end=\"2060\">\u0110\u1eb7t mua b\u00f3ng golf Titleist AVX ch\u00ednh h\u00e3ng ngay h\u00f4m nay t\u1ea1i QuitGolf \u0111\u1ec3 nh\u1eadn nhi\u1ec1u \u01b0u \u0111\u00e3i \u0111\u1eb7c bi\u1ec7t!<\/strong><\/p>","protected":false},"excerpt":{"rendered":"<ul>\n<li data-start=\"2094\" data-end=\"2143\">\n<p data-start=\"2096\" data-end=\"2143\"><strong data-start=\"2096\" data-end=\"2112\">L\u00f5i n\u00e9n th\u1ea5p<\/strong> \u2192 c\u1ea3m gi\u00e1c m\u1ec1m &amp; t\u1ed1c \u0111\u1ed9 cao.<\/p>\n<\/li>\n<li data-start=\"2144\" data-end=\"2207\">\n<p data-start=\"2146\" data-end=\"2207\"><strong data-start=\"2146\" data-end=\"2166\">Mantle linh ho\u1ea1t<\/strong> \u2192 t\u0103ng t\u1ed1c \u0111\u1ed9 &amp; gi\u1ea3m spin \u1edf long game.<\/p>\n<\/li>\n<li data-start=\"2208\" data-end=\"2271\">\n<p data-start=\"2210\" data-end=\"2271\">V\u1ecf <strong data-start=\"2213\" data-end=\"2233\">urethane cao c\u1ea5p<\/strong> \u2192 spin &amp; ki\u1ec3m so\u00e1t t\u1ed1t quanh green.<\/p>\n<\/li>\n<li data-start=\"2272\" data-end=\"2348\">\n<p data-start=\"2274\" data-end=\"2348\"><strong data-start=\"2274\" data-end=\"2307\">Dimple kh\u00ed \u0111\u1ed9ng h\u1ecdc ti\u00ean ti\u1ebfn<\/strong> \u2192 \u0111\u01b0\u1eddng bay th\u1ea5p, \u1ed5n \u0111\u1ecbnh &amp; xuy\u00ean gi\u00f3.<\/p>\n<\/li>\n<li data-start=\"2349\" data-end=\"2426\">\n<p data-start=\"2351\" data-end=\"2426\">L\u00fd t\u01b0\u1edfng cho golfer mu\u1ed1n <strong data-start=\"2376\" data-end=\"2423\">qu\u1ef9 \u0111\u1ea1o th\u1ea5p, kho\u1ea3ng c\u00e1ch xa &amp; c\u1ea3m gi\u00e1c m\u1ec1m<\/strong>.<\/p>\n<\/li>\n<\/ul>","protected":false},"featured_media":50120,"comment_status":"closed","ping_status":"closed","template":"","meta":{"rank_math_lock_modified_date":false},"product_brand":[786],"product_cat":[911],"product_tag":[940],"class_list":{"0":"post-50124","1":"product","2":"type-product","3":"status-publish","4":"has-post-thumbnail","6":"product_brand-titleist","7":"product_cat-titleist","8":"product_tag-titleist-avx","10":"first","11":"instock","12":"taxable","13":"shipping-taxable","14":"purchasable","15":"product-type-simple"},"_links":{"self":[{"href":"https:\/\/quitgolf.vn\/en\/wp-json\/wp\/v2\/product\/50124","targetHints":{"allow":["GET"]}}],"collection":[{"href":"https:\/\/quitgolf.vn\/en\/wp-json\/wp\/v2\/product"}],"about":[{"href":"https:\/\/quitgolf.vn\/en\/wp-json\/wp\/v2\/types\/product"}],"replies":[{"embeddable":true,"href":"https:\/\/quitgolf.vn\/en\/wp-json\/wp\/v2\/comments?post=50124"}],"wp:featuredmedia":[{"embeddable":true,"href":"https:\/\/quitgolf.vn\/en\/wp-json\/wp\/v2\/media\/50120"}],"wp:attachment":[{"href":"https:\/\/quitgolf.vn\/en\/wp-json\/wp\/v2\/media?parent=50124"}],"wp:term":[{"taxonomy":"product_brand","embeddable":true,"href":"https:\/\/quitgolf.vn\/en\/wp-json\/wp\/v2\/product_brand?post=50124"},{"taxonomy":"product_cat","embeddable":true,"href":"https:\/\/quitgolf.vn\/en\/wp-json\/wp\/v2\/product_cat?post=50124"},{"taxonomy":"product_tag","embeddable":true,"href":"https:\/\/quitgolf.vn\/en\/wp-json\/wp\/v2\/product_tag?post=50124"}],"curies":[{"name":"wp","href":"https:\/\/api.w.org\/{rel}","templated":true}]}}