{"id":50125,"date":"2025-09-21T01:59:55","date_gmt":"2025-09-20T18:59:55","guid":{"rendered":"https:\/\/quitgolf.vn\/?post_type=product&#038;p=50125"},"modified":"2025-09-21T01:59:55","modified_gmt":"2025-09-20T18:59:55","slug":"bong-golf-titleist-pro-v1-chinh-hang-12-bong","status":"publish","type":"product","link":"https:\/\/quitgolf.vn\/en\/product\/bong-golf-titleist-pro-v1-chinh-hang-12-bong\/","title":{"rendered":"B\u00f3ng Golf Titleist Pro V1 Ch\u00ednh H\u00e3ng ( 12 b\u00f3ng )"},"content":{"rendered":"<h2 data-start=\"196\" data-end=\"220\">Gi\u1edbi thi\u1ec7u s\u1ea3n ph\u1ea9m<\/h2>\n<p data-start=\"221\" data-end=\"632\"><strong data-start=\"221\" data-end=\"240\">Titleist Pro V1<\/strong> l\u00e0 d\u00f2ng b\u00f3ng golf huy\u1ec1n tho\u1ea1i, \u0111\u01b0\u1ee3c tin d\u00f9ng b\u1edfi h\u00e0ng lo\u1ea1t golfer chuy\u00ean nghi\u1ec7p tr\u00ean tour nh\u1edd <strong data-start=\"335\" data-end=\"413\">c\u1ea3m gi\u00e1c m\u1ec1m m\u1ea1i, kh\u1ea3 n\u0103ng ki\u1ec3m so\u00e1t spin tuy\u1ec7t v\u1eddi v\u00e0 hi\u1ec7u su\u1ea5t to\u00e0n di\u1ec7n<\/strong>. V\u1edbi thi\u1ebft k\u1ebf nhi\u1ec1u l\u1edbp hi\u1ec7n \u0111\u1ea1i v\u00e0 l\u1edbp v\u1ecf urethane m\u1ecfng cao c\u1ea5p, Pro V1 mang \u0111\u1ebfn <strong data-start=\"496\" data-end=\"559\">\u0111\u01b0\u1eddng bay \u1ed5n \u0111\u1ecbnh, qu\u1ef9 \u0111\u1ea1o trung b\u00ecnh v\u00e0 kho\u1ea3ng c\u00e1ch t\u1ed1i \u01b0u<\/strong>, ph\u00f9 h\u1ee3p cho golfer mu\u1ed1n n\u00e2ng t\u1ea7m cu\u1ed9c ch\u01a1i v\u1edbi b\u00f3ng chu\u1ea9n tour-level.<\/p>\n<p data-start=\"634\" data-end=\"778\">T\u1ea1i <strong data-start=\"638\" data-end=\"650\">QuitGolf<\/strong>, ch\u00fang t\u00f4i t\u1ef1 h\u00e0o ph\u00e2n ph\u1ed1i b\u00f3ng golf Titleist Pro V1 ch\u00ednh h\u00e3ng, mang \u0111\u1ebfn cho golfer tr\u1ea3i nghi\u1ec7m cao c\u1ea5p trong t\u1eebng c\u00fa \u0111\u00e1nh.<\/p>\n<hr data-start=\"780\" data-end=\"783\" \/>\n<h2 data-start=\"785\" data-end=\"826\">\u0110\u1eb7c \u0111i\u1ec3m n\u1ed5i b\u1eadt c\u1ee7a Titleist Pro V1<\/h2>\n<p data-start=\"827\" data-end=\"1136\">Titleist Pro V1 n\u1ed5i b\u1eadt v\u1edbi <strong data-start=\"855\" data-end=\"885\">l\u00f5i n\u00e9n th\u1ea5p c\u00f4ng ngh\u1ec7 m\u1edbi<\/strong>, gi\u00fap b\u00f3ng t\u1ea1o ra <strong data-start=\"904\" data-end=\"963\">t\u1ed1c \u0111\u1ed9 \u1ed5n \u0111\u1ecbnh, c\u1ea3m gi\u00e1c m\u1ec1m v\u00e0 \u0111\u1ed9 xo\u00e1y cao quanh green<\/strong>. L\u1edbp mantle linh ho\u1ea1t k\u1ebft h\u1ee3p v\u1edbi v\u1ecf urethane m\u1ecfng cao c\u1ea5p cho ph\u00e9p b\u00f3ng <strong data-start=\"1037\" data-end=\"1061\">b\u00e1m r\u00e3nh g\u1eady t\u1ed1t h\u01a1n<\/strong>, t\u1ea1o spin m\u1ea1nh m\u1ebd \u1edf short game nh\u01b0ng v\u1eabn gi\u1eef kho\u1ea3ng c\u00e1ch xa \u1edf long game.<\/p>\n<p data-start=\"1138\" data-end=\"1401\">Ngo\u00e0i ra, thi\u1ebft k\u1ebf kh\u00ed \u0111\u1ed9ng h\u1ecdc v\u1edbi <strong data-start=\"1174\" data-end=\"1199\">s\u1eafp x\u1ebfp dimple t\u1ed1i \u01b0u<\/strong> gi\u00fap b\u00f3ng <strong data-start=\"1210\" data-end=\"1272\">bay \u1ed5n \u0111\u1ecbnh, qu\u1ef9 \u0111\u1ea1o trung b\u00ecnh v\u00e0 \u00edt b\u1ecb \u1ea3nh h\u01b0\u1edfng b\u1edfi gi\u00f3<\/strong>. \u0110\u00e2y l\u00e0 d\u00f2ng b\u00f3ng l\u00fd t\u01b0\u1edfng cho golfer mong mu\u1ed1n <strong data-start=\"1321\" data-end=\"1398\">c\u00e2n b\u1eb1ng gi\u1eefa kho\u1ea3ng c\u00e1ch, \u0111\u1ed9 ch\u00ednh x\u00e1c v\u00e0 kh\u1ea3 n\u0103ng ki\u1ec3m so\u00e1t quanh green<\/strong>.<\/p>\n<hr data-start=\"1403\" data-end=\"1406\" \/>\n<h2 data-start=\"1408\" data-end=\"1455\">T\u1ea1i sao ch\u1ecdn Titleist Pro V1 t\u1ea1i QuitGolf?<\/h2>\n<ul data-start=\"1457\" data-end=\"1747\">\n<li data-start=\"1457\" data-end=\"1500\">\n<p data-start=\"1459\" data-end=\"1500\">\u2705 S\u1ea3n ph\u1ea9m ch\u00ednh h\u00e3ng 100% t\u1eeb Titleist.<\/p>\n<\/li>\n<li data-start=\"1501\" data-end=\"1559\">\n<p data-start=\"1503\" data-end=\"1559\">\u2705 Gi\u00e1 c\u1ea1nh tranh, nhi\u1ec1u \u01b0u \u0111\u00e3i h\u1ea5p d\u1eabn cho kh\u00e1ch h\u00e0ng.<\/p>\n<\/li>\n<li data-start=\"1560\" data-end=\"1627\">\n<p data-start=\"1562\" data-end=\"1627\">\u2705 \u0110\u1ed9i ng\u0169 t\u01b0 v\u1ea5n ch\u1ecdn b\u00f3ng theo phong c\u00e1ch ch\u01a1i &amp; t\u1ed1c \u0111\u1ed9 swing.<\/p>\n<\/li>\n<li data-start=\"1628\" data-end=\"1675\">\n<p data-start=\"1630\" data-end=\"1675\">\u2705 Giao h\u00e0ng nhanh ch\u00f3ng, \u0111\u00f3ng g\u00f3i k\u1ef9 l\u01b0\u1ee1ng.<\/p>\n<\/li>\n<li data-start=\"1676\" data-end=\"1747\">\n<p data-start=\"1678\" data-end=\"1747\">\u2705 Cam k\u1ebft uy t\u00edn \u2013 ch\u1ea5t l\u01b0\u1ee3ng \u2013 d\u1ecbch v\u1ee5 sau b\u00e1n h\u00e0ng chuy\u00ean nghi\u1ec7p.<\/p>\n<\/li>\n<\/ul>\n<hr data-start=\"1749\" data-end=\"1752\" \/>\n<h2 data-start=\"1754\" data-end=\"1767\">K\u1ebft lu\u1eadn<\/h2>\n<p data-start=\"1768\" data-end=\"2025\">N\u1ebfu b\u1ea1n mu\u1ed1n m\u1ed9t qu\u1ea3 b\u00f3ng golf <strong data-start=\"1799\" data-end=\"1867\">chu\u1ea9n tour v\u1edbi c\u1ea3m gi\u00e1c m\u1ec1m m\u1ea1i, spin cao v\u00e0 hi\u1ec7u su\u1ea5t to\u00e0n di\u1ec7n<\/strong>, th\u00ec <strong data-start=\"1873\" data-end=\"1892\">Titleist Pro V1<\/strong> ch\u00ednh l\u00e0 l\u1ef1a ch\u1ecdn kh\u00f4ng th\u1ec3 thi\u1ebfu trong t\u00fai g\u1eady. \u0110\u00e2y l\u00e0 d\u00f2ng b\u00f3ng mang l\u1ea1i <strong data-start=\"1968\" data-end=\"2022\">s\u1ef1 t\u1ef1 tin v\u00e0 \u1ed5n \u0111\u1ecbnh trong m\u1ecdi t\u00ecnh hu\u1ed1ng tr\u00ean s\u00e2n<\/strong>.<\/p>\n<p data-start=\"2027\" data-end=\"2137\">\ud83d\udc49 <strong data-start=\"2030\" data-end=\"2135\">\u0110\u1eb7t mua b\u00f3ng golf Titleist Pro V1 ch\u00ednh h\u00e3ng ngay h\u00f4m nay t\u1ea1i QuitGolf \u0111\u1ec3 nh\u1eadn nhi\u1ec1u \u01b0u \u0111\u00e3i \u0111\u1eb7c bi\u1ec7t!<\/strong><\/p>","protected":false},"excerpt":{"rendered":"<ul>\n<li data-start=\"2169\" data-end=\"2236\">\n<p data-start=\"2171\" data-end=\"2236\"><strong data-start=\"2171\" data-end=\"2201\">L\u00f5i n\u00e9n th\u1ea5p c\u00f4ng ngh\u1ec7 m\u1edbi<\/strong> \u2192 c\u1ea3m gi\u00e1c m\u1ec1m &amp; t\u1ed1c \u0111\u1ed9 \u1ed5n \u0111\u1ecbnh.<\/p>\n<\/li>\n<li data-start=\"2237\" data-end=\"2310\">\n<p data-start=\"2239\" data-end=\"2310\"><strong data-start=\"2239\" data-end=\"2259\">Mantle linh ho\u1ea1t<\/strong> \u2192 t\u1ed1i \u01b0u truy\u1ec1n n\u0103ng l\u01b0\u1ee3ng &amp; gi\u1eef kho\u1ea3ng c\u00e1ch xa.<\/p>\n<\/li>\n<li data-start=\"2311\" data-end=\"2390\">\n<p data-start=\"2313\" data-end=\"2390\">V\u1ecf <strong data-start=\"2316\" data-end=\"2341\">urethane m\u1ecfng cao c\u1ea5p<\/strong> \u2192 spin m\u1ea1nh &amp; ki\u1ec3m so\u00e1t tuy\u1ec7t v\u1eddi quanh green.<\/p>\n<\/li>\n<li data-start=\"2391\" data-end=\"2466\">\n<p data-start=\"2393\" data-end=\"2466\"><strong data-start=\"2393\" data-end=\"2423\">Dimple kh\u00ed \u0111\u1ed9ng h\u1ecdc t\u1ed1i \u01b0u<\/strong> \u2192 \u0111\u01b0\u1eddng bay \u1ed5n \u0111\u1ecbnh, qu\u1ef9 \u0111\u1ea1o trung b\u00ecnh.<\/p>\n<\/li>\n<li data-start=\"2467\" data-end=\"2539\">\n<p data-start=\"2469\" data-end=\"2539\">Ph\u00f9 h\u1ee3p v\u1edbi golfer mu\u1ed1n <strong data-start=\"2493\" data-end=\"2536\">hi\u1ec7u su\u1ea5t tour to\u00e0n di\u1ec7n &amp; c\u1ea3m gi\u00e1c m\u1ec1m<\/strong>.<\/p>\n<\/li>\n<\/ul>","protected":false},"featured_media":50126,"comment_status":"closed","ping_status":"closed","template":"","meta":{"rank_math_lock_modified_date":false},"product_brand":[786],"product_cat":[911],"product_tag":[941],"class_list":{"0":"post-50125","1":"product","2":"type-product","3":"status-publish","4":"has-post-thumbnail","6":"product_brand-titleist","7":"product_cat-titleist","8":"product_tag-titleist-pro-v1","10":"first","11":"instock","12":"taxable","13":"shipping-taxable","14":"purchasable","15":"product-type-simple"},"_links":{"self":[{"href":"https:\/\/quitgolf.vn\/en\/wp-json\/wp\/v2\/product\/50125","targetHints":{"allow":["GET"]}}],"collection":[{"href":"https:\/\/quitgolf.vn\/en\/wp-json\/wp\/v2\/product"}],"about":[{"href":"https:\/\/quitgolf.vn\/en\/wp-json\/wp\/v2\/types\/product"}],"replies":[{"embeddable":true,"href":"https:\/\/quitgolf.vn\/en\/wp-json\/wp\/v2\/comments?post=50125"}],"wp:featuredmedia":[{"embeddable":true,"href":"https:\/\/quitgolf.vn\/en\/wp-json\/wp\/v2\/media\/50126"}],"wp:attachment":[{"href":"https:\/\/quitgolf.vn\/en\/wp-json\/wp\/v2\/media?parent=50125"}],"wp:term":[{"taxonomy":"product_brand","embeddable":true,"href":"https:\/\/quitgolf.vn\/en\/wp-json\/wp\/v2\/product_brand?post=50125"},{"taxonomy":"product_cat","embeddable":true,"href":"https:\/\/quitgolf.vn\/en\/wp-json\/wp\/v2\/product_cat?post=50125"},{"taxonomy":"product_tag","embeddable":true,"href":"https:\/\/quitgolf.vn\/en\/wp-json\/wp\/v2\/product_tag?post=50125"}],"curies":[{"name":"wp","href":"https:\/\/api.w.org\/{rel}","templated":true}]}}