{"id":50140,"date":"2025-09-21T02:07:39","date_gmt":"2025-09-20T19:07:39","guid":{"rendered":"https:\/\/quitgolf.vn\/?post_type=product&#038;p=50140"},"modified":"2025-09-21T02:09:02","modified_gmt":"2025-09-20T19:09:02","slug":"bong-golf-titleist-pro-v1x-chinh-hang-3-bong","status":"publish","type":"product","link":"https:\/\/quitgolf.vn\/en\/product\/bong-golf-titleist-pro-v1x-chinh-hang-3-bong\/","title":{"rendered":"B\u00f3ng Golf Titleist Pro V1x Ch\u00ednh H\u00e3ng ( 3 b\u00f3ng )"},"content":{"rendered":"<h2 data-start=\"186\" data-end=\"210\">Gi\u1edbi thi\u1ec7u s\u1ea3n ph\u1ea9m<\/h2>\n<p data-start=\"211\" data-end=\"562\"><strong data-start=\"211\" data-end=\"231\">Titleist Pro V1x<\/strong> l\u00e0 d\u00f2ng b\u00f3ng golf cao c\u1ea5p chu\u1ea9n Tour, \u0111\u01b0\u1ee3c thi\u1ebft k\u1ebf d\u00e0nh cho golfer mu\u1ed1n <strong data-start=\"305\" data-end=\"382\">qu\u1ef9 \u0111\u1ea1o b\u00f3ng cao h\u01a1n, nhi\u1ec1u spin h\u01a1n v\u00e0 ki\u1ec3m so\u00e1t t\u1ed1i \u0111a trong short game<\/strong>. So v\u1edbi Pro V1, Pro V1x mang l\u1ea1i <strong data-start=\"416\" data-end=\"505\">\u0111\u01b0\u1eddng bay cao h\u01a1n, c\u1ea3m gi\u00e1c ch\u1eafc tay h\u01a1n khi impact v\u00e0 spin nhi\u1ec1u h\u01a1n \u1edf approach shot<\/strong>, gi\u00fap golfer t\u1ef1 tin chinh ph\u1ee5c m\u1ecdi th\u1eed th\u00e1ch tr\u00ean s\u00e2n.<\/p>\n<p data-start=\"564\" data-end=\"754\">T\u1ea1i <strong data-start=\"568\" data-end=\"580\">QuitGolf<\/strong>, ch\u00fang t\u00f4i ph\u00e2n ph\u1ed1i b\u00f3ng golf Titleist Pro V1x ch\u00ednh h\u00e3ng, gi\u00fap golfer t\u1eadn h\u01b0\u1edfng hi\u1ec7u su\u1ea5t \u0111\u1ec9nh cao \u0111\u00e3 \u0111\u01b0\u1ee3c ki\u1ec3m ch\u1ee9ng b\u1edfi nh\u1eefng tay golf chuy\u00ean nghi\u1ec7p h\u00e0ng \u0111\u1ea7u th\u1ebf gi\u1edbi.<\/p>\n<hr data-start=\"756\" data-end=\"759\" \/>\n<h2 data-start=\"761\" data-end=\"803\">\u0110\u1eb7c \u0111i\u1ec3m n\u1ed5i b\u1eadt c\u1ee7a Titleist Pro V1x<\/h2>\n<p data-start=\"804\" data-end=\"1050\">Titleist Pro V1x \u0111\u01b0\u1ee3c ph\u00e1t tri\u1ec3n v\u1edbi <strong data-start=\"841\" data-end=\"874\">l\u00f5i c\u00f4ng ngh\u1ec7 k\u00e9p (dual core)<\/strong> gi\u00fap t\u1ea1o ra <strong data-start=\"887\" data-end=\"926\">t\u1ed1c \u0111\u1ed9 b\u00f3ng nhanh v\u00e0 kho\u1ea3ng c\u00e1ch xa<\/strong>, \u0111\u1ed3ng th\u1eddi t\u1ed1i \u01b0u h\u00f3a \u0111\u1ed9 xo\u00e1y \u1edf short game. L\u1edbp mantle k\u00e9p t\u0103ng c\u01b0\u1eddng truy\u1ec1n n\u0103ng l\u01b0\u1ee3ng v\u00e0 \u1ed5n \u0111\u1ecbnh qu\u1ef9 \u0111\u1ea1o khi ph\u00e1t b\u00f3ng.<\/p>\n<p data-start=\"1052\" data-end=\"1365\">L\u1edbp v\u1ecf urethane elastomer cao c\u1ea5p mang l\u1ea1i kh\u1ea3 n\u0103ng <strong data-start=\"1104\" data-end=\"1148\">b\u00e1m r\u00e3nh g\u1eady t\u1ed1t h\u01a1n, t\u1ea1o nhi\u1ec1u spin h\u01a1n<\/strong>, \u0111\u1eb7c bi\u1ec7t trong chip, pitch v\u00e0 approach shot. Ngo\u00e0i ra, <strong data-start=\"1205\" data-end=\"1246\">thi\u1ebft k\u1ebf kh\u00ed \u0111\u1ed9ng h\u1ecdc dimple c\u1ea3i ti\u1ebfn<\/strong> gi\u00fap b\u00f3ng bay cao, \u1ed5n \u0111\u1ecbnh v\u00e0 \u00edt b\u1ecb \u1ea3nh h\u01b0\u1edfng b\u1edfi gi\u00f3, ph\u00f9 h\u1ee3p cho golfer mu\u1ed1n <strong data-start=\"1326\" data-end=\"1362\">ki\u1ec3m so\u00e1t qu\u1ef9 \u0111\u1ea1o v\u00e0 t\u1ed1i \u01b0u spin<\/strong>.<\/p>\n<hr data-start=\"1367\" data-end=\"1370\" \/>\n<h2 data-start=\"1372\" data-end=\"1420\">T\u1ea1i sao ch\u1ecdn Titleist Pro V1x t\u1ea1i QuitGolf?<\/h2>\n<ul data-start=\"1422\" data-end=\"1694\">\n<li data-start=\"1422\" data-end=\"1465\">\n<p data-start=\"1424\" data-end=\"1465\">\u2705 S\u1ea3n ph\u1ea9m ch\u00ednh h\u00e3ng 100% t\u1eeb Titleist.<\/p>\n<\/li>\n<li data-start=\"1466\" data-end=\"1509\">\n<p data-start=\"1468\" data-end=\"1509\">\u2705 Gi\u00e1 c\u1ea1nh tranh, nhi\u1ec1u \u01b0u \u0111\u00e3i h\u1ea5p d\u1eabn.<\/p>\n<\/li>\n<li data-start=\"1510\" data-end=\"1584\">\n<p data-start=\"1512\" data-end=\"1584\">\u2705 \u0110\u1ed9i ng\u0169 t\u01b0 v\u1ea5n ch\u1ecdn b\u00f3ng ph\u00f9 h\u1ee3p v\u1edbi t\u1ed1c \u0111\u1ed9 swing &amp; phong c\u00e1ch ch\u01a1i.<\/p>\n<\/li>\n<li data-start=\"1585\" data-end=\"1632\">\n<p data-start=\"1587\" data-end=\"1632\">\u2705 Giao h\u00e0ng nhanh ch\u00f3ng, \u0111\u00f3ng g\u00f3i c\u1ea9n th\u1eadn.<\/p>\n<\/li>\n<li data-start=\"1633\" data-end=\"1694\">\n<p data-start=\"1635\" data-end=\"1694\">\u2705 Cam k\u1ebft ch\u1ea5t l\u01b0\u1ee3ng \u2013 uy t\u00edn \u2013 d\u1ecbch v\u1ee5 h\u1eadu m\u00e3i t\u1ed1t nh\u1ea5t.<\/p>\n<\/li>\n<\/ul>\n<hr data-start=\"1696\" data-end=\"1699\" \/>\n<h2 data-start=\"1701\" data-end=\"1714\">K\u1ebft lu\u1eadn<\/h2>\n<p data-start=\"1715\" data-end=\"1985\">N\u1ebfu b\u1ea1n l\u00e0 golfer mu\u1ed1n m\u1ed9t qu\u1ea3 b\u00f3ng <strong data-start=\"1751\" data-end=\"1803\">qu\u1ef9 \u0111\u1ea1o cao, spin nhi\u1ec1u v\u00e0 c\u1ea3m gi\u00e1c ch\u1eafc tay h\u01a1n<\/strong>, th\u00ec <strong data-start=\"1809\" data-end=\"1829\">Titleist Pro V1x<\/strong> ch\u00ednh l\u00e0 l\u1ef1a ch\u1ecdn l\u00fd t\u01b0\u1edfng. \u0110\u00e2y l\u00e0 d\u00f2ng b\u00f3ng tour-level mang \u0111\u1ebfn <strong data-start=\"1895\" data-end=\"1982\">hi\u1ec7u su\u1ea5t \u0111\u1ec9nh cao, \u0111\u01b0\u1ee3c tin d\u00f9ng b\u1edfi nhi\u1ec1u golfer chuy\u00ean nghi\u1ec7p tr\u00ean to\u00e0n th\u1ebf gi\u1edbi<\/strong>.<\/p>\n<p data-start=\"1987\" data-end=\"2098\">\ud83d\udc49 <strong data-start=\"1990\" data-end=\"2096\">\u0110\u1eb7t mua b\u00f3ng golf Titleist Pro V1x ch\u00ednh h\u00e3ng ngay h\u00f4m nay t\u1ea1i QuitGolf \u0111\u1ec3 nh\u1eadn nhi\u1ec1u \u01b0u \u0111\u00e3i \u0111\u1eb7c bi\u1ec7t!<\/strong><\/p>","protected":false},"excerpt":{"rendered":"<ul data-start=\"2130\" data-end=\"2499\">\n<li data-start=\"2130\" data-end=\"2194\">\n<p data-start=\"2132\" data-end=\"2194\"><strong data-start=\"2132\" data-end=\"2155\">L\u00f5i k\u00e9p (dual core)<\/strong> \u2192 t\u0103ng t\u1ed1c \u0111\u1ed9 b\u00f3ng &amp; kho\u1ea3ng c\u00e1ch xa.<\/p>\n<\/li>\n<li data-start=\"2195\" data-end=\"2263\">\n<p data-start=\"2197\" data-end=\"2263\"><strong data-start=\"2197\" data-end=\"2211\">Mantle k\u00e9p<\/strong> \u2192 truy\u1ec1n n\u0103ng l\u01b0\u1ee3ng hi\u1ec7u qu\u1ea3 &amp; \u1ed5n \u0111\u1ecbnh \u0111\u01b0\u1eddng bay.<\/p>\n<\/li>\n<li data-start=\"2264\" data-end=\"2346\">\n<p data-start=\"2266\" data-end=\"2346\">V\u1ecf <strong data-start=\"2269\" data-end=\"2299\">urethane elastomer cao c\u1ea5p<\/strong> \u2192 nhi\u1ec1u spin &amp; ki\u1ec3m so\u00e1t t\u1ed1i \u0111a quanh green.<\/p>\n<\/li>\n<li data-start=\"2347\" data-end=\"2421\">\n<p data-start=\"2349\" data-end=\"2421\"><strong data-start=\"2349\" data-end=\"2381\">Dimple kh\u00ed \u0111\u1ed9ng h\u1ecdc c\u1ea3i ti\u1ebfn<\/strong> \u2192 \u0111\u01b0\u1eddng bay cao, \u1ed5n \u0111\u1ecbnh &amp; xuy\u00ean gi\u00f3.<\/p>\n<\/li>\n<li data-start=\"2422\" data-end=\"2499\">\n<p data-start=\"2424\" data-end=\"2499\">L\u00fd t\u01b0\u1edfng cho golfer mu\u1ed1n <strong data-start=\"2449\" data-end=\"2496\">qu\u1ef9 \u0111\u1ea1o cao, spin nhi\u1ec1u &amp; c\u1ea3m gi\u00e1c ch\u1eafc tay<\/strong>.<\/p>\n<\/li>\n<\/ul>","protected":false},"featured_media":50136,"comment_status":"closed","ping_status":"closed","template":"","meta":{"rank_math_lock_modified_date":false},"product_brand":[786],"product_cat":[911],"product_tag":[942],"class_list":{"0":"post-50140","1":"product","2":"type-product","3":"status-publish","4":"has-post-thumbnail","6":"product_brand-titleist","7":"product_cat-titleist","8":"product_tag-titleist-pro-v1x","10":"first","11":"instock","12":"taxable","13":"shipping-taxable","14":"purchasable","15":"product-type-simple"},"_links":{"self":[{"href":"https:\/\/quitgolf.vn\/en\/wp-json\/wp\/v2\/product\/50140","targetHints":{"allow":["GET"]}}],"collection":[{"href":"https:\/\/quitgolf.vn\/en\/wp-json\/wp\/v2\/product"}],"about":[{"href":"https:\/\/quitgolf.vn\/en\/wp-json\/wp\/v2\/types\/product"}],"replies":[{"embeddable":true,"href":"https:\/\/quitgolf.vn\/en\/wp-json\/wp\/v2\/comments?post=50140"}],"wp:featuredmedia":[{"embeddable":true,"href":"https:\/\/quitgolf.vn\/en\/wp-json\/wp\/v2\/media\/50136"}],"wp:attachment":[{"href":"https:\/\/quitgolf.vn\/en\/wp-json\/wp\/v2\/media?parent=50140"}],"wp:term":[{"taxonomy":"product_brand","embeddable":true,"href":"https:\/\/quitgolf.vn\/en\/wp-json\/wp\/v2\/product_brand?post=50140"},{"taxonomy":"product_cat","embeddable":true,"href":"https:\/\/quitgolf.vn\/en\/wp-json\/wp\/v2\/product_cat?post=50140"},{"taxonomy":"product_tag","embeddable":true,"href":"https:\/\/quitgolf.vn\/en\/wp-json\/wp\/v2\/product_tag?post=50140"}],"curies":[{"name":"wp","href":"https:\/\/api.w.org\/{rel}","templated":true}]}}