{"id":50148,"date":"2025-09-21T02:11:20","date_gmt":"2025-09-20T19:11:20","guid":{"rendered":"https:\/\/quitgolf.vn\/?post_type=product&#038;p=50148"},"modified":"2025-09-21T02:14:05","modified_gmt":"2025-09-20T19:14:05","slug":"bong-golf-titleist-tour-soft-chinh-hang-3-bong","status":"publish","type":"product","link":"https:\/\/quitgolf.vn\/en\/product\/bong-golf-titleist-tour-soft-chinh-hang-3-bong\/","title":{"rendered":"B\u00f3ng Golf Titleist Tour Soft Ch\u00ednh H\u00e3ng ( 3 B\u00f3ng )"},"content":{"rendered":"<h2 data-start=\"200\" data-end=\"224\">Gi\u1edbi thi\u1ec7u s\u1ea3n ph\u1ea9m<\/h2>\n<p data-start=\"225\" data-end=\"554\"><strong data-start=\"225\" data-end=\"247\">Titleist Tour Soft<\/strong> l\u00e0 d\u00f2ng b\u00f3ng golf t\u1ea7m trung cao c\u1ea5p, \u0111\u01b0\u1ee3c thi\u1ebft k\u1ebf d\u00e0nh cho golfer mu\u1ed1n <strong data-start=\"320\" data-end=\"399\">c\u1ea3m gi\u00e1c m\u1ec1m m\u1ea1i, kho\u1ea3ng c\u00e1ch xa v\u00e0 kh\u1ea3 n\u0103ng ki\u1ec3m so\u00e1t t\u1ed1t trong short game<\/strong>. V\u1edbi l\u00f5i l\u1edbn nh\u1ea5t t\u1eebng c\u00f3 c\u1ee7a Titleist v\u00e0 l\u1edbp v\u1ecf m\u1ecfng hi\u1ec7n \u0111\u1ea1i, Tour Soft mang \u0111\u1ebfn <strong data-start=\"483\" data-end=\"551\">s\u1ef1 c\u00e2n b\u1eb1ng ho\u00e0n h\u1ea3o gi\u1eefa hi\u1ec7u su\u1ea5t, c\u1ea3m gi\u00e1c v\u00e0 gi\u00e1 tr\u1ecb s\u1eed d\u1ee5ng<\/strong>.<\/p>\n<p data-start=\"556\" data-end=\"710\">T\u1ea1i <strong data-start=\"560\" data-end=\"572\">QuitGolf<\/strong>, ch\u00fang t\u00f4i cung c\u1ea5p b\u00f3ng golf Titleist Tour Soft ch\u00ednh h\u00e3ng, gi\u00fap golfer n\u00e2ng cao tr\u1ea3i nghi\u1ec7m ch\u01a1i golf v\u1edbi m\u1ed9t d\u00f2ng b\u00f3ng \u0111\u00e1ng tin c\u1eady.<\/p>\n<hr data-start=\"712\" data-end=\"715\" \/>\n<h2 data-start=\"717\" data-end=\"761\">\u0110\u1eb7c \u0111i\u1ec3m n\u1ed5i b\u1eadt c\u1ee7a Titleist Tour Soft<\/h2>\n<p data-start=\"762\" data-end=\"995\">Titleist Tour Soft \u0111\u01b0\u1ee3c trang b\u1ecb <strong data-start=\"795\" data-end=\"820\">l\u00f5i l\u1edbn c\u00f4ng ngh\u1ec7 m\u1edbi<\/strong>, gi\u00fap b\u00f3ng \u0111\u1ea1t t\u1ed1c \u0111\u1ed9 nhanh v\u00e0 kho\u1ea3ng c\u00e1ch xa h\u01a1n khi ph\u00e1t driver. L\u1edbp v\u1ecf m\u1ecfng b\u1eb1ng Surlyn c\u1ea3i ti\u1ebfn mang l\u1ea1i <strong data-start=\"930\" data-end=\"992\">c\u1ea3m gi\u00e1c m\u1ec1m m\u1ea1i v\u00e0 kh\u1ea3 n\u0103ng ki\u1ec3m so\u00e1t t\u1ed1t h\u01a1n quanh green<\/strong>.<\/p>\n<p data-start=\"997\" data-end=\"1259\">Ngo\u00e0i ra, thi\u1ebft k\u1ebf kh\u00ed \u0111\u1ed9ng h\u1ecdc dimple t\u1ed1i \u01b0u gi\u00fap b\u00f3ng <strong data-start=\"1053\" data-end=\"1094\">bay \u1ed5n \u0111\u1ecbnh, qu\u1ef9 \u0111\u1ea1o cao v\u00e0 xuy\u00ean gi\u00f3<\/strong>, ph\u00f9 h\u1ee3p cho golfer c\u00f3 swing t\u1ed1c \u0111\u1ed9 trung b\u00ecnh. \u0110\u00e2y l\u00e0 d\u00f2ng b\u00f3ng l\u00fd t\u01b0\u1edfng cho nh\u1eefng ai mu\u1ed1n <strong data-start=\"1187\" data-end=\"1256\">s\u1ef1 k\u1ebft h\u1ee3p gi\u1eefa c\u1ea3m gi\u00e1c m\u1ec1m, hi\u1ec7u su\u1ea5t \u1ed5n \u0111\u1ecbnh v\u00e0 m\u1ee9c gi\u00e1 h\u1ee3p l\u00fd<\/strong>.<\/p>\n<hr data-start=\"1261\" data-end=\"1264\" \/>\n<h2 data-start=\"1266\" data-end=\"1316\">T\u1ea1i sao ch\u1ecdn Titleist Tour Soft t\u1ea1i QuitGolf?<\/h2>\n<ul data-start=\"1318\" data-end=\"1605\">\n<li data-start=\"1318\" data-end=\"1361\">\n<p data-start=\"1320\" data-end=\"1361\">\u2705 S\u1ea3n ph\u1ea9m ch\u00ednh h\u00e3ng 100% t\u1eeb Titleist.<\/p>\n<\/li>\n<li data-start=\"1362\" data-end=\"1416\">\n<p data-start=\"1364\" data-end=\"1416\">\u2705 Gi\u00e1 h\u1ee3p l\u00fd, nhi\u1ec1u \u01b0u \u0111\u00e3i h\u1ea5p d\u1eabn cho kh\u00e1ch h\u00e0ng.<\/p>\n<\/li>\n<li data-start=\"1417\" data-end=\"1480\">\n<p data-start=\"1419\" data-end=\"1480\">\u2705 \u0110\u1ed9i ng\u0169 t\u01b0 v\u1ea5n ch\u1ecdn b\u00f3ng theo tr\u00ecnh \u0111\u1ed9 &amp; phong c\u00e1ch ch\u01a1i.<\/p>\n<\/li>\n<li data-start=\"1481\" data-end=\"1538\">\n<p data-start=\"1483\" data-end=\"1538\">\u2705 Giao h\u00e0ng nhanh ch\u00f3ng to\u00e0n qu\u1ed1c, \u0111\u00f3ng g\u00f3i c\u1ea9n th\u1eadn.<\/p>\n<\/li>\n<li data-start=\"1539\" data-end=\"1605\">\n<p data-start=\"1541\" data-end=\"1605\">\u2705 Cam k\u1ebft uy t\u00edn \u2013 ch\u1ea5t l\u01b0\u1ee3ng \u2013 d\u1ecbch v\u1ee5 h\u1eadu m\u00e3i chuy\u00ean nghi\u1ec7p.<\/p>\n<\/li>\n<\/ul>\n<hr data-start=\"1607\" data-end=\"1610\" \/>\n<h2 data-start=\"1612\" data-end=\"1625\">K\u1ebft lu\u1eadn<\/h2>\n<p data-start=\"1626\" data-end=\"1864\">N\u1ebfu b\u1ea1n \u0111ang t\u00ecm m\u1ed9t qu\u1ea3 b\u00f3ng golf <strong data-start=\"1661\" data-end=\"1713\">c\u1ea3m gi\u00e1c m\u1ec1m m\u1ea1i, kho\u1ea3ng c\u00e1ch xa v\u00e0 d\u1ec5 ki\u1ec3m so\u00e1t<\/strong>, th\u00ec <strong data-start=\"1719\" data-end=\"1741\">Titleist Tour Soft<\/strong> ch\u00ednh l\u00e0 l\u1ef1a ch\u1ecdn tuy\u1ec7t v\u1eddi. \u0110\u00e2y l\u00e0 d\u00f2ng b\u00f3ng gi\u00fap golfer <strong data-start=\"1800\" data-end=\"1861\">n\u00e2ng cao hi\u1ec7u su\u1ea5t to\u00e0n di\u1ec7n m\u00e0 kh\u00f4ng c\u1ea7n chi ph\u00ed qu\u00e1 cao<\/strong>.<\/p>\n<p data-start=\"1866\" data-end=\"1973\">\ud83d\udc49 <strong data-start=\"1869\" data-end=\"1971\">\u0110\u1eb7t mua b\u00f3ng golf Titleist Tour Soft ch\u00ednh h\u00e3ng ngay h\u00f4m nay t\u1ea1i QuitGolf \u0111\u1ec3 nh\u1eadn \u01b0u \u0111\u00e3i \u0111\u1eb7c bi\u1ec7t!<\/strong><\/p>","protected":false},"excerpt":{"rendered":"<ul data-start=\"2005\" data-end=\"2333\">\n<li data-start=\"2005\" data-end=\"2067\">\n<p data-start=\"2007\" data-end=\"2067\"><strong data-start=\"2007\" data-end=\"2032\">L\u00f5i l\u1edbn c\u00f4ng ngh\u1ec7 m\u1edbi<\/strong> \u2192 t\u1ed1c \u0111\u1ed9 nhanh &amp; kho\u1ea3ng c\u00e1ch xa.<\/p>\n<\/li>\n<li data-start=\"2068\" data-end=\"2138\">\n<p data-start=\"2070\" data-end=\"2138\">V\u1ecf <strong data-start=\"2073\" data-end=\"2088\">Surlyn m\u1ecfng<\/strong> \u2192 c\u1ea3m gi\u00e1c m\u1ec1m m\u1ea1i &amp; ki\u1ec3m so\u00e1t t\u1ed1t quanh green.<\/p>\n<\/li>\n<li data-start=\"2139\" data-end=\"2211\">\n<p data-start=\"2141\" data-end=\"2211\"><strong data-start=\"2141\" data-end=\"2171\">Kh\u00ed \u0111\u1ed9ng h\u1ecdc dimple t\u1ed1i \u01b0u<\/strong> \u2192 \u0111\u01b0\u1eddng bay cao, \u1ed5n \u0111\u1ecbnh &amp; xuy\u00ean gi\u00f3.<\/p>\n<\/li>\n<li data-start=\"2212\" data-end=\"2272\">\n<p data-start=\"2214\" data-end=\"2272\">C\u1ea3m gi\u00e1c <strong data-start=\"2223\" data-end=\"2243\">\u00eam \u00e1i khi impact<\/strong>, d\u1ec5 d\u00e0ng trong short game.<\/p>\n<\/li>\n<li data-start=\"2273\" data-end=\"2333\">\n<p data-start=\"2275\" data-end=\"2333\">Ph\u00f9 h\u1ee3p cho golfer mu\u1ed1n <strong data-start=\"2299\" data-end=\"2330\">k\u1ebft h\u1ee3p hi\u1ec7u su\u1ea5t &amp; gi\u00e1 tr\u1ecb<\/strong>.<\/p>\n<\/li>\n<\/ul>","protected":false},"featured_media":50144,"comment_status":"closed","ping_status":"closed","template":"","meta":{"rank_math_lock_modified_date":false},"product_brand":[786],"product_cat":[911],"product_tag":[943],"class_list":{"0":"post-50148","1":"product","2":"type-product","3":"status-publish","4":"has-post-thumbnail","6":"product_brand-titleist","7":"product_cat-titleist","8":"product_tag-titleist-tour-soft","10":"first","11":"instock","12":"taxable","13":"shipping-taxable","14":"purchasable","15":"product-type-simple"},"_links":{"self":[{"href":"https:\/\/quitgolf.vn\/en\/wp-json\/wp\/v2\/product\/50148","targetHints":{"allow":["GET"]}}],"collection":[{"href":"https:\/\/quitgolf.vn\/en\/wp-json\/wp\/v2\/product"}],"about":[{"href":"https:\/\/quitgolf.vn\/en\/wp-json\/wp\/v2\/types\/product"}],"replies":[{"embeddable":true,"href":"https:\/\/quitgolf.vn\/en\/wp-json\/wp\/v2\/comments?post=50148"}],"wp:featuredmedia":[{"embeddable":true,"href":"https:\/\/quitgolf.vn\/en\/wp-json\/wp\/v2\/media\/50144"}],"wp:attachment":[{"href":"https:\/\/quitgolf.vn\/en\/wp-json\/wp\/v2\/media?parent=50148"}],"wp:term":[{"taxonomy":"product_brand","embeddable":true,"href":"https:\/\/quitgolf.vn\/en\/wp-json\/wp\/v2\/product_brand?post=50148"},{"taxonomy":"product_cat","embeddable":true,"href":"https:\/\/quitgolf.vn\/en\/wp-json\/wp\/v2\/product_cat?post=50148"},{"taxonomy":"product_tag","embeddable":true,"href":"https:\/\/quitgolf.vn\/en\/wp-json\/wp\/v2\/product_tag?post=50148"}],"curies":[{"name":"wp","href":"https:\/\/api.w.org\/{rel}","templated":true}]}}