{"id":50156,"date":"2025-09-21T02:15:21","date_gmt":"2025-09-20T19:15:21","guid":{"rendered":"https:\/\/quitgolf.vn\/?post_type=product&#038;p=50156"},"modified":"2025-09-21T12:41:10","modified_gmt":"2025-09-21T05:41:10","slug":"bong-golf-titleist-trufeel-chinh-hang-3-bong","status":"publish","type":"product","link":"https:\/\/quitgolf.vn\/en\/product\/bong-golf-titleist-trufeel-chinh-hang-3-bong\/","title":{"rendered":"B\u00f3ng Golf Titleist TruFeel Ch\u00ednh H\u00e3ng ( 3 B\u00f3ng )"},"content":{"rendered":"<h2 data-start=\"159\" data-end=\"183\">Gi\u1edbi thi\u1ec7u s\u1ea3n ph\u1ea9m<\/h2>\n<p data-start=\"184\" data-end=\"558\"><strong data-start=\"184\" data-end=\"204\">Titleist TruFeel<\/strong> l\u00e0 d\u00f2ng b\u00f3ng m\u1ec1m nh\u1ea5t c\u1ee7a Titleist, \u0111\u01b0\u1ee3c thi\u1ebft k\u1ebf d\u00e0nh cho golfer mong mu\u1ed1n <strong data-start=\"281\" data-end=\"340\">c\u1ea3m gi\u00e1c \u00eam \u00e1i, kho\u1ea3ng c\u00e1ch \u1ed5n \u0111\u1ecbnh v\u00e0 \u0111\u1ed9 ch\u00ednh x\u00e1c cao<\/strong>. V\u1edbi l\u00f5i TruTouch th\u1ebf h\u1ec7 m\u1edbi, v\u1ecf TruFlex c\u1ea3i ti\u1ebfn v\u00e0 thi\u1ebft k\u1ebf dimple kh\u00ed \u0111\u1ed9ng h\u1ecdc, TruFeel mang \u0111\u1ebfn tr\u1ea3i nghi\u1ec7m <strong data-start=\"453\" data-end=\"487\">d\u1ec5 ch\u01a1i, tho\u1ea3i m\u00e1i v\u00e0 hi\u1ec7u qu\u1ea3<\/strong> cho m\u1ecdi golfer, \u0111\u1eb7c bi\u1ec7t l\u00e0 nh\u1eefng ng\u01b0\u1eddi c\u00f3 swing t\u1ed1c \u0111\u1ed9 v\u1eeba v\u00e0 ch\u1eadm.<\/p>\n<p data-start=\"560\" data-end=\"730\">T\u1ea1i <strong data-start=\"564\" data-end=\"576\">QuitGolf<\/strong>, ch\u00fang t\u00f4i ph\u00e2n ph\u1ed1i b\u00f3ng golf Titleist TruFeel ch\u00ednh h\u00e3ng, gi\u00fap golfer t\u1eadn h\u01b0\u1edfng s\u1ef1 k\u1ebft h\u1ee3p tuy\u1ec7t v\u1eddi gi\u1eefa <strong data-start=\"685\" data-end=\"727\">gi\u00e1 tr\u1ecb, hi\u1ec7u su\u1ea5t v\u00e0 c\u1ea3m gi\u00e1c m\u1ec1m m\u1ea1i<\/strong>.<\/p>\n<hr data-start=\"732\" data-end=\"735\" \/>\n<h2 data-start=\"737\" data-end=\"779\">\u0110\u1eb7c \u0111i\u1ec3m n\u1ed5i b\u1eadt c\u1ee7a Titleist TruFeel<\/h2>\n<p data-start=\"780\" data-end=\"1050\">Titleist TruFeel \u0111\u01b0\u1ee3c trang b\u1ecb <strong data-start=\"811\" data-end=\"828\">TruTouch Core<\/strong> v\u1edbi \u0111\u1ed9 n\u00e9n th\u1ea5p, mang l\u1ea1i <strong data-start=\"855\" data-end=\"898\">t\u1ed1c \u0111\u1ed9 b\u00f3ng \u1ed5n \u0111\u1ecbnh v\u00e0 c\u1ea3m gi\u00e1c m\u1ec1m m\u1ea1i<\/strong> trong m\u1ecdi c\u00fa \u0111\u00e1nh. V\u1ecf TruFlex b\u1ec1n nh\u1eb9 gi\u00fap t\u0103ng kh\u1ea3 n\u0103ng ki\u1ec3m so\u00e1t, \u0111\u1eb7c bi\u1ec7t l\u00e0 trong short game, mang l\u1ea1i nhi\u1ec1u t\u1ef1 tin h\u01a1n khi chip, pitch hay putt.<\/p>\n<p data-start=\"1052\" data-end=\"1299\">Ngo\u00e0i ra, thi\u1ebft k\u1ebf kh\u00ed \u0111\u1ed9ng h\u1ecdc v\u1edbi h\u1ec7 th\u1ed1ng dimple c\u1ea3i ti\u1ebfn cho ph\u00e9p b\u00f3ng <strong data-start=\"1127\" data-end=\"1181\">bay xa h\u01a1n, \u1ed5n \u0111\u1ecbnh h\u01a1n v\u00e0 \u00edt b\u1ecb \u1ea3nh h\u01b0\u1edfng b\u1edfi gi\u00f3<\/strong>. \u0110\u00e2y l\u00e0 d\u00f2ng b\u00f3ng l\u00fd t\u01b0\u1edfng cho golfer mong mu\u1ed1n <strong data-start=\"1230\" data-end=\"1296\">c\u00e2n b\u1eb1ng gi\u1eefa gi\u00e1 c\u1ea3 h\u1ee3p l\u00fd, c\u1ea3m gi\u00e1c m\u1ec1m v\u00e0 hi\u1ec7u su\u1ea5t \u1ed5n \u0111\u1ecbnh<\/strong>.<\/p>\n<hr data-start=\"1301\" data-end=\"1304\" \/>\n<h2 data-start=\"1306\" data-end=\"1354\">T\u1ea1i sao ch\u1ecdn Titleist TruFeel t\u1ea1i QuitGolf?<\/h2>\n<ul data-start=\"1356\" data-end=\"1629\">\n<li data-start=\"1356\" data-end=\"1399\">\n<p data-start=\"1358\" data-end=\"1399\">\u2705 S\u1ea3n ph\u1ea9m ch\u00ednh h\u00e3ng 100% t\u1eeb Titleist.<\/p>\n<\/li>\n<li data-start=\"1400\" data-end=\"1451\">\n<p data-start=\"1402\" data-end=\"1451\">\u2705 Gi\u00e1 t\u1ed1t, nhi\u1ec1u \u01b0u \u0111\u00e3i h\u1ea5p d\u1eabn cho kh\u00e1ch h\u00e0ng.<\/p>\n<\/li>\n<li data-start=\"1452\" data-end=\"1511\">\n<p data-start=\"1454\" data-end=\"1511\">\u2705 T\u01b0 v\u1ea5n ch\u1ecdn b\u00f3ng ph\u00f9 h\u1ee3p v\u1edbi tr\u00ecnh \u0111\u1ed9 &amp; t\u1ed1c \u0111\u1ed9 swing.<\/p>\n<\/li>\n<li data-start=\"1512\" data-end=\"1568\">\n<p data-start=\"1514\" data-end=\"1568\">\u2705 Giao h\u00e0ng nhanh ch\u00f3ng to\u00e0n qu\u1ed1c, \u0111\u00f3ng g\u00f3i an to\u00e0n.<\/p>\n<\/li>\n<li data-start=\"1569\" data-end=\"1629\">\n<p data-start=\"1571\" data-end=\"1629\">\u2705 Cam k\u1ebft uy t\u00edn \u2013 ch\u1ea5t l\u01b0\u1ee3ng \u2013 d\u1ecbch v\u1ee5 h\u1eadu m\u00e3i t\u1eadn t\u00e2m.<\/p>\n<\/li>\n<\/ul>\n<hr data-start=\"1631\" data-end=\"1634\" \/>\n<h2 data-start=\"1636\" data-end=\"1649\">K\u1ebft lu\u1eadn<\/h2>\n<p data-start=\"1650\" data-end=\"1914\">N\u1ebfu b\u1ea1n \u0111ang t\u00ecm m\u1ed9t qu\u1ea3 b\u00f3ng golf <strong data-start=\"1685\" data-end=\"1732\">\u00eam nh\u1ea5t c\u1ee7a Titleist, d\u1ec5 ch\u01a1i v\u00e0 gi\u00e1 h\u1ee3p l\u00fd<\/strong>, th\u00ec <strong data-start=\"1738\" data-end=\"1758\">Titleist TruFeel<\/strong> ch\u00ednh l\u00e0 l\u1ef1a ch\u1ecdn ho\u00e0n h\u1ea3o. \u0110\u00e2y l\u00e0 d\u00f2ng b\u00f3ng gi\u00fap golfer <strong data-start=\"1816\" data-end=\"1911\">c\u1ea3i thi\u1ec7n kho\u1ea3ng c\u00e1ch, duy tr\u00ec \u0111\u1ed9 \u1ed5n \u0111\u1ecbnh v\u00e0 t\u1eadn h\u01b0\u1edfng c\u1ea3m gi\u00e1c tho\u1ea3i m\u00e1i trong m\u1ecdi c\u00fa \u0111\u00e1nh<\/strong>.<\/p>\n<p data-start=\"1916\" data-end=\"2027\">\ud83d\udc49 <strong data-start=\"1919\" data-end=\"2025\">\u0110\u1eb7t mua b\u00f3ng golf Titleist TruFeel ch\u00ednh h\u00e3ng ngay h\u00f4m nay t\u1ea1i QuitGolf \u0111\u1ec3 nh\u1eadn nhi\u1ec1u \u01b0u \u0111\u00e3i \u0111\u1eb7c bi\u1ec7t!<\/strong><\/p>","protected":false},"excerpt":{"rendered":"<ul>\n<li data-start=\"2059\" data-end=\"2125\">\n<p data-start=\"2061\" data-end=\"2125\"><strong data-start=\"2061\" data-end=\"2078\">TruTouch Core<\/strong> \u2192 \u0111\u1ed9 n\u00e9n th\u1ea5p, c\u1ea3m gi\u00e1c \u00eam &amp; t\u1ed1c \u0111\u1ed9 \u1ed5n \u0111\u1ecbnh.<\/p>\n<\/li>\n<li data-start=\"2126\" data-end=\"2193\">\n<p data-start=\"2128\" data-end=\"2193\"><strong data-start=\"2128\" data-end=\"2150\">V\u1ecf TruFlex b\u1ec1n nh\u1eb9<\/strong> \u2192 t\u0103ng ki\u1ec3m so\u00e1t &amp; c\u1ea3m gi\u00e1c quanh green.<\/p>\n<\/li>\n<li data-start=\"2194\" data-end=\"2256\">\n<p data-start=\"2196\" data-end=\"2256\"><strong data-start=\"2196\" data-end=\"2228\">Dimple kh\u00ed \u0111\u1ed9ng h\u1ecdc c\u1ea3i ti\u1ebfn<\/strong> \u2192 \u0111\u01b0\u1eddng bay xa &amp; \u1ed5n \u0111\u1ecbnh.<\/p>\n<\/li>\n<li data-start=\"2257\" data-end=\"2309\">\n<p data-start=\"2259\" data-end=\"2309\">C\u1ea3m gi\u00e1c <strong data-start=\"2268\" data-end=\"2306\">\u00eam \u00e1i nh\u1ea5t trong c\u00e1c d\u00f2ng Titleist<\/strong>.<\/p>\n<\/li>\n<li data-start=\"2310\" data-end=\"2371\">\n<p data-start=\"2312\" data-end=\"2371\">L\u00fd t\u01b0\u1edfng cho golfer c\u00f3 <strong data-start=\"2335\" data-end=\"2368\">swing speed ch\u1eadm \u2013 trung b\u00ecnh<\/strong>.<\/p>\n<\/li>\n<\/ul>","protected":false},"featured_media":50153,"comment_status":"closed","ping_status":"closed","template":"","meta":{"rank_math_lock_modified_date":false},"product_brand":[],"product_cat":[911],"product_tag":[],"class_list":{"0":"post-50156","1":"product","2":"type-product","3":"status-publish","4":"has-post-thumbnail","6":"product_cat-titleist","8":"first","9":"instock","10":"taxable","11":"shipping-taxable","12":"purchasable","13":"product-type-simple"},"_links":{"self":[{"href":"https:\/\/quitgolf.vn\/en\/wp-json\/wp\/v2\/product\/50156","targetHints":{"allow":["GET"]}}],"collection":[{"href":"https:\/\/quitgolf.vn\/en\/wp-json\/wp\/v2\/product"}],"about":[{"href":"https:\/\/quitgolf.vn\/en\/wp-json\/wp\/v2\/types\/product"}],"replies":[{"embeddable":true,"href":"https:\/\/quitgolf.vn\/en\/wp-json\/wp\/v2\/comments?post=50156"}],"wp:featuredmedia":[{"embeddable":true,"href":"https:\/\/quitgolf.vn\/en\/wp-json\/wp\/v2\/media\/50153"}],"wp:attachment":[{"href":"https:\/\/quitgolf.vn\/en\/wp-json\/wp\/v2\/media?parent=50156"}],"wp:term":[{"taxonomy":"product_brand","embeddable":true,"href":"https:\/\/quitgolf.vn\/en\/wp-json\/wp\/v2\/product_brand?post=50156"},{"taxonomy":"product_cat","embeddable":true,"href":"https:\/\/quitgolf.vn\/en\/wp-json\/wp\/v2\/product_cat?post=50156"},{"taxonomy":"product_tag","embeddable":true,"href":"https:\/\/quitgolf.vn\/en\/wp-json\/wp\/v2\/product_tag?post=50156"}],"curies":[{"name":"wp","href":"https:\/\/api.w.org\/{rel}","templated":true}]}}