{"id":50157,"date":"2025-09-21T02:21:08","date_gmt":"2025-09-20T19:21:08","guid":{"rendered":"https:\/\/quitgolf.vn\/?post_type=product&#038;p=50157"},"modified":"2025-09-21T02:21:08","modified_gmt":"2025-09-20T19:21:08","slug":"bong-golf-titleist-velocity-chinh-hang-12-bong","status":"publish","type":"product","link":"https:\/\/quitgolf.vn\/en\/product\/bong-golf-titleist-velocity-chinh-hang-12-bong\/","title":{"rendered":"B\u00f3ng Golf Titleist Velocity Ch\u00ednh H\u00e3ng ( 12 b\u00f3ng )"},"content":{"rendered":"<h2 data-start=\"196\" data-end=\"220\">Gi\u1edbi thi\u1ec7u s\u1ea3n ph\u1ea9m<\/h2>\n<p data-start=\"221\" data-end=\"590\"><strong data-start=\"221\" data-end=\"242\">Titleist Velocity<\/strong> l\u00e0 d\u00f2ng b\u00f3ng golf \u0111\u01b0\u1ee3c thi\u1ebft k\u1ebf \u0111\u1eb7c bi\u1ec7t cho golfer mong mu\u1ed1n <strong data-start=\"305\" data-end=\"376\">t\u1ed1c \u0111\u1ed9 cao, qu\u1ef9 \u0111\u1ea1o b\u00f3ng cao v\u00e0 kho\u1ea3ng c\u00e1ch t\u1ed1i \u0111a t\u1eeb tee \u0111\u1ebfn green<\/strong>. V\u1edbi l\u00f5i n\u0103ng l\u01b0\u1ee3ng m\u1edbi v\u00e0 l\u1edbp v\u1ecf ionomer b\u1ec1n b\u1ec9, Velocity mang l\u1ea1i <strong data-start=\"445\" data-end=\"492\">c\u00fa ph\u00e1t b\u00f3ng xa, \u0111\u01b0\u1eddng bay th\u1eb3ng v\u00e0 \u1ed5n \u0111\u1ecbnh<\/strong>, l\u00e0 l\u1ef1a ch\u1ecdn ho\u00e0n h\u1ea3o cho nh\u1eefng ai mu\u1ed1n t\u1ed1i \u0111a h\u00f3a kho\u1ea3ng c\u00e1ch m\u00e0 v\u1eabn duy tr\u00ec c\u1ea3m gi\u00e1c tin c\u1eady.<\/p>\n<p data-start=\"592\" data-end=\"737\">T\u1ea1i <strong data-start=\"596\" data-end=\"608\">QuitGolf<\/strong>, ch\u00fang t\u00f4i cung c\u1ea5p b\u00f3ng golf Titleist Velocity ch\u00ednh h\u00e3ng, gi\u00fap golfer chinh ph\u1ee5c kho\u1ea3ng c\u00e1ch v\u00e0 n\u00e2ng cao hi\u1ec7u su\u1ea5t tr\u00ean s\u00e2n.<\/p>\n<hr data-start=\"739\" data-end=\"742\" \/>\n<h2 data-start=\"744\" data-end=\"787\">\u0110\u1eb7c \u0111i\u1ec3m n\u1ed5i b\u1eadt c\u1ee7a Titleist Velocity<\/h2>\n<p data-start=\"788\" data-end=\"1029\">Titleist Velocity s\u1edf h\u1eefu <strong data-start=\"813\" data-end=\"846\">l\u00f5i LSX (High-Speed LSX Core)<\/strong>, \u0111\u01b0\u1ee3c t\u1ed1i \u01b0u h\u00f3a \u0111\u1ec3 t\u1ea1o ra <strong data-start=\"874\" data-end=\"922\">t\u1ed1c \u0111\u1ed9 b\u00f3ng nhanh h\u01a1n v\u00e0 kho\u1ea3ng c\u00e1ch d\u00e0i h\u01a1n<\/strong>. L\u1edbp v\u1ecf ionomer m\u1ecfng gi\u00fap b\u00f3ng duy tr\u00ec \u0111\u1ed9 b\u1ec1n cao, \u0111\u1ed3ng th\u1eddi mang l\u1ea1i <strong data-start=\"993\" data-end=\"1026\">c\u1ea3m gi\u00e1c ch\u1eafc ch\u1eafn khi impact<\/strong>.<\/p>\n<p data-start=\"1031\" data-end=\"1314\">C\u00f4ng ngh\u1ec7 <strong data-start=\"1041\" data-end=\"1087\">s\u1eafp x\u1ebfp dimple kh\u00ed \u0111\u1ed9ng h\u1ecdc 350 Octahedral<\/strong> mang \u0111\u1ebfn <strong data-start=\"1097\" data-end=\"1147\">qu\u1ef9 \u0111\u1ea1o cao, \u1ed5n \u0111\u1ecbnh v\u00e0 gi\u1ea3m l\u1ef1c c\u1ea3n kh\u00f4ng kh\u00ed<\/strong>, gi\u00fap b\u00f3ng d\u1ec5 d\u00e0ng xuy\u00ean gi\u00f3 v\u00e0 duy tr\u00ec \u0111\u01b0\u1eddng bay th\u1eb3ng. \u0110\u00e2y l\u00e0 d\u00f2ng b\u00f3ng l\u00fd t\u01b0\u1edfng cho golfer \u01b0u ti\u00ean <strong data-start=\"1250\" data-end=\"1311\">kho\u1ea3ng c\u00e1ch xa, qu\u1ef9 \u0111\u1ea1o cao v\u00e0 s\u1ef1 \u1ed5n \u0111\u1ecbnh trong long game<\/strong>.<\/p>\n<hr data-start=\"1316\" data-end=\"1319\" \/>\n<h2 data-start=\"1321\" data-end=\"1370\">T\u1ea1i sao ch\u1ecdn Titleist Velocity t\u1ea1i QuitGolf?<\/h2>\n<ul data-start=\"1372\" data-end=\"1659\">\n<li data-start=\"1372\" data-end=\"1415\">\n<p data-start=\"1374\" data-end=\"1415\">\u2705 S\u1ea3n ph\u1ea9m ch\u00ednh h\u00e3ng 100% t\u1eeb Titleist.<\/p>\n<\/li>\n<li data-start=\"1416\" data-end=\"1472\">\n<p data-start=\"1418\" data-end=\"1472\">\u2705 Gi\u00e1 c\u1ea1nh tranh, nhi\u1ec1u ch\u01b0\u01a1ng tr\u00ecnh \u01b0u \u0111\u00e3i h\u1ea5p d\u1eabn.<\/p>\n<\/li>\n<li data-start=\"1473\" data-end=\"1540\">\n<p data-start=\"1475\" data-end=\"1540\">\u2705 \u0110\u1ed9i ng\u0169 t\u01b0 v\u1ea5n ch\u1ecdn b\u00f3ng ph\u00f9 h\u1ee3p v\u1edbi tr\u00ecnh \u0111\u1ed9 &amp; nhu c\u1ea7u ch\u01a1i.<\/p>\n<\/li>\n<li data-start=\"1541\" data-end=\"1597\">\n<p data-start=\"1543\" data-end=\"1597\">\u2705 Giao h\u00e0ng nhanh ch\u00f3ng to\u00e0n qu\u1ed1c, \u0111\u00f3ng g\u00f3i an to\u00e0n.<\/p>\n<\/li>\n<li data-start=\"1598\" data-end=\"1659\">\n<p data-start=\"1600\" data-end=\"1659\">\u2705 Cam k\u1ebft ch\u1ea5t l\u01b0\u1ee3ng \u2013 uy t\u00edn \u2013 d\u1ecbch v\u1ee5 h\u1eadu m\u00e3i t\u1ed1t nh\u1ea5t.<\/p>\n<\/li>\n<\/ul>\n<hr data-start=\"1661\" data-end=\"1664\" \/>\n<h2 data-start=\"1666\" data-end=\"1679\">K\u1ebft lu\u1eadn<\/h2>\n<p data-start=\"1680\" data-end=\"1931\">N\u1ebfu b\u1ea1n l\u00e0 golfer mu\u1ed1n m\u1ed9t qu\u1ea3 b\u00f3ng <strong data-start=\"1716\" data-end=\"1771\">t\u1ed1c \u0111\u1ed9 cao, kho\u1ea3ng c\u00e1ch t\u1ed1i \u0111a v\u00e0 \u0111\u01b0\u1eddng bay \u1ed5n \u0111\u1ecbnh<\/strong>, th\u00ec <strong data-start=\"1777\" data-end=\"1798\">Titleist Velocity<\/strong> ch\u00ednh l\u00e0 s\u1ef1 l\u1ef1a ch\u1ecdn tuy\u1ec7t v\u1eddi. \u0110\u00e2y l\u00e0 d\u00f2ng b\u00f3ng mang l\u1ea1i <strong data-start=\"1857\" data-end=\"1928\">s\u1ef1 t\u1ef1 tin trong t\u1eebng c\u00fa ph\u00e1t driver v\u00e0 hi\u1ec7u su\u1ea5t t\u1ed1i \u0111a \u1edf long game<\/strong>.<\/p>\n<p data-start=\"1933\" data-end=\"2045\">\ud83d\udc49 <strong data-start=\"1936\" data-end=\"2043\">\u0110\u1eb7t mua b\u00f3ng golf Titleist Velocity ch\u00ednh h\u00e3ng ngay h\u00f4m nay t\u1ea1i QuitGolf \u0111\u1ec3 nh\u1eadn nhi\u1ec1u \u01b0u \u0111\u00e3i \u0111\u1eb7c bi\u1ec7t!<\/strong><\/p>","protected":false},"excerpt":{"rendered":"<ul data-start=\"2077\" data-end=\"2403\">\n<li data-start=\"2077\" data-end=\"2138\">\n<p data-start=\"2079\" data-end=\"2138\"><strong data-start=\"2079\" data-end=\"2101\">L\u00f5i High-Speed LSX<\/strong> \u2192 t\u1ed1c \u0111\u1ed9 cao &amp; kho\u1ea3ng c\u00e1ch t\u1ed1i \u0111a.<\/p>\n<\/li>\n<li data-start=\"2139\" data-end=\"2207\">\n<p data-start=\"2141\" data-end=\"2207\">V\u1ecf <strong data-start=\"2144\" data-end=\"2167\">ionomer m\u1ecfng b\u1ec1n b\u1ec9<\/strong> \u2192 c\u1ea3m gi\u00e1c ch\u1eafc tay &amp; \u0111\u1ed9 b\u1ec1n l\u00e2u d\u00e0i.<\/p>\n<\/li>\n<li data-start=\"2208\" data-end=\"2273\">\n<p data-start=\"2210\" data-end=\"2273\"><strong data-start=\"2210\" data-end=\"2242\">350 Octahedral Dimple Design<\/strong> \u2192 qu\u1ef9 \u0111\u1ea1o cao &amp; bay \u1ed5n \u0111\u1ecbnh.<\/p>\n<\/li>\n<li data-start=\"2274\" data-end=\"2334\">\n<p data-start=\"2276\" data-end=\"2334\">C\u1ea3m gi\u00e1c <strong data-start=\"2285\" data-end=\"2309\">ch\u1eafc ch\u1eafn khi impact<\/strong>, t\u1ed1i \u01b0u cho long game.<\/p>\n<\/li>\n<li data-start=\"2335\" data-end=\"2403\">\n<p data-start=\"2337\" data-end=\"2403\">L\u00fd t\u01b0\u1edfng cho golfer mu\u1ed1n <strong data-start=\"2362\" data-end=\"2400\">kho\u1ea3ng c\u00e1ch xa &amp; hi\u1ec7u su\u1ea5t \u1ed5n \u0111\u1ecbnh<\/strong>.<\/p>\n<\/li>\n<\/ul>","protected":false},"featured_media":50158,"comment_status":"closed","ping_status":"closed","template":"","meta":{"rank_math_lock_modified_date":false},"product_brand":[786],"product_cat":[911],"product_tag":[945],"class_list":{"0":"post-50157","1":"product","2":"type-product","3":"status-publish","4":"has-post-thumbnail","6":"product_brand-titleist","7":"product_cat-titleist","8":"product_tag-titleist-velocity","10":"first","11":"instock","12":"taxable","13":"shipping-taxable","14":"purchasable","15":"product-type-simple"},"_links":{"self":[{"href":"https:\/\/quitgolf.vn\/en\/wp-json\/wp\/v2\/product\/50157","targetHints":{"allow":["GET"]}}],"collection":[{"href":"https:\/\/quitgolf.vn\/en\/wp-json\/wp\/v2\/product"}],"about":[{"href":"https:\/\/quitgolf.vn\/en\/wp-json\/wp\/v2\/types\/product"}],"replies":[{"embeddable":true,"href":"https:\/\/quitgolf.vn\/en\/wp-json\/wp\/v2\/comments?post=50157"}],"wp:featuredmedia":[{"embeddable":true,"href":"https:\/\/quitgolf.vn\/en\/wp-json\/wp\/v2\/media\/50158"}],"wp:attachment":[{"href":"https:\/\/quitgolf.vn\/en\/wp-json\/wp\/v2\/media?parent=50157"}],"wp:term":[{"taxonomy":"product_brand","embeddable":true,"href":"https:\/\/quitgolf.vn\/en\/wp-json\/wp\/v2\/product_brand?post=50157"},{"taxonomy":"product_cat","embeddable":true,"href":"https:\/\/quitgolf.vn\/en\/wp-json\/wp\/v2\/product_cat?post=50157"},{"taxonomy":"product_tag","embeddable":true,"href":"https:\/\/quitgolf.vn\/en\/wp-json\/wp\/v2\/product_tag?post=50157"}],"curies":[{"name":"wp","href":"https:\/\/api.w.org\/{rel}","templated":true}]}}