{"id":50173,"date":"2025-09-21T03:25:47","date_gmt":"2025-09-20T20:25:47","guid":{"rendered":"https:\/\/quitgolf.vn\/?post_type=product&#038;p=50173"},"modified":"2025-10-13T17:56:09","modified_gmt":"2025-10-13T10:56:09","slug":"bong-golf-titleist-pro-v1-lake-medium-used-ball-12-bong","status":"publish","type":"product","link":"https:\/\/quitgolf.vn\/en\/product\/bong-golf-titleist-pro-v1-lake-medium-used-ball-12-bong\/","title":{"rendered":"B\u00f3ng Golf Titleist Pro V1 Lake &#8211; Medium Used Ball &#8211; ( 12 b\u00f3ng )"},"content":{"rendered":"<h2 data-start=\"314\" data-end=\"338\">Gi\u1edbi thi\u1ec7u s\u1ea3n ph\u1ea9m<\/h2>\n<p data-start=\"339\" data-end=\"690\"><strong data-start=\"339\" data-end=\"379\">Titleist Pro V1 Lake \u2013 100% Recycled<\/strong> l\u00e0 d\u00f2ng b\u00f3ng golf \u0111\u00e3 qua s\u1eed d\u1ee5ng, \u0111\u01b0\u1ee3c thu gom t\u1eeb c\u00e1c h\u1ed3 n\u01b0\u1edbc tr\u00ean s\u00e2n golf v\u00e0<strong data-start=\"459\" data-end=\"489\">\u00a0l\u00e0m s\u1ea1ch ho\u00e0n to\u00e0n<\/strong> \u0111\u1ec3 mang l\u1ea1i hi\u1ec7u su\u1ea5t g\u1ea7n nh\u01b0 b\u00f3ng m\u1edbi. \u0110\u00e2y l\u00e0 l\u1ef1a ch\u1ecdn l\u00fd t\u01b0\u1edfng cho golfer mong mu\u1ed1n tr\u1ea3i nghi\u1ec7m <strong data-start=\"588\" data-end=\"622\">c\u1ea3m gi\u00e1c tour-level c\u1ee7a Pro V1<\/strong> nh\u01b0ng v\u1edbi <strong data-start=\"633\" data-end=\"687\">chi ph\u00ed ti\u1ebft ki\u1ec7m h\u01a1n v\u00e0 th\u00e2n thi\u1ec7n v\u1edbi m\u00f4i tr\u01b0\u1eddng<\/strong>.<\/p>\n<p data-start=\"692\" data-end=\"857\">T\u1ea1i <strong data-start=\"696\" data-end=\"708\">QuitGolf<\/strong>, ch\u00fang t\u00f4i ph\u00e2n ph\u1ed1i b\u00f3ng Pro V1 Lake 100% Recycled \u0111\u01b0\u1ee3c tuy\u1ec3n ch\u1ecdn k\u1ef9 l\u01b0\u1ee1ng, \u0111\u1ea3m b\u1ea3o ch\u1ea5t l\u01b0\u1ee3ng, gi\u00fap golfer v\u1eeba ti\u1ebft ki\u1ec7m v\u1eeba b\u1ea3o v\u1ec7 m\u00f4i tr\u01b0\u1eddng.<\/p>\n<hr data-start=\"859\" data-end=\"862\" \/>\n<h2 data-start=\"864\" data-end=\"915\">\u0110\u1eb7c \u0111i\u1ec3m n\u1ed5i b\u1eadt c\u1ee7a Pro V1 Lake 100% Recycled<\/h2>\n<p data-start=\"916\" data-end=\"1204\">B\u00f3ng Pro V1 Lake \u0111\u01b0\u1ee3c x\u1eed l\u00fd qua quy tr\u00ecnh thu gom v\u00e0 l\u00e0m s\u1ea1ch<strong data-start=\"958\" data-end=\"998\"> b\u1ec1 m\u1eb7t<\/strong>, gi\u00fap b\u00f3ng \u0111\u1ea1t l\u1ea1i h\u00ecnh th\u1ee9c v\u00e0 hi\u1ec7u su\u1ea5t t\u1ed1i \u01b0u. Golfer v\u1eabn c\u00f3 th\u1ec3 t\u1eadn h\u01b0\u1edfng <strong data-start=\"1101\" data-end=\"1160\">\u0111\u1eb7c tr\u01b0ng qu\u1ef9 \u0111\u1ea1o \u1ed5n \u0111\u1ecbnh, spin cao v\u00e0 c\u1ea3m gi\u00e1c m\u1ec1m m\u1ea1i<\/strong> c\u1ee7a Pro V1, nh\u01b0ng v\u1edbi m\u1ee9c gi\u00e1 h\u1ee3p l\u00fd h\u01a1n.<\/p>\n<p data-start=\"1206\" data-end=\"1483\">Ngo\u00e0i ra, vi\u1ec7c s\u1eed d\u1ee5ng b\u00f3ng Lake 100% Recycled c\u00f2n g\u00f3p ph\u1ea7n <strong data-start=\"1266\" data-end=\"1306\">gi\u1ea3m thi\u1ec3u r\u00e1c th\u1ea3i nh\u1ef1a t\u1eeb s\u00e2n golf<\/strong>, gi\u00fap b\u1ea3o v\u1ec7 m\u00f4i tr\u01b0\u1eddng v\u00e0 th\u00fac \u0111\u1ea9y l\u1ed1i ch\u01a1i golf b\u1ec1n v\u1eefng. \u0110\u00e2y l\u00e0 gi\u1ea3i ph\u00e1p th\u00f4ng minh cho nh\u1eefng golfer mu\u1ed1n t\u1eadp luy\u1ec7n th\u01b0\u1eddng xuy\u00ean m\u00e0 kh\u00f4ng ph\u1ea3i chi qu\u00e1 nhi\u1ec1u cho b\u00f3ng m\u1edbi.<\/p>\n<hr data-start=\"1485\" data-end=\"1488\" \/>\n<h2 data-start=\"1490\" data-end=\"1547\">T\u1ea1i sao ch\u1ecdn Pro V1 Lake 100% Recycled t\u1ea1i QuitGolf?<\/h2>\n<ul data-start=\"1549\" data-end=\"1848\">\n<li data-start=\"1549\" data-end=\"1602\">\n<p data-start=\"1551\" data-end=\"1602\">\u2705 S\u1ea3n ph\u1ea9m <strong data-start=\"1562\" data-end=\"1599\">100% ph\u00e2n lo\u1ea1i, l\u00e0m s\u1ea1ch k\u0129 l\u01b0\u1ee1ng<\/strong><\/p>\n<\/li>\n<li data-start=\"1603\" data-end=\"1650\">\n<p data-start=\"1605\" data-end=\"1650\">\u2705 Gi\u00e1 ti\u1ebft ki\u1ec7m h\u01a1n so v\u1edbi b\u00f3ng Pro V1 m\u1edbi.<\/p>\n<\/li>\n<li data-start=\"1651\" data-end=\"1722\">\n<p data-start=\"1653\" data-end=\"1722\">\u2705 V\u1eabn gi\u1eef \u0111\u01b0\u1ee3c <strong data-start=\"1668\" data-end=\"1708\">hi\u1ec7u su\u1ea5t, c\u1ea3m gi\u00e1c &amp; spin \u0111\u1eb7c tr\u01b0ng<\/strong> c\u1ee7a Pro V1.<\/p>\n<\/li>\n<li data-start=\"1723\" data-end=\"1790\">\n<p data-start=\"1725\" data-end=\"1790\">\u2705 L\u1ef1a ch\u1ecdn <strong data-start=\"1736\" data-end=\"1761\">th\u00e2n thi\u1ec7n m\u00f4i tr\u01b0\u1eddng<\/strong>, gi\u1ea3m thi\u1ec3u r\u00e1c th\u1ea3i nh\u1ef1a.<\/p>\n<\/li>\n<li data-start=\"1791\" data-end=\"1848\">\n<p data-start=\"1793\" data-end=\"1848\">\u2705 Giao h\u00e0ng nhanh ch\u00f3ng to\u00e0n qu\u1ed1c, \u0111\u00f3ng g\u00f3i c\u1ea9n th\u1eadn.<\/p>\n<\/li>\n<\/ul>\n<hr data-start=\"1850\" data-end=\"1853\" \/>\n<h2 data-start=\"1855\" data-end=\"1868\">K\u1ebft lu\u1eadn<\/h2>\n<p data-start=\"1869\" data-end=\"2184\">N\u1ebfu b\u1ea1n mu\u1ed1n tr\u1ea3i nghi\u1ec7m b\u00f3ng <strong data-start=\"1899\" data-end=\"1929\">Titleist Pro V1 chu\u1ea9n tour<\/strong> nh\u01b0ng v\u1edbi m\u1ee9c gi\u00e1 <strong data-start=\"1948\" data-end=\"1983\">h\u1ee3p l\u00fd v\u00e0 th\u00e2n thi\u1ec7n m\u00f4i tr\u01b0\u1eddng<\/strong>, th\u00ec <strong data-start=\"1989\" data-end=\"2018\">Pro V1 Lake 100% Recycled<\/strong> ch\u00ednh l\u00e0 l\u1ef1a ch\u1ecdn ho\u00e0n h\u1ea3o. \u0110\u00e2y l\u00e0 gi\u1ea3i ph\u00e1p th\u00f4ng minh cho c\u1ea3 <strong data-start=\"2082\" data-end=\"2117\">luy\u1ec7n t\u1eadp h\u00e0ng ng\u00e0y l\u1eabn thi \u0111\u1ea5u<\/strong>, gi\u00fap golfer ti\u1ebft ki\u1ec7m chi ph\u00ed m\u00e0 v\u1eabn duy tr\u00ec hi\u1ec7u su\u1ea5t \u1ed5n \u0111\u1ecbnh.<\/p>\n<p data-start=\"2186\" data-end=\"2304\">\ud83d\udc49 <strong data-start=\"2189\" data-end=\"2302\">\u0110\u1eb7t mua b\u00f3ng golf Titleist Pro V1 Lake 100% Recycled ngay h\u00f4m nay t\u1ea1i QuitGolf \u0111\u1ec3 nh\u1eadn nhi\u1ec1u \u01b0u \u0111\u00e3i \u0111\u1eb7c bi\u1ec7t!<\/strong><\/p>","protected":false},"excerpt":{"rendered":"<p data-start=\"2338\" data-end=\"2396\"><strong data-start=\"2338\" data-end=\"2364\">100% ph\u00e2n lo\u1ea1i &amp; l\u00e0m s\u1ea1ch<\/strong>\u00a0\u2192 hi\u1ec7u su\u1ea5t g\u1ea7n nh\u01b0 b\u00f3ng m\u1edbi.<\/p>\n<p data-start=\"2399\" data-end=\"2450\"><strong data-start=\"2399\" data-end=\"2430\">Spin cao &amp; c\u1ea3m gi\u00e1c m\u1ec1m m\u1ea1i<\/strong> \u0111\u1eb7c tr\u01b0ng Pro V1.<\/p>\n<p data-start=\"2453\" data-end=\"2487\"><strong data-start=\"2453\" data-end=\"2484\">Qu\u1ef9 \u0111\u1ea1o \u1ed5n \u0111\u1ecbnh &amp; xuy\u00ean gi\u00f3<\/strong>.<\/p>\n<p data-start=\"2490\" data-end=\"2548\">Gi\u1ea3i ph\u00e1p <strong data-start=\"2500\" data-end=\"2545\">ti\u1ebft ki\u1ec7m chi ph\u00ed &amp; th\u00e2n thi\u1ec7n m\u00f4i tr\u01b0\u1eddng<\/strong>.<\/p>\n<p data-start=\"2551\" data-end=\"2621\">L\u00fd t\u01b0\u1edfng cho golfer mu\u1ed1n <strong data-start=\"2576\" data-end=\"2618\">t\u1eadp luy\u1ec7n th\u01b0\u1eddng xuy\u00ean &amp; ch\u01a1i b\u1ec1n v\u1eefng<\/strong>.<\/p>","protected":false},"featured_media":50174,"comment_status":"closed","ping_status":"closed","template":"","meta":{"rank_math_lock_modified_date":false},"product_brand":[786],"product_cat":[917,919],"product_tag":[946],"class_list":{"0":"post-50173","1":"product","2":"type-product","3":"status-publish","4":"has-post-thumbnail","6":"product_brand-titleist","7":"product_cat-bong-golf-cu","8":"product_cat-trung-binh","9":"product_tag-pro-v1-lake","11":"first","12":"instock","13":"taxable","14":"shipping-taxable","15":"purchasable","16":"product-type-simple"},"_links":{"self":[{"href":"https:\/\/quitgolf.vn\/en\/wp-json\/wp\/v2\/product\/50173","targetHints":{"allow":["GET"]}}],"collection":[{"href":"https:\/\/quitgolf.vn\/en\/wp-json\/wp\/v2\/product"}],"about":[{"href":"https:\/\/quitgolf.vn\/en\/wp-json\/wp\/v2\/types\/product"}],"replies":[{"embeddable":true,"href":"https:\/\/quitgolf.vn\/en\/wp-json\/wp\/v2\/comments?post=50173"}],"wp:featuredmedia":[{"embeddable":true,"href":"https:\/\/quitgolf.vn\/en\/wp-json\/wp\/v2\/media\/50174"}],"wp:attachment":[{"href":"https:\/\/quitgolf.vn\/en\/wp-json\/wp\/v2\/media?parent=50173"}],"wp:term":[{"taxonomy":"product_brand","embeddable":true,"href":"https:\/\/quitgolf.vn\/en\/wp-json\/wp\/v2\/product_brand?post=50173"},{"taxonomy":"product_cat","embeddable":true,"href":"https:\/\/quitgolf.vn\/en\/wp-json\/wp\/v2\/product_cat?post=50173"},{"taxonomy":"product_tag","embeddable":true,"href":"https:\/\/quitgolf.vn\/en\/wp-json\/wp\/v2\/product_tag?post=50173"}],"curies":[{"name":"wp","href":"https:\/\/api.w.org\/{rel}","templated":true}]}}